{"id":5004,"date":"2025-04-03T04:31:08","date_gmt":"2025-04-03T04:31:08","guid":{"rendered":"https:\/\/autointerior.eu\/how-to-order\/"},"modified":"2026-02-18T07:51:40","modified_gmt":"2026-02-18T07:51:40","slug":"how-to-order","status":"publish","type":"page","link":"https:\/\/autointerior.eu\/de\/how-to-order\/","title":{"rendered":"How to order?"},"content":{"rendered":"\t\t<div data-elementor-type=\"wp-page\" data-elementor-id=\"5004\" class=\"elementor elementor-5004 elementor-46\" data-elementor-post-type=\"page\">\n\t\t\t\t<div class=\"elementor-element elementor-element-371fdc5 e-flex e-con-boxed e-con e-parent\" data-id=\"371fdc5\" data-element_type=\"container\" data-e-type=\"container\">\n\t\t\t\t\t<div class=\"e-con-inner\">\n\t\t\t\t<div class=\"elementor-element elementor-element-c0d68f9 elementor-widget elementor-widget-heading\" data-id=\"c0d68f9\" data-element_type=\"widget\" data-e-type=\"widget\" data-widget_type=\"heading.default\">\n\t\t\t\t<div class=\"elementor-widget-container\">\n\t\t\t\t\t<h2 class=\"elementor-heading-title elementor-size-default\">So bestellen Sie<\/h2>\t\t\t\t<\/div>\n\t\t\t\t<\/div>\n\t\t\t\t\t<\/div>\n\t\t\t\t<\/div>\n\t\t<div class=\"elementor-element elementor-element-83d9ea3 e-flex e-con-boxed e-con e-parent\" data-id=\"83d9ea3\" data-element_type=\"container\" data-e-type=\"container\">\n\t\t\t\t\t<div class=\"e-con-inner\">\n\t\t\t\t<div class=\"elementor-element elementor-element-6186a33 elementor-widget elementor-widget-text-editor\" data-id=\"6186a33\" data-element_type=\"widget\" data-e-type=\"widget\" data-widget_type=\"text-editor.default\">\n\t\t\t\t<div class=\"elementor-widget-container\">\n\t\t\t\t\t\t\t\t\t<p data-start=\"0\" data-end=\"312\"><strong data-start=\"0\" data-end=\"14\">Schritt 1:<\/strong><br data-start=\"14\" data-end=\"17\" \/>W\u00e4hlen Sie die gew\u00fcnschte Materialkombination \u00fcber unseren Shop und unsere Konfiguratoren oder lassen Sie sich von den Material- und Farbkombinationen in unserer Website-Galerie oder auf unseren Social-Media-Kan\u00e4len inspirieren. Senden Sie uns anschlie\u00dfend eine Anfrage per E-Mail oder WhatsApp.<\/p><p data-start=\"314\" data-end=\"517\"><strong data-start=\"314\" data-end=\"328\">Schritt 2:<\/strong><br data-start=\"328\" data-end=\"331\" \/>Unser Kundenservice kontaktiert Sie per E-Mail oder WhatsApp, um Ihre gew\u00fcnschte Konfiguration zu besprechen, diese exakt an Ihre Sitze anzupassen und Ihnen die Preisdetails mitzuteilen.<\/p><p data-start=\"519\" data-end=\"839\"><strong data-start=\"519\" data-end=\"533\">Schritt 3:<\/strong><br data-start=\"533\" data-end=\"536\" \/>Wir ben\u00f6tigen Fotos Ihrer Sitze und Ihres Fahrzeugs, um das Schnittmuster exakt zu erstellen. Sie k\u00f6nnen sich darauf verlassen, dass wir Spezialisten f\u00fcr Fahrzeuginnenausstattungen sind und jedes Detail mit h\u00f6chster Pr\u00e4zision umsetzen. Bitte \u00fcbermitteln Sie uns au\u00dferdem Ihre Rechnungs- und Lieferdaten.<\/p><p data-start=\"841\" data-end=\"1156\"><strong data-start=\"841\" data-end=\"855\">Schritt 4:<\/strong><br data-start=\"855\" data-end=\"858\" \/>Die Zahlung kann per Bank\u00fcberweisung oder Kreditkarte erfolgen. Wir bieten auch eine 50\/50-Zahlungsoption an. Die regul\u00e4re Lieferzeit betr\u00e4gt bis zu 60 Tage, in der Regel liefern wir jedoch innerhalb eines Monats. F\u00fcr dringende Bestellungen ist eine Expresslieferung innerhalb von 10 Tagen m\u00f6glich.<\/p><p data-start=\"1158\" data-end=\"1308\" data-is-last-node=\"\" data-is-only-node=\"\"><strong data-start=\"1158\" data-end=\"1172\">Schritt 5:<\/strong><br data-start=\"1172\" data-end=\"1175\" \/>Sobald Ihre Bestellung fertig ist, bereiten wir den Versand vor und bieten Ihnen zus\u00e4tzlich einen After-Sales-Service zur Montage an.<\/p>\t\t\t\t\t\t\t\t<\/div>\n\t\t\t\t<\/div>\n\t\t\t\t\t<\/div>\n\t\t\t\t<\/div>\n\t\t\t\t<\/div>\n\t\t","protected":false},"excerpt":{"rendered":"<p>So bestellen Sie Schritt 1:W\u00e4hlen Sie die gew\u00fcnschte Materialkombination \u00fcber unseren Shop und unsere Konfiguratoren oder lassen Sie sich von den Material- und Farbkombinationen in unserer Website-Galerie oder auf unseren Social-Media-Kan\u00e4len inspirieren. Senden Sie uns anschlie\u00dfend eine Anfrage per E-Mail oder WhatsApp. Schritt 2:Unser Kundenservice kontaktiert Sie per E-Mail oder WhatsApp, um Ihre gew\u00fcnschte Konfiguration [&hellip;]<\/p>\n","protected":false},"author":1,"featured_media":0,"parent":0,"menu_order":0,"comment_status":"closed","ping_status":"closed","template":"","meta":{"footnotes":""},"class_list":["post-5004","page","type-page","status-publish","hentry"],"yoast_head":"<!-- This site is optimized with the Yoast SEO plugin v27.4 - https:\/\/yoast.com\/product\/yoast-seo-wordpress\/ -->\n<title>Autositzbez\u00fcge bestellen \u2013 So funktioniert die Bestellung | AutoInterior<\/title>\n<meta name=\"description\" content=\"Erfahren Sie, wie Sie Autositzbez\u00fcge bei AutoInterior bestellen. Einfache Schritte, Konfigurator, Bestellung und Lieferung erkl\u00e4rt.\" \/>\n<meta name=\"robots\" content=\"index, follow, max-snippet:-1, max-image-preview:large, max-video-preview:-1\" \/>\n<link rel=\"canonical\" href=\"https:\/\/autointerior.eu\/de\/how-to-order\/\" \/>\n<meta property=\"og:locale\" content=\"de_DE\" \/>\n<meta property=\"og:type\" content=\"article\" \/>\n<meta property=\"og:title\" content=\"Autositzbez\u00fcge bestellen \u2013 So funktioniert die Bestellung | AutoInterior\" \/>\n<meta property=\"og:description\" content=\"Erfahren Sie, wie Sie Autositzbez\u00fcge bei AutoInterior bestellen. Einfache Schritte, Konfigurator, Bestellung und Lieferung erkl\u00e4rt.\" \/>\n<meta property=\"og:url\" content=\"https:\/\/autointerior.eu\/de\/how-to-order\/\" \/>\n<meta property=\"og:site_name\" content=\"autointerior.eu\" \/>\n<meta property=\"article:modified_time\" content=\"2026-02-18T07:51:40+00:00\" \/>\n<meta name=\"twitter:card\" content=\"summary_large_image\" \/>\n<meta name=\"twitter:label1\" content=\"Gesch\u00e4tzte Lesezeit\" \/>\n\t<meta name=\"twitter:data1\" content=\"1\u00a0Minute\" \/>\n<script type=\"application\/ld+json\" class=\"yoast-schema-graph\">{\"@context\":\"https:\\\/\\\/schema.org\",\"@graph\":[{\"@type\":\"WebPage\",\"@id\":\"https:\\\/\\\/autointerior.eu\\\/de\\\/how-to-order\\\/\",\"url\":\"https:\\\/\\\/autointerior.eu\\\/de\\\/how-to-order\\\/\",\"name\":\"Autositzbez\u00fcge bestellen \u2013 So funktioniert die Bestellung | AutoInterior\",\"isPartOf\":{\"@id\":\"https:\\\/\\\/autointerior.eu\\\/#website\"},\"datePublished\":\"2025-04-03T04:31:08+00:00\",\"dateModified\":\"2026-02-18T07:51:40+00:00\",\"description\":\"Erfahren Sie, wie Sie Autositzbez\u00fcge bei AutoInterior bestellen. Einfache Schritte, Konfigurator, Bestellung und Lieferung erkl\u00e4rt.\",\"breadcrumb\":{\"@id\":\"https:\\\/\\\/autointerior.eu\\\/de\\\/how-to-order\\\/#breadcrumb\"},\"inLanguage\":\"de\",\"potentialAction\":[{\"@type\":\"ReadAction\",\"target\":[\"https:\\\/\\\/autointerior.eu\\\/de\\\/how-to-order\\\/\"]}]},{\"@type\":\"BreadcrumbList\",\"@id\":\"https:\\\/\\\/autointerior.eu\\\/de\\\/how-to-order\\\/#breadcrumb\",\"itemListElement\":[{\"@type\":\"ListItem\",\"position\":1,\"name\":\"Home\",\"item\":\"https:\\\/\\\/autointerior.eu\\\/de\\\/startseite\\\/\"},{\"@type\":\"ListItem\",\"position\":2,\"name\":\"How to order?\"}]},{\"@type\":\"WebSite\",\"@id\":\"https:\\\/\\\/autointerior.eu\\\/#website\",\"url\":\"https:\\\/\\\/autointerior.eu\\\/\",\"name\":\"autointerior.eu\",\"description\":\"Custom car seat covers \u2013 Perfect fit and premium quality\",\"potentialAction\":[{\"@type\":\"SearchAction\",\"target\":{\"@type\":\"EntryPoint\",\"urlTemplate\":\"https:\\\/\\\/autointerior.eu\\\/?s={search_term_string}\"},\"query-input\":{\"@type\":\"PropertyValueSpecification\",\"valueRequired\":true,\"valueName\":\"search_term_string\"}}],\"inLanguage\":\"de\"}]}<\/script>\n<!-- \/ Yoast SEO plugin. -->","yoast_head_json":{"title":"Autositzbez\u00fcge bestellen \u2013 So funktioniert die Bestellung | AutoInterior","description":"Erfahren Sie, wie Sie Autositzbez\u00fcge bei AutoInterior bestellen. Einfache Schritte, Konfigurator, Bestellung und Lieferung erkl\u00e4rt.","robots":{"index":"index","follow":"follow","max-snippet":"max-snippet:-1","max-image-preview":"max-image-preview:large","max-video-preview":"max-video-preview:-1"},"canonical":"https:\/\/autointerior.eu\/de\/how-to-order\/","og_locale":"de_DE","og_type":"article","og_title":"Autositzbez\u00fcge bestellen \u2013 So funktioniert die Bestellung | AutoInterior","og_description":"Erfahren Sie, wie Sie Autositzbez\u00fcge bei AutoInterior bestellen. Einfache Schritte, Konfigurator, Bestellung und Lieferung erkl\u00e4rt.","og_url":"https:\/\/autointerior.eu\/de\/how-to-order\/","og_site_name":"autointerior.eu","article_modified_time":"2026-02-18T07:51:40+00:00","twitter_card":"summary_large_image","twitter_misc":{"Gesch\u00e4tzte Lesezeit":"1\u00a0Minute"},"schema":{"@context":"https:\/\/schema.org","@graph":[{"@type":"WebPage","@id":"https:\/\/autointerior.eu\/de\/how-to-order\/","url":"https:\/\/autointerior.eu\/de\/how-to-order\/","name":"Autositzbez\u00fcge bestellen \u2013 So funktioniert die Bestellung | AutoInterior","isPartOf":{"@id":"https:\/\/autointerior.eu\/#website"},"datePublished":"2025-04-03T04:31:08+00:00","dateModified":"2026-02-18T07:51:40+00:00","description":"Erfahren Sie, wie Sie Autositzbez\u00fcge bei AutoInterior bestellen. Einfache Schritte, Konfigurator, Bestellung und Lieferung erkl\u00e4rt.","breadcrumb":{"@id":"https:\/\/autointerior.eu\/de\/how-to-order\/#breadcrumb"},"inLanguage":"de","potentialAction":[{"@type":"ReadAction","target":["https:\/\/autointerior.eu\/de\/how-to-order\/"]}]},{"@type":"BreadcrumbList","@id":"https:\/\/autointerior.eu\/de\/how-to-order\/#breadcrumb","itemListElement":[{"@type":"ListItem","position":1,"name":"Home","item":"https:\/\/autointerior.eu\/de\/startseite\/"},{"@type":"ListItem","position":2,"name":"How to order?"}]},{"@type":"WebSite","@id":"https:\/\/autointerior.eu\/#website","url":"https:\/\/autointerior.eu\/","name":"autointerior.eu","description":"Custom car seat covers \u2013 Perfect fit and premium quality","potentialAction":[{"@type":"SearchAction","target":{"@type":"EntryPoint","urlTemplate":"https:\/\/autointerior.eu\/?s={search_term_string}"},"query-input":{"@type":"PropertyValueSpecification","valueRequired":true,"valueName":"search_term_string"}}],"inLanguage":"de"}]}},"jetpack_sharing_enabled":true,"_links":{"self":[{"href":"https:\/\/autointerior.eu\/de\/wp-json\/wp\/v2\/pages\/5004","targetHints":{"allow":["GET"]}}],"collection":[{"href":"https:\/\/autointerior.eu\/de\/wp-json\/wp\/v2\/pages"}],"about":[{"href":"https:\/\/autointerior.eu\/de\/wp-json\/wp\/v2\/types\/page"}],"author":[{"embeddable":true,"href":"https:\/\/autointerior.eu\/de\/wp-json\/wp\/v2\/users\/1"}],"replies":[{"embeddable":true,"href":"https:\/\/autointerior.eu\/de\/wp-json\/wp\/v2\/comments?post=5004"}],"version-history":[{"count":4,"href":"https:\/\/autointerior.eu\/de\/wp-json\/wp\/v2\/pages\/5004\/revisions"}],"predecessor-version":[{"id":5012,"href":"https:\/\/autointerior.eu\/de\/wp-json\/wp\/v2\/pages\/5004\/revisions\/5012"}],"wp:attachment":[{"href":"https:\/\/autointerior.eu\/de\/wp-json\/wp\/v2\/media?parent=5004"}],"curies":[{"name":"wp","href":"https:\/\/api.w.org\/{rel}","templated":true}]}}