{"id":5023,"date":"2025-04-03T04:31:31","date_gmt":"2025-04-03T04:31:31","guid":{"rendered":"https:\/\/autointerior.eu\/wie-es-hergestellt-wird\/"},"modified":"2026-01-13T07:32:23","modified_gmt":"2026-01-13T07:32:23","slug":"wie-es-hergestellt-wird","status":"publish","type":"page","link":"https:\/\/autointerior.eu\/de\/wie-es-hergestellt-wird\/","title":{"rendered":"Wie es hergestellt wird"},"content":{"rendered":"\t\t<div data-elementor-type=\"wp-page\" data-elementor-id=\"5023\" class=\"elementor elementor-5023 elementor-48\" data-elementor-post-type=\"page\">\n\t\t\t\t<div class=\"elementor-element elementor-element-d270d09 e-flex e-con-boxed e-con e-parent\" data-id=\"d270d09\" data-element_type=\"container\" data-e-type=\"container\">\n\t\t\t\t\t<div class=\"e-con-inner\">\n\t\t<div class=\"elementor-element elementor-element-f639028 e-con-full e-flex e-con e-child\" data-id=\"f639028\" data-element_type=\"container\" data-e-type=\"container\">\n\t\t\t\t<div class=\"elementor-element elementor-element-6b4084d elementor-widget elementor-widget-heading\" data-id=\"6b4084d\" data-element_type=\"widget\" data-e-type=\"widget\" data-widget_type=\"heading.default\">\n\t\t\t\t<div class=\"elementor-widget-container\">\n\t\t\t\t\t<h2 class=\"elementor-heading-title elementor-size-default\">Es gibt vier \u00fcberzeugende Gr\u00fcnde, sich f\u00fcr unsere Autositzbez\u00fcge zu entscheiden.<\/h2>\t\t\t\t<\/div>\n\t\t\t\t<\/div>\n\t\t\t\t<\/div>\n\t\t\t\t\t<\/div>\n\t\t\t\t<\/div>\n\t\t<div class=\"elementor-element elementor-element-3b50e45 e-flex e-con-boxed e-con e-parent\" data-id=\"3b50e45\" data-element_type=\"container\" data-e-type=\"container\">\n\t\t\t\t\t<div class=\"e-con-inner\">\n\t\t<div class=\"elementor-element elementor-element-83650ba e-con-full e-flex e-con e-child\" data-id=\"83650ba\" data-element_type=\"container\" data-e-type=\"container\">\n\t\t\t\t<div class=\"elementor-element elementor-element-12ad92c elementor-widget elementor-widget-image\" data-id=\"12ad92c\" data-element_type=\"widget\" data-e-type=\"widget\" data-widget_type=\"image.default\">\n\t\t\t\t<div class=\"elementor-widget-container\">\n\t\t\t\t\t\t\t\t\t\t\t\t\t\t\t<img fetchpriority=\"high\" decoding=\"async\" width=\"800\" height=\"600\" src=\"https:\/\/autointerior.eu\/wp-content\/uploads\/2025\/05\/scan-1024x768-1.jpg\" class=\"attachment-large size-large wp-image-2530\" alt=\"\" srcset=\"https:\/\/autointerior.eu\/wp-content\/uploads\/2025\/05\/scan-1024x768-1.jpg 1024w, https:\/\/autointerior.eu\/wp-content\/uploads\/2025\/05\/scan-1024x768-1-600x450.jpg 600w, https:\/\/autointerior.eu\/wp-content\/uploads\/2025\/05\/scan-1024x768-1-300x225.jpg 300w, https:\/\/autointerior.eu\/wp-content\/uploads\/2025\/05\/scan-1024x768-1-768x576.jpg 768w\" sizes=\"(max-width: 800px) 100vw, 800px\" \/>\t\t\t\t\t\t\t\t\t\t\t\t\t\t\t<\/div>\n\t\t\t\t<\/div>\n\t\t\t\t<div class=\"elementor-element elementor-element-a00406b elementor-widget elementor-widget-text-editor\" data-id=\"a00406b\" data-element_type=\"widget\" data-e-type=\"widget\" data-widget_type=\"text-editor.default\">\n\t\t\t\t<div class=\"elementor-widget-container\">\n\t\t\t\t\t\t\t\t\t<p>Wir setzen modernste 3D-Scan-Technologie ein, um Autositzbez\u00fcge mit einer au\u00dfergew\u00f6hnlichen Pr\u00e4zision von 0,2 mm zu fertigen und so eine perfekte Passform zu gew\u00e4hrleisten.<\/p>\t\t\t\t\t\t\t\t<\/div>\n\t\t\t\t<\/div>\n\t\t\t\t<\/div>\n\t\t<div class=\"elementor-element elementor-element-9f60fc4 e-con-full e-flex e-con e-child\" data-id=\"9f60fc4\" data-element_type=\"container\" data-e-type=\"container\">\n\t\t\t\t<div class=\"elementor-element elementor-element-6a423fb elementor-widget elementor-widget-image\" data-id=\"6a423fb\" data-element_type=\"widget\" data-e-type=\"widget\" data-widget_type=\"image.default\">\n\t\t\t\t<div class=\"elementor-widget-container\">\n\t\t\t\t\t\t\t\t\t\t\t\t\t\t\t<img decoding=\"async\" width=\"800\" height=\"600\" data-src=\"https:\/\/autointerior.eu\/wp-content\/uploads\/2025\/05\/leather-1024x768-1.jpg\" class=\"attachment-large size-large wp-image-2522 lazyload\" alt=\"\" data-srcset=\"https:\/\/autointerior.eu\/wp-content\/uploads\/2025\/05\/leather-1024x768-1.jpg 1024w, https:\/\/autointerior.eu\/wp-content\/uploads\/2025\/05\/leather-1024x768-1-600x450.jpg 600w, https:\/\/autointerior.eu\/wp-content\/uploads\/2025\/05\/leather-1024x768-1-300x225.jpg 300w, https:\/\/autointerior.eu\/wp-content\/uploads\/2025\/05\/leather-1024x768-1-768x576.jpg 768w\" data-sizes=\"(max-width: 800px) 100vw, 800px\" src=\"data:image\/svg+xml;base64,PHN2ZyB3aWR0aD0iMSIgaGVpZ2h0PSIxIiB4bWxucz0iaHR0cDovL3d3dy53My5vcmcvMjAwMC9zdmciPjwvc3ZnPg==\" style=\"--smush-placeholder-width: 800px; --smush-placeholder-aspect-ratio: 800\/600;\" \/>\t\t\t\t\t\t\t\t\t\t\t\t\t\t\t<\/div>\n\t\t\t\t<\/div>\n\t\t\t\t<div class=\"elementor-element elementor-element-b491ac0 elementor-widget elementor-widget-text-editor\" data-id=\"b491ac0\" data-element_type=\"widget\" data-e-type=\"widget\" data-widget_type=\"text-editor.default\">\n\t\t\t\t<div class=\"elementor-widget-container\">\n\t\t\t\t\t\t\t\t\t<p>Wir schaffen au\u00dfergew\u00f6hnliche Fahrzeuginnenr\u00e4ume, die die luxuri\u00f6se Optik von Lederlook, echtem italienischem Nappaleder, originalem Alcantara, Dynailka Miko und hochwertigen Automobiltextilien vereinen \u2013 und dabei ein herausragendes Preis-Leistungs-Verh\u00e4ltnis bieten.<\/p>\t\t\t\t\t\t\t\t<\/div>\n\t\t\t\t<\/div>\n\t\t\t\t<\/div>\n\t\t<div class=\"elementor-element elementor-element-c05f59b e-con-full e-flex e-con e-child\" data-id=\"c05f59b\" data-element_type=\"container\" data-e-type=\"container\">\n\t\t\t\t<div class=\"elementor-element elementor-element-1f5e8c6 elementor-widget elementor-widget-image\" data-id=\"1f5e8c6\" data-element_type=\"widget\" data-e-type=\"widget\" data-widget_type=\"image.default\">\n\t\t\t\t<div class=\"elementor-widget-container\">\n\t\t\t\t\t\t\t\t\t\t\t\t\t\t\t<img decoding=\"async\" width=\"800\" height=\"600\" data-src=\"https:\/\/autointerior.eu\/wp-content\/uploads\/2025\/05\/masinadecusut-1024x768-1.jpg\" class=\"attachment-large size-large wp-image-2526 lazyload\" alt=\"\" data-srcset=\"https:\/\/autointerior.eu\/wp-content\/uploads\/2025\/05\/masinadecusut-1024x768-1.jpg 1024w, https:\/\/autointerior.eu\/wp-content\/uploads\/2025\/05\/masinadecusut-1024x768-1-600x450.jpg 600w, https:\/\/autointerior.eu\/wp-content\/uploads\/2025\/05\/masinadecusut-1024x768-1-300x225.jpg 300w, https:\/\/autointerior.eu\/wp-content\/uploads\/2025\/05\/masinadecusut-1024x768-1-768x576.jpg 768w\" data-sizes=\"(max-width: 800px) 100vw, 800px\" src=\"data:image\/svg+xml;base64,PHN2ZyB3aWR0aD0iMSIgaGVpZ2h0PSIxIiB4bWxucz0iaHR0cDovL3d3dy53My5vcmcvMjAwMC9zdmciPjwvc3ZnPg==\" style=\"--smush-placeholder-width: 800px; --smush-placeholder-aspect-ratio: 800\/600;\" \/>\t\t\t\t\t\t\t\t\t\t\t\t\t\t\t<\/div>\n\t\t\t\t<\/div>\n\t\t\t\t<div class=\"elementor-element elementor-element-4a0dd51 elementor-widget elementor-widget-text-editor\" data-id=\"4a0dd51\" data-element_type=\"widget\" data-e-type=\"widget\" data-widget_type=\"text-editor.default\">\n\t\t\t\t<div class=\"elementor-widget-container\">\n\t\t\t\t\t\t\t\t\t<p>Wir verwenden hochpr\u00e4zise Schneidtechniken zur Anfertigung unserer Autositzbez\u00fcge und fertigen diese mit modernster Ausstattung sowie einem engagierten und erfahrenen Team.<\/p>\t\t\t\t\t\t\t\t<\/div>\n\t\t\t\t<\/div>\n\t\t\t\t<\/div>\n\t\t<div class=\"elementor-element elementor-element-2c6258e e-con-full e-flex e-con e-child\" data-id=\"2c6258e\" data-element_type=\"container\" data-e-type=\"container\">\n\t\t\t\t<div class=\"elementor-element elementor-element-519ce80 elementor-widget elementor-widget-image\" data-id=\"519ce80\" data-element_type=\"widget\" data-e-type=\"widget\" data-widget_type=\"image.default\">\n\t\t\t\t<div class=\"elementor-widget-container\">\n\t\t\t\t\t\t\t\t\t\t\t\t\t\t\t<img decoding=\"async\" width=\"800\" height=\"600\" data-src=\"https:\/\/autointerior.eu\/wp-content\/uploads\/2025\/05\/callcenter-1024x768-1.jpg\" class=\"attachment-large size-large wp-image-2518 lazyload\" alt=\"\" data-srcset=\"https:\/\/autointerior.eu\/wp-content\/uploads\/2025\/05\/callcenter-1024x768-1.jpg 1024w, https:\/\/autointerior.eu\/wp-content\/uploads\/2025\/05\/callcenter-1024x768-1-600x450.jpg 600w, https:\/\/autointerior.eu\/wp-content\/uploads\/2025\/05\/callcenter-1024x768-1-300x225.jpg 300w, https:\/\/autointerior.eu\/wp-content\/uploads\/2025\/05\/callcenter-1024x768-1-768x576.jpg 768w\" data-sizes=\"(max-width: 800px) 100vw, 800px\" src=\"data:image\/svg+xml;base64,PHN2ZyB3aWR0aD0iMSIgaGVpZ2h0PSIxIiB4bWxucz0iaHR0cDovL3d3dy53My5vcmcvMjAwMC9zdmciPjwvc3ZnPg==\" style=\"--smush-placeholder-width: 800px; --smush-placeholder-aspect-ratio: 800\/600;\" \/>\t\t\t\t\t\t\t\t\t\t\t\t\t\t\t<\/div>\n\t\t\t\t<\/div>\n\t\t\t\t<div class=\"elementor-element elementor-element-f762e2c elementor-widget elementor-widget-text-editor\" data-id=\"f762e2c\" data-element_type=\"widget\" data-e-type=\"widget\" data-widget_type=\"text-editor.default\">\n\t\t\t\t<div class=\"elementor-widget-container\">\n\t\t\t\t\t\t\t\t\t<p>Unser Kundenservice sorgt daf\u00fcr, dass Sie fundierte Entscheidungen treffen, begleitet Sie durch den gesamten Kaufprozess und bietet umfassenden After-Sales-Support, einschlie\u00dflich Unterst\u00fctzung bei der Montage der Produkte.<\/p>\t\t\t\t\t\t\t\t<\/div>\n\t\t\t\t<\/div>\n\t\t\t\t<\/div>\n\t\t\t\t\t<\/div>\n\t\t\t\t<\/div>\n\t\t<div class=\"elementor-element elementor-element-59b9d74 e-flex e-con-boxed e-con e-parent\" data-id=\"59b9d74\" data-element_type=\"container\" data-e-type=\"container\">\n\t\t\t\t\t<div class=\"e-con-inner\">\n\t\t\t\t<div class=\"elementor-element elementor-element-5a58ac0 elementor-widget elementor-widget-text-editor\" data-id=\"5a58ac0\" data-element_type=\"widget\" data-e-type=\"widget\" data-widget_type=\"text-editor.default\">\n\t\t\t\t<div class=\"elementor-widget-container\">\n\t\t\t\t\t\t\t\t\t<div class=\"relative basis-auto flex-col -mb-(--composer-overlap-px) [--composer-overlap-px:28px] grow flex\"><div class=\"flex flex-col text-sm pb-25\"><article class=\"text-token-text-primary w-full focus:outline-none [--shadow-height:45px] has-data-writing-block:pointer-events-none has-data-writing-block:-mt-(--shadow-height) has-data-writing-block:pt-(--shadow-height) [&amp;:has([data-writing-block])&gt;*]:pointer-events-auto scroll-mt-[calc(var(--header-height)+min(200px,max(70px,20svh)))]\" dir=\"auto\" tabindex=\"-1\" data-turn-id=\"17ddd84b-0f7c-4b5b-b286-00b8bb69f6b9\" data-testid=\"conversation-turn-66\" data-scroll-anchor=\"true\" data-turn=\"assistant\"><div class=\"text-base my-auto mx-auto pb-10 [--thread-content-margin:--spacing(4)] @w-sm\/main:[--thread-content-margin:--spacing(6)] @w-lg\/main:[--thread-content-margin:--spacing(16)] px-(--thread-content-margin)\"><div class=\"[--thread-content-max-width:40rem] @w-lg\/main:[--thread-content-max-width:48rem] mx-auto max-w-(--thread-content-max-width) flex-1 group\/turn-messages focus-visible:outline-hidden relative flex w-full min-w-0 flex-col agent-turn\" tabindex=\"-1\"><div class=\"flex max-w-full flex-col grow\"><div class=\"min-h-8 text-message relative flex w-full flex-col items-end gap-2 text-start break-words whitespace-normal [.text-message+&amp;]:mt-1\" dir=\"auto\" data-message-author-role=\"assistant\" data-message-id=\"2e9ec1ef-0a8b-413b-abd6-c0ac74593234\" data-message-model-slug=\"gpt-5-2\"><div class=\"flex w-full flex-col gap-1 empty:hidden first:pt-[1px]\"><div class=\"markdown prose dark:prose-invert w-full break-words light markdown-new-styling\"><p data-start=\"0\" data-end=\"511\">Wir sind ein dynamisches Team von Experten f\u00fcr Fahrzeuginnenausstattungen, gegr\u00fcndet vor 14 Jahren, spezialisiert auf die Montage und den Vertrieb von Auto-Innenr\u00e4umen. Im Jahr 2020 haben wir unsere T\u00e4tigkeit auf die eigene Produktion ausgeweitet und setzen dabei die neuesten Technologien der Automobilindustrie ein. Unser konsequenter Fokus auf Innovation erm\u00f6glicht es uns, au\u00dfergew\u00f6hnliche Produkte mit wegweisenden Entwicklungen zu liefern \u2013 hochwertige Fahrzeuginnenr\u00e4ume, wie man sie bisher nicht kannte.<\/p><p data-start=\"513\" data-end=\"540\"><strong data-start=\"513\" data-end=\"540\">Wie es hergestellt wird<\/strong><\/p><p data-start=\"542\" data-end=\"819\"><strong data-start=\"542\" data-end=\"570\">1. Modellidentifikation:<\/strong><br data-start=\"570\" data-end=\"573\" \/>Der erste Schritt besteht darin, das Fahrzeugmodell des Kunden, den Sitztyp und die gew\u00fcnschte Konfiguration zu identifizieren. So k\u00f6nnen wir das entsprechende Modell bei lokalen Autoh\u00e4usern recherchieren und das korrekte Schnittmuster bestimmen.<\/p><p data-start=\"821\" data-end=\"1189\"><strong data-start=\"821\" data-end=\"866\">2. 3D-Scanning &amp; Schnittmustererstellung:<\/strong><br data-start=\"866\" data-end=\"869\" \/>Anschlie\u00dfend f\u00fchren wir den 3D-Scan durch, der in der Regel etwa 5\u20136 Stunden dauert. Die Erstellung des Schnittmusters ist ein \u00e4u\u00dferst pr\u00e4ziser Prozess und nimmt ungef\u00e4hr 16\u201320 Stunden in Anspruch. Obwohl wir bereits \u00fcber zahlreiche dokumentierte Schnittmuster verf\u00fcgen, entwickeln wir j\u00e4hrlich etwa 120\u2013170 neue Muster.<\/p><p data-start=\"1191\" data-end=\"1652\"><strong data-start=\"1191\" data-end=\"1229\">3. Materialauswahl &amp; Vorbereitung:<\/strong><br data-start=\"1229\" data-end=\"1232\" \/>Bei der Auswahl von Leder und weiteren Materialien achten wir sorgf\u00e4ltig darauf, m\u00f6gliche Unregelm\u00e4\u00dfigkeiten bereits vor dem Zuschnitt auszuschlie\u00dfen. Rund 80 % unserer Materialien sind bereits werkseitig mit einem speziellen 3-Schicht-Verfahren laminiert. Leder und ausgew\u00e4hlte Materialien laminieren wir jedoch auch selbst. Unsere propriet\u00e4re 3-Schicht-Laminierung erh\u00f6ht sowohl den Komfort als auch die Langlebigkeit.<\/p><p data-start=\"1654\" data-end=\"1860\"><strong data-start=\"1654\" data-end=\"1684\">4. Pr\u00e4zision im Zuschnitt:<\/strong><br data-start=\"1684\" data-end=\"1687\" \/>Nach der Vorbereitung gelangen die Materialien in unseren Zuschnittbereich, wo wir eine spezialisierte CNC-Schneidemaschine einsetzen, um h\u00f6chste Pr\u00e4zision zu gew\u00e4hrleisten.<\/p><p data-start=\"1862\" data-end=\"2113\"><strong data-start=\"1862\" data-end=\"1894\">5. Exzellenz in der N\u00e4herei:<\/strong><br data-start=\"1894\" data-end=\"1897\" \/>Unsere N\u00e4habteilung zeichnet sich durch erstklassige Vorbereitung und umfassendes Fachwissen aus. Mit modernsten N\u00e4hmaschinen sorgt unser erfahrenes Team f\u00fcr h\u00f6chste handwerkliche Qualit\u00e4t in jedem einzelnen Produkt.<\/p><p data-start=\"2115\" data-end=\"2350\"><strong data-start=\"2115\" data-end=\"2151\">6. Pr\u00fcfung &amp; finale Anpassungen:<\/strong><br data-start=\"2151\" data-end=\"2154\" \/>Vor der Auslieferung wird jedes Produkt gr\u00fcndlich getestet. Eventuell erforderliche Anpassungen werden in dieser Phase vorgenommen, damit unsere Kunden ausschlie\u00dflich perfekte Ergebnisse erhalten.<\/p><p data-start=\"2352\" data-end=\"2519\" data-is-last-node=\"\" data-is-only-node=\"\"><strong data-start=\"2352\" data-end=\"2380\">7. Verpackung &amp; Versand:<\/strong><br data-start=\"2380\" data-end=\"2383\" \/>Nach einer abschlie\u00dfenden Kontrolle verpacken wir alle Komponenten sorgf\u00e4ltig und versenden das Produkt sicher an seinen Bestimmungsort.<\/p><\/div><\/div><\/div><\/div><div class=\"z-0 flex min-h-[46px] justify-start\">\u00a0<\/div><div class=\"mt-3 w-full empty:hidden\">\u00a0<\/div><\/div><\/div><\/article><\/div><\/div><div id=\"thread-bottom-container\" class=\"sticky bottom-0 group\/thread-bottom-container relative isolate z-10 w-full basis-auto has-data-has-thread-error:pt-2 has-data-has-thread-error:[box-shadow:var(--sharp-edge-bottom-shadow)] md:border-transparent md:pt-0 dark:border-white\/20 md:dark:border-transparent print:hidden content-fade single-line\"><div class=\"text-base mx-auto [--thread-content-margin:--spacing(4)] @w-sm\/main:[--thread-content-margin:--spacing(6)] @w-lg\/main:[--thread-content-margin:--spacing(16)] px-(--thread-content-margin)\"><div class=\"[--thread-content-max-width:40rem] @w-lg\/main:[--thread-content-max-width:48rem] mx-auto max-w-(--thread-content-max-width) flex-1 mb-4\"><div class=\"pointer-events-auto relative z-1 flex h-(--composer-container-height,100%) max-w-full flex-(--composer-container-flex,1) flex-col\"><form class=\"group\/composer w-full\" data-type=\"unified-composer\"><div class=\"\"><div class=\"bg-token-bg-primary corner-superellipse\/1.1 cursor-text overflow-clip bg-clip-padding p-2.5 contain-inline-size dark:bg-[#303030] grid grid-cols-[auto_1fr_auto] [grid-template-areas:'header_header_header'_'leading_primary_trailing'_'._footer_.'] group-data-expanded\/composer:[grid-template-areas:'header_header_header'_'primary_primary_primary'_'leading_footer_trailing'] shadow-short\"><div class=\"-my-2.5 flex min-h-14 items-center overflow-x-hidden px-1.5 [grid-area:primary] group-data-expanded\/composer:mb-0 group-data-expanded\/composer:px-2.5\"><div class=\"wcDTda_prosemirror-parent text-token-text-primary max-h-[max(30svh,5rem)] max-h-52 min-h-[var(--deep-research-composer-extra-height,unset)] flex-1 overflow-auto [scrollbar-width:thin] default-browser vertical-scroll-fade-mask\"><div id=\"prompt-textarea\" class=\"ProseMirror\" contenteditable=\"true\" translate=\"no\" data-virtualkeyboard=\"true\">\u00a0<\/div><\/div><\/div><\/div><\/div><\/form><\/div><\/div><\/div><\/div>\t\t\t\t\t\t\t\t<\/div>\n\t\t\t\t<\/div>\n\t\t\t\t\t<\/div>\n\t\t\t\t<\/div>\n\t\t\t\t<\/div>\n\t\t","protected":false},"excerpt":{"rendered":"<p>Es gibt vier \u00fcberzeugende Gr\u00fcnde, sich f\u00fcr unsere Autositzbez\u00fcge zu entscheiden. Wir setzen modernste 3D-Scan-Technologie ein, um Autositzbez\u00fcge mit einer au\u00dfergew\u00f6hnlichen Pr\u00e4zision von 0,2 mm zu fertigen und so eine perfekte Passform zu gew\u00e4hrleisten. Wir schaffen au\u00dfergew\u00f6hnliche Fahrzeuginnenr\u00e4ume, die die luxuri\u00f6se Optik von Lederlook, echtem italienischem Nappaleder, originalem Alcantara, Dynailka Miko und hochwertigen Automobiltextilien vereinen [&hellip;]<\/p>\n","protected":false},"author":1,"featured_media":0,"parent":0,"menu_order":0,"comment_status":"closed","ping_status":"closed","template":"","meta":{"footnotes":""},"class_list":["post-5023","page","type-page","status-publish","hentry"],"yoast_head":"<!-- This site is optimized with the Yoast SEO plugin v27.5 - https:\/\/yoast.com\/product\/yoast-seo-wordpress\/ -->\n<title>Wie es hergestellt wird - autointerior.eu Herstellung von Autositzbez\u00fcgen \u2013 So werden sie gefertigt | AutoInterior<\/title>\n<meta name=\"description\" content=\"Erfahren Sie, wie Autositzbez\u00fcge hergestellt werden. Pr\u00e4zise Fertigung, hochwertige Materialien und handwerkliche Verarbeitung.\" \/>\n<meta name=\"robots\" content=\"index, follow, max-snippet:-1, max-image-preview:large, max-video-preview:-1\" \/>\n<link rel=\"canonical\" href=\"https:\/\/autointerior.eu\/de\/wie-es-hergestellt-wird\/\" \/>\n<meta property=\"og:locale\" content=\"de_DE\" \/>\n<meta property=\"og:type\" content=\"article\" \/>\n<meta property=\"og:title\" content=\"Wie es hergestellt wird - autointerior.eu Herstellung von Autositzbez\u00fcgen \u2013 So werden sie gefertigt | AutoInterior\" \/>\n<meta property=\"og:description\" content=\"Erfahren Sie, wie Autositzbez\u00fcge hergestellt werden. Pr\u00e4zise Fertigung, hochwertige Materialien und handwerkliche Verarbeitung.\" \/>\n<meta property=\"og:url\" content=\"https:\/\/autointerior.eu\/de\/wie-es-hergestellt-wird\/\" \/>\n<meta property=\"og:site_name\" content=\"autointerior.eu\" \/>\n<meta property=\"article:modified_time\" content=\"2026-01-13T07:32:23+00:00\" \/>\n<meta property=\"og:image\" content=\"https:\/\/autointerior.eu\/wp-content\/uploads\/2025\/05\/scan-1024x768-1.jpg\" \/>\n<meta name=\"twitter:card\" content=\"summary_large_image\" \/>\n<meta name=\"twitter:label1\" content=\"Gesch\u00e4tzte Lesezeit\" \/>\n\t<meta name=\"twitter:data1\" content=\"3\u00a0Minuten\" \/>\n<script type=\"application\/ld+json\" class=\"yoast-schema-graph\">{\"@context\":\"https:\\\/\\\/schema.org\",\"@graph\":[{\"@type\":\"WebPage\",\"@id\":\"https:\\\/\\\/autointerior.eu\\\/de\\\/wie-es-hergestellt-wird\\\/\",\"url\":\"https:\\\/\\\/autointerior.eu\\\/de\\\/wie-es-hergestellt-wird\\\/\",\"name\":\"Wie es hergestellt wird - autointerior.eu Herstellung von Autositzbez\u00fcgen \u2013 So werden sie gefertigt | AutoInterior\",\"isPartOf\":{\"@id\":\"https:\\\/\\\/autointerior.eu\\\/#website\"},\"primaryImageOfPage\":{\"@id\":\"https:\\\/\\\/autointerior.eu\\\/de\\\/wie-es-hergestellt-wird\\\/#primaryimage\"},\"image\":{\"@id\":\"https:\\\/\\\/autointerior.eu\\\/de\\\/wie-es-hergestellt-wird\\\/#primaryimage\"},\"thumbnailUrl\":\"https:\\\/\\\/autointerior.eu\\\/wp-content\\\/uploads\\\/2025\\\/05\\\/scan-1024x768-1.jpg\",\"datePublished\":\"2025-04-03T04:31:31+00:00\",\"dateModified\":\"2026-01-13T07:32:23+00:00\",\"description\":\"Erfahren Sie, wie Autositzbez\u00fcge hergestellt werden. Pr\u00e4zise Fertigung, hochwertige Materialien und handwerkliche Verarbeitung.\",\"breadcrumb\":{\"@id\":\"https:\\\/\\\/autointerior.eu\\\/de\\\/wie-es-hergestellt-wird\\\/#breadcrumb\"},\"inLanguage\":\"de\",\"potentialAction\":[{\"@type\":\"ReadAction\",\"target\":[\"https:\\\/\\\/autointerior.eu\\\/de\\\/wie-es-hergestellt-wird\\\/\"]}]},{\"@type\":\"ImageObject\",\"inLanguage\":\"de\",\"@id\":\"https:\\\/\\\/autointerior.eu\\\/de\\\/wie-es-hergestellt-wird\\\/#primaryimage\",\"url\":\"https:\\\/\\\/autointerior.eu\\\/wp-content\\\/uploads\\\/2025\\\/05\\\/scan-1024x768-1.jpg\",\"contentUrl\":\"https:\\\/\\\/autointerior.eu\\\/wp-content\\\/uploads\\\/2025\\\/05\\\/scan-1024x768-1.jpg\"},{\"@type\":\"BreadcrumbList\",\"@id\":\"https:\\\/\\\/autointerior.eu\\\/de\\\/wie-es-hergestellt-wird\\\/#breadcrumb\",\"itemListElement\":[{\"@type\":\"ListItem\",\"position\":1,\"name\":\"Home\",\"item\":\"https:\\\/\\\/autointerior.eu\\\/de\\\/startseite\\\/\"},{\"@type\":\"ListItem\",\"position\":2,\"name\":\"Wie es hergestellt wird\"}]},{\"@type\":\"WebSite\",\"@id\":\"https:\\\/\\\/autointerior.eu\\\/#website\",\"url\":\"https:\\\/\\\/autointerior.eu\\\/\",\"name\":\"autointerior.eu\",\"description\":\"Custom car seat covers \u2013 Perfect fit and premium quality\",\"potentialAction\":[{\"@type\":\"SearchAction\",\"target\":{\"@type\":\"EntryPoint\",\"urlTemplate\":\"https:\\\/\\\/autointerior.eu\\\/?s={search_term_string}\"},\"query-input\":{\"@type\":\"PropertyValueSpecification\",\"valueRequired\":true,\"valueName\":\"search_term_string\"}}],\"inLanguage\":\"de\"}]}<\/script>\n<!-- \/ Yoast SEO plugin. -->","yoast_head_json":{"title":"Wie es hergestellt wird - autointerior.eu Herstellung von Autositzbez\u00fcgen \u2013 So werden sie gefertigt | AutoInterior","description":"Erfahren Sie, wie Autositzbez\u00fcge hergestellt werden. Pr\u00e4zise Fertigung, hochwertige Materialien und handwerkliche Verarbeitung.","robots":{"index":"index","follow":"follow","max-snippet":"max-snippet:-1","max-image-preview":"max-image-preview:large","max-video-preview":"max-video-preview:-1"},"canonical":"https:\/\/autointerior.eu\/de\/wie-es-hergestellt-wird\/","og_locale":"de_DE","og_type":"article","og_title":"Wie es hergestellt wird - autointerior.eu Herstellung von Autositzbez\u00fcgen \u2013 So werden sie gefertigt | AutoInterior","og_description":"Erfahren Sie, wie Autositzbez\u00fcge hergestellt werden. Pr\u00e4zise Fertigung, hochwertige Materialien und handwerkliche Verarbeitung.","og_url":"https:\/\/autointerior.eu\/de\/wie-es-hergestellt-wird\/","og_site_name":"autointerior.eu","article_modified_time":"2026-01-13T07:32:23+00:00","og_image":[{"url":"https:\/\/autointerior.eu\/wp-content\/uploads\/2025\/05\/scan-1024x768-1.jpg","type":"","width":"","height":""}],"twitter_card":"summary_large_image","twitter_misc":{"Gesch\u00e4tzte Lesezeit":"3\u00a0Minuten"},"schema":{"@context":"https:\/\/schema.org","@graph":[{"@type":"WebPage","@id":"https:\/\/autointerior.eu\/de\/wie-es-hergestellt-wird\/","url":"https:\/\/autointerior.eu\/de\/wie-es-hergestellt-wird\/","name":"Wie es hergestellt wird - autointerior.eu Herstellung von Autositzbez\u00fcgen \u2013 So werden sie gefertigt | AutoInterior","isPartOf":{"@id":"https:\/\/autointerior.eu\/#website"},"primaryImageOfPage":{"@id":"https:\/\/autointerior.eu\/de\/wie-es-hergestellt-wird\/#primaryimage"},"image":{"@id":"https:\/\/autointerior.eu\/de\/wie-es-hergestellt-wird\/#primaryimage"},"thumbnailUrl":"https:\/\/autointerior.eu\/wp-content\/uploads\/2025\/05\/scan-1024x768-1.jpg","datePublished":"2025-04-03T04:31:31+00:00","dateModified":"2026-01-13T07:32:23+00:00","description":"Erfahren Sie, wie Autositzbez\u00fcge hergestellt werden. Pr\u00e4zise Fertigung, hochwertige Materialien und handwerkliche Verarbeitung.","breadcrumb":{"@id":"https:\/\/autointerior.eu\/de\/wie-es-hergestellt-wird\/#breadcrumb"},"inLanguage":"de","potentialAction":[{"@type":"ReadAction","target":["https:\/\/autointerior.eu\/de\/wie-es-hergestellt-wird\/"]}]},{"@type":"ImageObject","inLanguage":"de","@id":"https:\/\/autointerior.eu\/de\/wie-es-hergestellt-wird\/#primaryimage","url":"https:\/\/autointerior.eu\/wp-content\/uploads\/2025\/05\/scan-1024x768-1.jpg","contentUrl":"https:\/\/autointerior.eu\/wp-content\/uploads\/2025\/05\/scan-1024x768-1.jpg"},{"@type":"BreadcrumbList","@id":"https:\/\/autointerior.eu\/de\/wie-es-hergestellt-wird\/#breadcrumb","itemListElement":[{"@type":"ListItem","position":1,"name":"Home","item":"https:\/\/autointerior.eu\/de\/startseite\/"},{"@type":"ListItem","position":2,"name":"Wie es hergestellt wird"}]},{"@type":"WebSite","@id":"https:\/\/autointerior.eu\/#website","url":"https:\/\/autointerior.eu\/","name":"autointerior.eu","description":"Custom car seat covers \u2013 Perfect fit and premium quality","potentialAction":[{"@type":"SearchAction","target":{"@type":"EntryPoint","urlTemplate":"https:\/\/autointerior.eu\/?s={search_term_string}"},"query-input":{"@type":"PropertyValueSpecification","valueRequired":true,"valueName":"search_term_string"}}],"inLanguage":"de"}]}},"jetpack_sharing_enabled":true,"_links":{"self":[{"href":"https:\/\/autointerior.eu\/de\/wp-json\/wp\/v2\/pages\/5023","targetHints":{"allow":["GET"]}}],"collection":[{"href":"https:\/\/autointerior.eu\/de\/wp-json\/wp\/v2\/pages"}],"about":[{"href":"https:\/\/autointerior.eu\/de\/wp-json\/wp\/v2\/types\/page"}],"author":[{"embeddable":true,"href":"https:\/\/autointerior.eu\/de\/wp-json\/wp\/v2\/users\/1"}],"replies":[{"embeddable":true,"href":"https:\/\/autointerior.eu\/de\/wp-json\/wp\/v2\/comments?post=5023"}],"version-history":[{"count":5,"href":"https:\/\/autointerior.eu\/de\/wp-json\/wp\/v2\/pages\/5023\/revisions"}],"predecessor-version":[{"id":5029,"href":"https:\/\/autointerior.eu\/de\/wp-json\/wp\/v2\/pages\/5023\/revisions\/5029"}],"wp:attachment":[{"href":"https:\/\/autointerior.eu\/de\/wp-json\/wp\/v2\/media?parent=5023"}],"curies":[{"name":"wp","href":"https:\/\/api.w.org\/{rel}","templated":true}]}}