{"id":5031,"date":"2025-04-03T04:32:21","date_gmt":"2025-04-03T04:32:21","guid":{"rendered":"https:\/\/autointerior.eu\/fitting\/"},"modified":"2026-01-13T07:29:34","modified_gmt":"2026-01-13T07:29:34","slug":"fitting","status":"publish","type":"page","link":"https:\/\/autointerior.eu\/de\/fitting\/","title":{"rendered":"Fitting"},"content":{"rendered":"\t\t<div data-elementor-type=\"wp-page\" data-elementor-id=\"5031\" class=\"elementor elementor-5031 elementor-52\" data-elementor-post-type=\"page\">\n\t\t\t\t<div class=\"elementor-element elementor-element-6f80006 e-flex e-con-boxed e-con e-parent\" data-id=\"6f80006\" data-element_type=\"container\" data-e-type=\"container\">\n\t\t\t\t\t<div class=\"e-con-inner\">\n\t\t\t\t<div class=\"elementor-element elementor-element-2c90c89 elementor-widget elementor-widget-text-editor\" data-id=\"2c90c89\" data-element_type=\"widget\" data-e-type=\"widget\" data-widget_type=\"text-editor.default\">\n\t\t\t\t<div class=\"elementor-widget-container\">\n\t\t\t\t\t\t\t\t\t<p data-start=\"0\" data-end=\"57\"><strong data-start=\"0\" data-end=\"57\">Montageanleitung f\u00fcr unsere ma\u00dfgefertigten Sitzbez\u00fcge<\/strong><\/p><p data-start=\"59\" data-end=\"334\">Die Montage unserer ma\u00dfgefertigten Sitzbez\u00fcge ist ein sorgf\u00e4ltiger Prozess, der Genauigkeit und Aufmerksamkeit f\u00fcr Details erfordert. Um eine perfekte Passform zu gew\u00e4hrleisten und m\u00f6gliche Probleme zu vermeiden, beachten Sie bitte die folgenden Hinweise, bevor Sie beginnen:<\/p><p data-start=\"336\" data-end=\"521\"><strong data-start=\"336\" data-end=\"352\">Montagezeit:<\/strong><br data-start=\"352\" data-end=\"355\" \/>F\u00fcr ein Fahrzeug mit 5 Sitzpl\u00e4tzen sollten Sie eine Montagezeit von etwa 3 bis 7 Stunden einplanen. Stellen Sie sicher, dass Sie ausreichend Zeit zur Verf\u00fcgung haben.<\/p><p data-start=\"523\" data-end=\"674\"><strong data-start=\"523\" data-end=\"538\">Teamarbeit:<\/strong><br data-start=\"538\" data-end=\"541\" \/>Wir empfehlen dringend, die Montage mit zwei Personen durchzuf\u00fchren. Dies erleichtert den Ablauf erheblich und macht ihn effizienter.<\/p><p data-start=\"676\" data-end=\"887\"><strong data-start=\"676\" data-end=\"700\">Ben\u00f6tigtes Werkzeug:<\/strong><br data-start=\"700\" data-end=\"703\" \/>Halten Sie vor Beginn einen vollst\u00e4ndigen Werkzeugsatz bereit. Stellen Sie sicher, dass alle erforderlichen Werkzeuge vorhanden sind, um Verz\u00f6gerungen w\u00e4hrend der Montage zu vermeiden.<\/p><p data-start=\"889\" data-end=\"1116\"><strong data-start=\"889\" data-end=\"913\">Demontage der Sitze:<\/strong><br data-start=\"913\" data-end=\"916\" \/>F\u00fcr eine perfekte Passform kann es notwendig sein, die Sitze auszubauen. Bei einigen Fahrzeugmodellen muss zudem die 12-V-Batterie abgeklemmt werden, um Fehlermeldungen im Armaturenbrett zu vermeiden.<\/p><p data-start=\"1118\" data-end=\"1343\"><strong data-start=\"1118\" data-end=\"1130\">Wichtig:<\/strong><br data-start=\"1130\" data-end=\"1133\" \/>Wir empfehlen ausdr\u00fccklich, vor Beginn der Montage Kontakt mit uns aufzunehmen, um fahrzeugspezifische Anweisungen zu erhalten. Dies hilft, Komplikationen zu vermeiden und das bestm\u00f6gliche Ergebnis zu erzielen.<\/p><hr data-start=\"1345\" data-end=\"1348\" \/><h3 data-start=\"1350\" data-end=\"1411\"><strong data-start=\"1354\" data-end=\"1411\">Nachbearbeitung nach der Montage (Gl\u00e4tten \/ Erw\u00e4rmen)<\/strong><\/h3><p data-start=\"1413\" data-end=\"1582\"><strong data-start=\"1413\" data-end=\"1448\">Textil- und Alcantara-Bereiche:<\/strong><br data-start=\"1448\" data-end=\"1451\" \/>F\u00fcr ein optimales Erscheinungsbild empfehlen wir, die Textil- und Alcantara-Teile der Bez\u00fcge nach der Montage mit Dampf zu gl\u00e4tten.<\/p><p data-start=\"1584\" data-end=\"1759\"><strong data-start=\"1584\" data-end=\"1623\">Echtleder- und Lederoptik-Bereiche:<\/strong><br data-start=\"1623\" data-end=\"1626\" \/>F\u00fcr Echtleder- und Lederoptik-Materialien empfehlen wir die Verwendung eines professionellen Hei\u00dfluftger\u00e4ts bei mittlerer Temperatur.<\/p><ul data-start=\"1761\" data-end=\"2043\"><li data-start=\"1761\" data-end=\"1882\"><p data-start=\"1763\" data-end=\"1882\"><strong data-start=\"1763\" data-end=\"1777\">Echtleder:<\/strong><br data-start=\"1777\" data-end=\"1780\" \/>Vertr\u00e4gt h\u00f6here Temperaturen, sodass bei Bedarf etwas mehr W\u00e4rme und Druck angewendet werden k\u00f6nnen.<\/p><\/li><li data-start=\"1883\" data-end=\"2043\"><p data-start=\"1885\" data-end=\"2043\"><strong data-start=\"1885\" data-end=\"1900\">Lederoptik:<\/strong><br data-start=\"1900\" data-end=\"1903\" \/>Muss vorsichtig erw\u00e4rmt werden, um ein Schmelzen zu vermeiden. Bitte die W\u00e4rme nur sanft anwenden, damit das Material unbesch\u00e4digt bleibt.<\/p><\/li><\/ul><hr data-start=\"2045\" data-end=\"2048\" \/><p data-start=\"2050\" data-end=\"2221\" data-is-last-node=\"\" data-is-only-node=\"\">Wir stellen f\u00fcr jedes Fahrzeugmodell spezifische Montageanleitungen zur Verf\u00fcgung.<br data-start=\"2132\" data-end=\"2135\" \/>Bitte kontaktieren Sie uns, um die f\u00fcr Ihr Fahrzeug passenden Anweisungen zu erhalten.<\/p>\t\t\t\t\t\t\t\t<\/div>\n\t\t\t\t<\/div>\n\t\t\t\t\t<\/div>\n\t\t\t\t<\/div>\n\t\t\t\t<\/div>\n\t\t","protected":false},"excerpt":{"rendered":"<p>Montageanleitung f\u00fcr unsere ma\u00dfgefertigten Sitzbez\u00fcge Die Montage unserer ma\u00dfgefertigten Sitzbez\u00fcge ist ein sorgf\u00e4ltiger Prozess, der Genauigkeit und Aufmerksamkeit f\u00fcr Details erfordert. Um eine perfekte Passform zu gew\u00e4hrleisten und m\u00f6gliche Probleme zu vermeiden, beachten Sie bitte die folgenden Hinweise, bevor Sie beginnen: Montagezeit:F\u00fcr ein Fahrzeug mit 5 Sitzpl\u00e4tzen sollten Sie eine Montagezeit von etwa 3 bis [&hellip;]<\/p>\n","protected":false},"author":1,"featured_media":0,"parent":0,"menu_order":0,"comment_status":"closed","ping_status":"closed","template":"","meta":{"footnotes":""},"class_list":["post-5031","page","type-page","status-publish","hentry"],"yoast_head":"<!-- This site is optimized with the Yoast SEO plugin v27.4 - https:\/\/yoast.com\/product\/yoast-seo-wordpress\/ -->\n<title>Autositzbez\u00fcge Montage \u2013 Einbauanleitung | AutoInterior<\/title>\n<meta name=\"description\" content=\"Anleitung zur Montage von Autositzbez\u00fcgen. Schritt-f\u00fcr-Schritt Einbau f\u00fcr eine korrekte Passform und sicheren Sitz.\" \/>\n<meta name=\"robots\" content=\"index, follow, max-snippet:-1, max-image-preview:large, max-video-preview:-1\" \/>\n<link rel=\"canonical\" href=\"https:\/\/autointerior.eu\/de\/fitting\/\" \/>\n<meta property=\"og:locale\" content=\"de_DE\" \/>\n<meta property=\"og:type\" content=\"article\" \/>\n<meta property=\"og:title\" content=\"Autositzbez\u00fcge Montage \u2013 Einbauanleitung | AutoInterior\" \/>\n<meta property=\"og:description\" content=\"Anleitung zur Montage von Autositzbez\u00fcgen. Schritt-f\u00fcr-Schritt Einbau f\u00fcr eine korrekte Passform und sicheren Sitz.\" \/>\n<meta property=\"og:url\" content=\"https:\/\/autointerior.eu\/de\/fitting\/\" \/>\n<meta property=\"og:site_name\" content=\"autointerior.eu\" \/>\n<meta property=\"article:modified_time\" content=\"2026-01-13T07:29:34+00:00\" \/>\n<meta name=\"twitter:card\" content=\"summary_large_image\" \/>\n<meta name=\"twitter:label1\" content=\"Gesch\u00e4tzte Lesezeit\" \/>\n\t<meta name=\"twitter:data1\" content=\"2\u00a0Minuten\" \/>\n<script type=\"application\/ld+json\" class=\"yoast-schema-graph\">{\"@context\":\"https:\\\/\\\/schema.org\",\"@graph\":[{\"@type\":\"WebPage\",\"@id\":\"https:\\\/\\\/autointerior.eu\\\/de\\\/fitting\\\/\",\"url\":\"https:\\\/\\\/autointerior.eu\\\/de\\\/fitting\\\/\",\"name\":\"Autositzbez\u00fcge Montage \u2013 Einbauanleitung | AutoInterior\",\"isPartOf\":{\"@id\":\"https:\\\/\\\/autointerior.eu\\\/#website\"},\"datePublished\":\"2025-04-03T04:32:21+00:00\",\"dateModified\":\"2026-01-13T07:29:34+00:00\",\"description\":\"Anleitung zur Montage von Autositzbez\u00fcgen. Schritt-f\u00fcr-Schritt Einbau f\u00fcr eine korrekte Passform und sicheren Sitz.\",\"breadcrumb\":{\"@id\":\"https:\\\/\\\/autointerior.eu\\\/de\\\/fitting\\\/#breadcrumb\"},\"inLanguage\":\"de\",\"potentialAction\":[{\"@type\":\"ReadAction\",\"target\":[\"https:\\\/\\\/autointerior.eu\\\/de\\\/fitting\\\/\"]}]},{\"@type\":\"BreadcrumbList\",\"@id\":\"https:\\\/\\\/autointerior.eu\\\/de\\\/fitting\\\/#breadcrumb\",\"itemListElement\":[{\"@type\":\"ListItem\",\"position\":1,\"name\":\"Home\",\"item\":\"https:\\\/\\\/autointerior.eu\\\/de\\\/startseite\\\/\"},{\"@type\":\"ListItem\",\"position\":2,\"name\":\"Fitting\"}]},{\"@type\":\"WebSite\",\"@id\":\"https:\\\/\\\/autointerior.eu\\\/#website\",\"url\":\"https:\\\/\\\/autointerior.eu\\\/\",\"name\":\"autointerior.eu\",\"description\":\"Custom car seat covers \u2013 Perfect fit and premium quality\",\"potentialAction\":[{\"@type\":\"SearchAction\",\"target\":{\"@type\":\"EntryPoint\",\"urlTemplate\":\"https:\\\/\\\/autointerior.eu\\\/?s={search_term_string}\"},\"query-input\":{\"@type\":\"PropertyValueSpecification\",\"valueRequired\":true,\"valueName\":\"search_term_string\"}}],\"inLanguage\":\"de\"}]}<\/script>\n<!-- \/ Yoast SEO plugin. -->","yoast_head_json":{"title":"Autositzbez\u00fcge Montage \u2013 Einbauanleitung | AutoInterior","description":"Anleitung zur Montage von Autositzbez\u00fcgen. Schritt-f\u00fcr-Schritt Einbau f\u00fcr eine korrekte Passform und sicheren Sitz.","robots":{"index":"index","follow":"follow","max-snippet":"max-snippet:-1","max-image-preview":"max-image-preview:large","max-video-preview":"max-video-preview:-1"},"canonical":"https:\/\/autointerior.eu\/de\/fitting\/","og_locale":"de_DE","og_type":"article","og_title":"Autositzbez\u00fcge Montage \u2013 Einbauanleitung | AutoInterior","og_description":"Anleitung zur Montage von Autositzbez\u00fcgen. Schritt-f\u00fcr-Schritt Einbau f\u00fcr eine korrekte Passform und sicheren Sitz.","og_url":"https:\/\/autointerior.eu\/de\/fitting\/","og_site_name":"autointerior.eu","article_modified_time":"2026-01-13T07:29:34+00:00","twitter_card":"summary_large_image","twitter_misc":{"Gesch\u00e4tzte Lesezeit":"2\u00a0Minuten"},"schema":{"@context":"https:\/\/schema.org","@graph":[{"@type":"WebPage","@id":"https:\/\/autointerior.eu\/de\/fitting\/","url":"https:\/\/autointerior.eu\/de\/fitting\/","name":"Autositzbez\u00fcge Montage \u2013 Einbauanleitung | AutoInterior","isPartOf":{"@id":"https:\/\/autointerior.eu\/#website"},"datePublished":"2025-04-03T04:32:21+00:00","dateModified":"2026-01-13T07:29:34+00:00","description":"Anleitung zur Montage von Autositzbez\u00fcgen. Schritt-f\u00fcr-Schritt Einbau f\u00fcr eine korrekte Passform und sicheren Sitz.","breadcrumb":{"@id":"https:\/\/autointerior.eu\/de\/fitting\/#breadcrumb"},"inLanguage":"de","potentialAction":[{"@type":"ReadAction","target":["https:\/\/autointerior.eu\/de\/fitting\/"]}]},{"@type":"BreadcrumbList","@id":"https:\/\/autointerior.eu\/de\/fitting\/#breadcrumb","itemListElement":[{"@type":"ListItem","position":1,"name":"Home","item":"https:\/\/autointerior.eu\/de\/startseite\/"},{"@type":"ListItem","position":2,"name":"Fitting"}]},{"@type":"WebSite","@id":"https:\/\/autointerior.eu\/#website","url":"https:\/\/autointerior.eu\/","name":"autointerior.eu","description":"Custom car seat covers \u2013 Perfect fit and premium quality","potentialAction":[{"@type":"SearchAction","target":{"@type":"EntryPoint","urlTemplate":"https:\/\/autointerior.eu\/?s={search_term_string}"},"query-input":{"@type":"PropertyValueSpecification","valueRequired":true,"valueName":"search_term_string"}}],"inLanguage":"de"}]}},"jetpack_sharing_enabled":true,"_links":{"self":[{"href":"https:\/\/autointerior.eu\/de\/wp-json\/wp\/v2\/pages\/5031","targetHints":{"allow":["GET"]}}],"collection":[{"href":"https:\/\/autointerior.eu\/de\/wp-json\/wp\/v2\/pages"}],"about":[{"href":"https:\/\/autointerior.eu\/de\/wp-json\/wp\/v2\/types\/page"}],"author":[{"embeddable":true,"href":"https:\/\/autointerior.eu\/de\/wp-json\/wp\/v2\/users\/1"}],"replies":[{"embeddable":true,"href":"https:\/\/autointerior.eu\/de\/wp-json\/wp\/v2\/comments?post=5031"}],"version-history":[{"count":4,"href":"https:\/\/autointerior.eu\/de\/wp-json\/wp\/v2\/pages\/5031\/revisions"}],"predecessor-version":[{"id":5035,"href":"https:\/\/autointerior.eu\/de\/wp-json\/wp\/v2\/pages\/5031\/revisions\/5035"}],"wp:attachment":[{"href":"https:\/\/autointerior.eu\/de\/wp-json\/wp\/v2\/media?parent=5031"}],"curies":[{"name":"wp","href":"https:\/\/api.w.org\/{rel}","templated":true}]}}