{"id":5036,"date":"2025-04-03T04:32:30","date_gmt":"2025-04-03T04:32:30","guid":{"rendered":"https:\/\/autointerior.eu\/neuigkeiten\/"},"modified":"2026-01-13T07:35:46","modified_gmt":"2026-01-13T07:35:46","slug":"neuigkeiten","status":"publish","type":"page","link":"https:\/\/autointerior.eu\/de\/neuigkeiten\/","title":{"rendered":"Neuigkeiten"},"content":{"rendered":"\t\t<div data-elementor-type=\"wp-page\" data-elementor-id=\"5036\" class=\"elementor elementor-5036 elementor-54\" data-elementor-post-type=\"page\">\n\t\t\t\t<div class=\"elementor-element elementor-element-aa8ec97 e-flex e-con-boxed e-con e-parent\" data-id=\"aa8ec97\" data-element_type=\"container\" data-e-type=\"container\">\n\t\t\t\t\t<div class=\"e-con-inner\">\n\t\t<div class=\"elementor-element elementor-element-2a90c2d e-con-full e-flex e-con e-child\" data-id=\"2a90c2d\" data-element_type=\"container\" data-e-type=\"container\">\n\t\t\t\t<div class=\"elementor-element elementor-element-be74d73 elementor-grid-1 elementor-grid-tablet-2 elementor-grid-mobile-1 elementor-posts--thumbnail-top elementor-widget elementor-widget-posts\" data-id=\"be74d73\" data-element_type=\"widget\" data-e-type=\"widget\" data-settings=\"{&quot;classic_columns&quot;:&quot;1&quot;,&quot;classic_columns_tablet&quot;:&quot;2&quot;,&quot;classic_columns_mobile&quot;:&quot;1&quot;,&quot;classic_row_gap&quot;:{&quot;unit&quot;:&quot;px&quot;,&quot;size&quot;:35,&quot;sizes&quot;:[]},&quot;classic_row_gap_tablet&quot;:{&quot;unit&quot;:&quot;px&quot;,&quot;size&quot;:&quot;&quot;,&quot;sizes&quot;:[]},&quot;classic_row_gap_mobile&quot;:{&quot;unit&quot;:&quot;px&quot;,&quot;size&quot;:&quot;&quot;,&quot;sizes&quot;:[]}}\" data-widget_type=\"posts.classic\">\n\t\t\t\t<div class=\"elementor-widget-container\">\n\t\t\t\t\t\t\t<div class=\"elementor-posts-container elementor-posts elementor-posts--skin-classic elementor-grid\" role=\"list\">\n\t\t\t\t<article class=\"elementor-post elementor-grid-item post-6751 post type-post status-publish format-standard hentry category-neuigkeiten tag-car-seat-autositzbezuge tag-individuell-angepasste-autositzbezuge tag-masgefertigte-autositzbezuge\" role=\"listitem\">\n\t\t\t\t<div class=\"elementor-post__text\">\n\t\t\t\t<h3 class=\"elementor-post__title\">\n\t\t\t<a href=\"https:\/\/autointerior.eu\/de\/neuigkeiten\/autositzbezuege-fuer-renault-symbioz-2026\/\" >\n\t\t\t\tAutositzbez\u00fcge f\u00fcr Renault Symbioz 2026\t\t\t<\/a>\n\t\t<\/h3>\n\t\t\t\t<div class=\"elementor-post__meta-data\">\n\t\t\t\t\t<span class=\"elementor-post-date\">\n\t\t\t20. April 2026\t\t<\/span>\n\t\t\t\t<span class=\"elementor-post-avatar\">\n\t\t\tKeine Kommentare\t\t<\/span>\n\t\t\t\t<\/div>\n\t\t\t\t<div class=\"elementor-post__excerpt\">\n\t\t\t<p>Car seat covers for Renault Symbioz 2026 Die Wahl der richtigen Autositzbez\u00fcge f\u00fcr den neuen Renault Symbioz ist ein grundlegender Schritt f\u00fcr alle, die Schutz<\/p>\n\t\t<\/div>\n\t\t\n\t\t<a class=\"elementor-post__read-more\" href=\"https:\/\/autointerior.eu\/de\/neuigkeiten\/autositzbezuege-fuer-renault-symbioz-2026\/\" aria-label=\"Mehr \u00fcber Autositzbez\u00fcge f\u00fcr Renault Symbioz 2026\" tabindex=\"-1\" >\n\t\t\tWeiterlesen \u00bb\t\t<\/a>\n\n\t\t\t\t<\/div>\n\t\t\t\t<\/article>\n\t\t\t\t<article class=\"elementor-post elementor-grid-item post-6771 post type-post status-publish format-standard hentry category-neuigkeiten tag-car-seat-autositzbezuge tag-individuell-angepasste-autositzbezuge tag-masgefertigte-autositzbezuge\" role=\"listitem\">\n\t\t\t\t<div class=\"elementor-post__text\">\n\t\t\t\t<h3 class=\"elementor-post__title\">\n\t\t\t<a href=\"https:\/\/autointerior.eu\/de\/neuigkeiten\/autositzbezuege-fuer-renault-austral-2026\/\" >\n\t\t\t\tAutositzbez\u00fcge f\u00fcr Renault Austral 2026\t\t\t<\/a>\n\t\t<\/h3>\n\t\t\t\t<div class=\"elementor-post__meta-data\">\n\t\t\t\t\t<span class=\"elementor-post-date\">\n\t\t\t16. April 2026\t\t<\/span>\n\t\t\t\t<span class=\"elementor-post-avatar\">\n\t\t\tKeine Kommentare\t\t<\/span>\n\t\t\t\t<\/div>\n\t\t\t\t<div class=\"elementor-post__excerpt\">\n\t\t\t<p>Autositzbez\u00fcge f\u00fcr Renault Austral 2026 Die Wahl der richtigen Autositzbez\u00fcge f\u00fcr den Renault Austral bedeutet eine Investition in die Langlebigkeit eines SUVs, der das Konzept<\/p>\n\t\t<\/div>\n\t\t\n\t\t<a class=\"elementor-post__read-more\" href=\"https:\/\/autointerior.eu\/de\/neuigkeiten\/autositzbezuege-fuer-renault-austral-2026\/\" aria-label=\"Mehr \u00fcber Autositzbez\u00fcge f\u00fcr Renault Austral 2026\" tabindex=\"-1\" >\n\t\t\tWeiterlesen \u00bb\t\t<\/a>\n\n\t\t\t\t<\/div>\n\t\t\t\t<\/article>\n\t\t\t\t<article class=\"elementor-post elementor-grid-item post-6819 post type-post status-publish format-standard hentry category-neuigkeiten tag-car-seat-autositzbezuge tag-individuell-angepasste-autositzbezuge tag-masgefertigte-autositzbezuge\" role=\"listitem\">\n\t\t\t\t<div class=\"elementor-post__text\">\n\t\t\t\t<h3 class=\"elementor-post__title\">\n\t\t\t<a href=\"https:\/\/autointerior.eu\/de\/neuigkeiten\/autositzbezuege-fuer-volkswagen-polo-vi\/\" >\n\t\t\t\tAutositzbez\u00fcge f\u00fcr Volkswagen Polo VI\t\t\t<\/a>\n\t\t<\/h3>\n\t\t\t\t<div class=\"elementor-post__meta-data\">\n\t\t\t\t\t<span class=\"elementor-post-date\">\n\t\t\t26. Januar 2026\t\t<\/span>\n\t\t\t\t<span class=\"elementor-post-avatar\">\n\t\t\tKeine Kommentare\t\t<\/span>\n\t\t\t\t<\/div>\n\t\t\t\t<div class=\"elementor-post__excerpt\">\n\t\t\t<p>Die Wahl von Autositzbez\u00fcgen f\u00fcr den Volkswagen Polo ist eine strategische Entscheidung f\u00fcr alle, die den Wert und das Prestige eines der beliebtesten Kompaktfahrzeuge Europas<\/p>\n\t\t<\/div>\n\t\t\n\t\t<a class=\"elementor-post__read-more\" href=\"https:\/\/autointerior.eu\/de\/neuigkeiten\/autositzbezuege-fuer-volkswagen-polo-vi\/\" aria-label=\"Mehr \u00fcber Autositzbez\u00fcge f\u00fcr Volkswagen Polo VI\" tabindex=\"-1\" >\n\t\t\tWeiterlesen \u00bb\t\t<\/a>\n\n\t\t\t\t<\/div>\n\t\t\t\t<\/article>\n\t\t\t\t<article class=\"elementor-post elementor-grid-item post-6811 post type-post status-publish format-standard hentry category-neuigkeiten tag-car-seat-autositzbezuge tag-individuell-angepasste-autositzbezuge tag-masgefertigte-autositzbezuge\" role=\"listitem\">\n\t\t\t\t<div class=\"elementor-post__text\">\n\t\t\t\t<h3 class=\"elementor-post__title\">\n\t\t\t<a href=\"https:\/\/autointerior.eu\/de\/neuigkeiten\/autositzbezuege-fuer-ford-capri\/\" >\n\t\t\t\t<br>Autositzbez\u00fcge f\u00fcr Ford Capri\t\t\t<\/a>\n\t\t<\/h3>\n\t\t\t\t<div class=\"elementor-post__meta-data\">\n\t\t\t\t\t<span class=\"elementor-post-date\">\n\t\t\t26. Januar 2026\t\t<\/span>\n\t\t\t\t<span class=\"elementor-post-avatar\">\n\t\t\tKeine Kommentare\t\t<\/span>\n\t\t\t\t<\/div>\n\t\t\t\t<div class=\"elementor-post__excerpt\">\n\t\t\t<p>Die neuen Autositzbez\u00fcge f\u00fcr den Ford Capri sind die Premium-Wahl f\u00fcr alle, die die sportliche Seele dieses ikonischen elektrischen SUV-Coup\u00e9s mit erstklassigem Innenraumschutz verbinden m\u00f6chten.<\/p>\n\t\t<\/div>\n\t\t\n\t\t<a class=\"elementor-post__read-more\" href=\"https:\/\/autointerior.eu\/de\/neuigkeiten\/autositzbezuege-fuer-ford-capri\/\" aria-label=\"Mehr \u00fcber &lt;br&gt;Autositzbez\u00fcge f\u00fcr Ford Capri\" tabindex=\"-1\" >\n\t\t\tWeiterlesen \u00bb\t\t<\/a>\n\n\t\t\t\t<\/div>\n\t\t\t\t<\/article>\n\t\t\t\t<article class=\"elementor-post elementor-grid-item post-6803 post type-post status-publish format-standard hentry category-neuigkeiten tag-car-seat-autositzbezuge tag-individuell-angepasste-autositzbezuge tag-masgefertigte-autositzbezuge\" role=\"listitem\">\n\t\t\t\t<div class=\"elementor-post__text\">\n\t\t\t\t<h3 class=\"elementor-post__title\">\n\t\t\t<a href=\"https:\/\/autointerior.eu\/de\/neuigkeiten\/autositzbezuege-fuer-citroen-c3-2026\/\" >\n\t\t\t\tAutositzbez\u00fcge f\u00fcr Citro\u00ebn C3 2026\t\t\t<\/a>\n\t\t<\/h3>\n\t\t\t\t<div class=\"elementor-post__meta-data\">\n\t\t\t\t\t<span class=\"elementor-post-date\">\n\t\t\t26. Januar 2026\t\t<\/span>\n\t\t\t\t<span class=\"elementor-post-avatar\">\n\t\t\tKeine Kommentare\t\t<\/span>\n\t\t\t\t<\/div>\n\t\t\t\t<div class=\"elementor-post__excerpt\">\n\t\t\t<p>Die Wahl der richtigen Autositzbez\u00fcge f\u00fcr Ihren Citro\u00ebn C3 ist ein entscheidender Schritt f\u00fcr alle, die die Integrit\u00e4t und den Stil eines der ikonischsten und<\/p>\n\t\t<\/div>\n\t\t\n\t\t<a class=\"elementor-post__read-more\" href=\"https:\/\/autointerior.eu\/de\/neuigkeiten\/autositzbezuege-fuer-citroen-c3-2026\/\" aria-label=\"Mehr \u00fcber Autositzbez\u00fcge f\u00fcr Citro\u00ebn C3 2026\" tabindex=\"-1\" >\n\t\t\tWeiterlesen \u00bb\t\t<\/a>\n\n\t\t\t\t<\/div>\n\t\t\t\t<\/article>\n\t\t\t\t<article class=\"elementor-post elementor-grid-item post-6795 post type-post status-publish format-standard hentry category-neuigkeiten tag-car-seat-autositzbezuge tag-individuell-angepasste-autositzbezuge tag-masgefertigte-autositzbezuge\" role=\"listitem\">\n\t\t\t\t<div class=\"elementor-post__text\">\n\t\t\t\t<h3 class=\"elementor-post__title\">\n\t\t\t<a href=\"https:\/\/autointerior.eu\/de\/neuigkeiten\/autositzbezuege-fuer-dacia-sandero\/\" >\n\t\t\t\tAutositzbez\u00fcge f\u00fcr Dacia Sandero\t\t\t<\/a>\n\t\t<\/h3>\n\t\t\t\t<div class=\"elementor-post__meta-data\">\n\t\t\t\t\t<span class=\"elementor-post-date\">\n\t\t\t22. Januar 2026\t\t<\/span>\n\t\t\t\t<span class=\"elementor-post-avatar\">\n\t\t\tKeine Kommentare\t\t<\/span>\n\t\t\t\t<\/div>\n\t\t\t\t<div class=\"elementor-post__excerpt\">\n\t\t\t<p>Premium-Schutz und ma\u00dfgeschneiderter Stil Die Wahl der richtigen Autositzbez\u00fcge f\u00fcr Ihren Dacia Sandero ist eine strategische Investition, die \u00c4sthetik und Funktionalit\u00e4t vereint. Der Sandero hat<\/p>\n\t\t<\/div>\n\t\t\n\t\t<a class=\"elementor-post__read-more\" href=\"https:\/\/autointerior.eu\/de\/neuigkeiten\/autositzbezuege-fuer-dacia-sandero\/\" aria-label=\"Mehr \u00fcber Autositzbez\u00fcge f\u00fcr Dacia Sandero\" tabindex=\"-1\" >\n\t\t\tWeiterlesen \u00bb\t\t<\/a>\n\n\t\t\t\t<\/div>\n\t\t\t\t<\/article>\n\t\t\t\t<\/div>\n\t\t\n\t\t\t\t\t\t<\/div>\n\t\t\t\t<\/div>\n\t\t\t\t<\/div>\n\t\t<div class=\"elementor-element elementor-element-5a4713b e-con-full e-flex e-con e-child\" data-id=\"5a4713b\" data-element_type=\"container\" data-e-type=\"container\">\n\t\t\t\t<div class=\"elementor-element elementor-element-cbcd190 elementor-grid-1 elementor-grid-tablet-2 elementor-grid-mobile-1 elementor-posts--thumbnail-top elementor-widget elementor-widget-archive-posts\" data-id=\"cbcd190\" data-element_type=\"widget\" data-e-type=\"widget\" data-settings=\"{&quot;archive_classic_columns&quot;:&quot;1&quot;,&quot;archive_classic_columns_tablet&quot;:&quot;2&quot;,&quot;archive_classic_columns_mobile&quot;:&quot;1&quot;,&quot;archive_classic_row_gap&quot;:{&quot;unit&quot;:&quot;px&quot;,&quot;size&quot;:35,&quot;sizes&quot;:[]},&quot;archive_classic_row_gap_tablet&quot;:{&quot;unit&quot;:&quot;px&quot;,&quot;size&quot;:&quot;&quot;,&quot;sizes&quot;:[]},&quot;archive_classic_row_gap_mobile&quot;:{&quot;unit&quot;:&quot;px&quot;,&quot;size&quot;:&quot;&quot;,&quot;sizes&quot;:[]},&quot;pagination_type&quot;:&quot;numbers&quot;}\" data-widget_type=\"archive-posts.archive_classic\">\n\t\t\t\t<div class=\"elementor-widget-container\">\n\t\t\t\t\t\t\t<div class=\"elementor-posts-container elementor-posts elementor-posts--skin-classic elementor-grid\" role=\"list\">\n\t\t\t\t\t\t<div class=\"elementor-posts-nothing-found\">\n\t\t\t\t\tLeider konnten wir nicht finden, wonach Sie gesucht haben.\t\t\t\t<\/div>\n\t\t\t\t\t<\/div>\n\t\t\n\t\t\t\t\t\t<\/div>\n\t\t\t\t<\/div>\n\t\t\t\t<\/div>\n\t\t\t\t\t<\/div>\n\t\t\t\t<\/div>\n\t\t\t\t<\/div>\n\t\t","protected":false},"excerpt":{"rendered":"","protected":false},"author":1,"featured_media":0,"parent":0,"menu_order":0,"comment_status":"closed","ping_status":"closed","template":"","meta":{"footnotes":""},"class_list":["post-5036","page","type-page","status-publish","hentry"],"yoast_head":"<!-- This site is optimized with the Yoast SEO plugin v27.6 - https:\/\/yoast.com\/product\/yoast-seo-wordpress\/ -->\n<title>Autositzbez\u00fcge News \u2013 Neuigkeiten &amp; Updates | AutoInterior<\/title>\n<meta name=\"description\" content=\"Aktuelle News und Updates rund um Autositzbez\u00fcge. Neue Modelle, Materialien und Entwicklungen von AutoInterior.\" \/>\n<meta name=\"robots\" content=\"index, follow, max-snippet:-1, max-image-preview:large, max-video-preview:-1\" \/>\n<link rel=\"canonical\" href=\"https:\/\/autointerior.eu\/de\/neuigkeiten\/\" \/>\n<meta property=\"og:locale\" content=\"de_DE\" \/>\n<meta property=\"og:type\" content=\"article\" \/>\n<meta property=\"og:title\" content=\"Autositzbez\u00fcge News \u2013 Neuigkeiten &amp; Updates | AutoInterior\" \/>\n<meta property=\"og:description\" content=\"Aktuelle News und Updates rund um Autositzbez\u00fcge. Neue Modelle, Materialien und Entwicklungen von AutoInterior.\" \/>\n<meta property=\"og:url\" content=\"https:\/\/autointerior.eu\/de\/neuigkeiten\/\" \/>\n<meta property=\"og:site_name\" content=\"autointerior.eu\" \/>\n<meta property=\"article:modified_time\" content=\"2026-01-13T07:35:46+00:00\" \/>\n<meta name=\"twitter:card\" content=\"summary_large_image\" \/>\n<script type=\"application\/ld+json\" class=\"yoast-schema-graph\">{\"@context\":\"https:\\\/\\\/schema.org\",\"@graph\":[{\"@type\":\"WebPage\",\"@id\":\"https:\\\/\\\/autointerior.eu\\\/de\\\/neuigkeiten\\\/\",\"url\":\"https:\\\/\\\/autointerior.eu\\\/de\\\/neuigkeiten\\\/\",\"name\":\"Autositzbez\u00fcge News \u2013 Neuigkeiten & Updates | AutoInterior\",\"isPartOf\":{\"@id\":\"https:\\\/\\\/autointerior.eu\\\/#website\"},\"datePublished\":\"2025-04-03T04:32:30+00:00\",\"dateModified\":\"2026-01-13T07:35:46+00:00\",\"description\":\"Aktuelle News und Updates rund um Autositzbez\u00fcge. Neue Modelle, Materialien und Entwicklungen von AutoInterior.\",\"breadcrumb\":{\"@id\":\"https:\\\/\\\/autointerior.eu\\\/de\\\/neuigkeiten\\\/#breadcrumb\"},\"inLanguage\":\"de\",\"potentialAction\":[{\"@type\":\"ReadAction\",\"target\":[\"https:\\\/\\\/autointerior.eu\\\/de\\\/neuigkeiten\\\/\"]}]},{\"@type\":\"BreadcrumbList\",\"@id\":\"https:\\\/\\\/autointerior.eu\\\/de\\\/neuigkeiten\\\/#breadcrumb\",\"itemListElement\":[{\"@type\":\"ListItem\",\"position\":1,\"name\":\"Home\",\"item\":\"https:\\\/\\\/autointerior.eu\\\/de\\\/startseite\\\/\"},{\"@type\":\"ListItem\",\"position\":2,\"name\":\"Neuigkeiten\"}]},{\"@type\":\"WebSite\",\"@id\":\"https:\\\/\\\/autointerior.eu\\\/#website\",\"url\":\"https:\\\/\\\/autointerior.eu\\\/\",\"name\":\"autointerior.eu\",\"description\":\"Custom car seat covers \u2013 Perfect fit and premium quality\",\"potentialAction\":[{\"@type\":\"SearchAction\",\"target\":{\"@type\":\"EntryPoint\",\"urlTemplate\":\"https:\\\/\\\/autointerior.eu\\\/?s={search_term_string}\"},\"query-input\":{\"@type\":\"PropertyValueSpecification\",\"valueRequired\":true,\"valueName\":\"search_term_string\"}}],\"inLanguage\":\"de\"}]}<\/script>\n<!-- \/ Yoast SEO plugin. -->","yoast_head_json":{"title":"Autositzbez\u00fcge News \u2013 Neuigkeiten & Updates | AutoInterior","description":"Aktuelle News und Updates rund um Autositzbez\u00fcge. Neue Modelle, Materialien und Entwicklungen von AutoInterior.","robots":{"index":"index","follow":"follow","max-snippet":"max-snippet:-1","max-image-preview":"max-image-preview:large","max-video-preview":"max-video-preview:-1"},"canonical":"https:\/\/autointerior.eu\/de\/neuigkeiten\/","og_locale":"de_DE","og_type":"article","og_title":"Autositzbez\u00fcge News \u2013 Neuigkeiten & Updates | AutoInterior","og_description":"Aktuelle News und Updates rund um Autositzbez\u00fcge. Neue Modelle, Materialien und Entwicklungen von AutoInterior.","og_url":"https:\/\/autointerior.eu\/de\/neuigkeiten\/","og_site_name":"autointerior.eu","article_modified_time":"2026-01-13T07:35:46+00:00","twitter_card":"summary_large_image","schema":{"@context":"https:\/\/schema.org","@graph":[{"@type":"WebPage","@id":"https:\/\/autointerior.eu\/de\/neuigkeiten\/","url":"https:\/\/autointerior.eu\/de\/neuigkeiten\/","name":"Autositzbez\u00fcge News \u2013 Neuigkeiten & Updates | AutoInterior","isPartOf":{"@id":"https:\/\/autointerior.eu\/#website"},"datePublished":"2025-04-03T04:32:30+00:00","dateModified":"2026-01-13T07:35:46+00:00","description":"Aktuelle News und Updates rund um Autositzbez\u00fcge. Neue Modelle, Materialien und Entwicklungen von AutoInterior.","breadcrumb":{"@id":"https:\/\/autointerior.eu\/de\/neuigkeiten\/#breadcrumb"},"inLanguage":"de","potentialAction":[{"@type":"ReadAction","target":["https:\/\/autointerior.eu\/de\/neuigkeiten\/"]}]},{"@type":"BreadcrumbList","@id":"https:\/\/autointerior.eu\/de\/neuigkeiten\/#breadcrumb","itemListElement":[{"@type":"ListItem","position":1,"name":"Home","item":"https:\/\/autointerior.eu\/de\/startseite\/"},{"@type":"ListItem","position":2,"name":"Neuigkeiten"}]},{"@type":"WebSite","@id":"https:\/\/autointerior.eu\/#website","url":"https:\/\/autointerior.eu\/","name":"autointerior.eu","description":"Custom car seat covers \u2013 Perfect fit and premium quality","potentialAction":[{"@type":"SearchAction","target":{"@type":"EntryPoint","urlTemplate":"https:\/\/autointerior.eu\/?s={search_term_string}"},"query-input":{"@type":"PropertyValueSpecification","valueRequired":true,"valueName":"search_term_string"}}],"inLanguage":"de"}]}},"jetpack_sharing_enabled":true,"_links":{"self":[{"href":"https:\/\/autointerior.eu\/de\/wp-json\/wp\/v2\/pages\/5036","targetHints":{"allow":["GET"]}}],"collection":[{"href":"https:\/\/autointerior.eu\/de\/wp-json\/wp\/v2\/pages"}],"about":[{"href":"https:\/\/autointerior.eu\/de\/wp-json\/wp\/v2\/types\/page"}],"author":[{"embeddable":true,"href":"https:\/\/autointerior.eu\/de\/wp-json\/wp\/v2\/users\/1"}],"replies":[{"embeddable":true,"href":"https:\/\/autointerior.eu\/de\/wp-json\/wp\/v2\/comments?post=5036"}],"version-history":[{"count":1,"href":"https:\/\/autointerior.eu\/de\/wp-json\/wp\/v2\/pages\/5036\/revisions"}],"predecessor-version":[{"id":5037,"href":"https:\/\/autointerior.eu\/de\/wp-json\/wp\/v2\/pages\/5036\/revisions\/5037"}],"wp:attachment":[{"href":"https:\/\/autointerior.eu\/de\/wp-json\/wp\/v2\/media?parent=5036"}],"curies":[{"name":"wp","href":"https:\/\/api.w.org\/{rel}","templated":true}]}}