{"id":5047,"date":"2025-04-03T04:33:19","date_gmt":"2025-04-03T04:33:19","guid":{"rendered":"https:\/\/autointerior.eu\/kontakt\/"},"modified":"2026-01-13T09:55:48","modified_gmt":"2026-01-13T09:55:48","slug":"kontakt","status":"publish","type":"page","link":"https:\/\/autointerior.eu\/de\/kontakt\/","title":{"rendered":"Kontakt"},"content":{"rendered":"\t\t<div data-elementor-type=\"wp-page\" data-elementor-id=\"5047\" class=\"elementor elementor-5047 elementor-60\" data-elementor-post-type=\"page\">\n\t\t\t\t<div class=\"elementor-element elementor-element-b076b21 e-flex e-con-boxed e-con e-parent\" data-id=\"b076b21\" data-element_type=\"container\" data-e-type=\"container\">\n\t\t\t\t\t<div class=\"e-con-inner\">\n\t\t\t\t<div class=\"elementor-element elementor-element-df1ad7e elementor-widget elementor-widget-text-editor\" data-id=\"df1ad7e\" data-element_type=\"widget\" data-e-type=\"widget\" data-widget_type=\"text-editor.default\">\n\t\t\t\t<div class=\"elementor-widget-container\">\n\t\t\t\t\t\t\t\t\t<div class=\"flex-shrink-0 flex flex-col relative items-end\"><div><div class=\"pt-0\"><div class=\"gizmo-bot-avatar flex h-8 w-8 items-center justify-center overflow-hidden rounded-full\"><div class=\"relative p-1 rounded-sm flex items-center justify-center bg-token-main-surface-primary text-token-text-primary h-8 w-8\"><strong>Wenn Sie Fragen zu einer Bestellung haben, eine neue Bestellung aufgeben m\u00f6chten oder Unterst\u00fctzung bei Garantieangelegenheiten ben\u00f6tigen, k\u00f6nnen Sie sich gerne an unser Vertriebsb\u00fcro wenden.<\/strong><\/div><div> <\/div><div class=\"relative p-1 rounded-sm flex items-center justify-center bg-token-main-surface-primary text-token-text-primary h-8 w-8\"><strong>Vertriebsb\u00fcro<\/strong><\/div><\/div><\/div><\/div><\/div><div class=\"group\/conversation-turn relative flex w-full min-w-0 flex-col agent-turn\"><div class=\"flex-col gap-1 md:gap-3\"><div class=\"flex max-w-full flex-col flex-grow\"><div class=\"min-h-[20px] text-message flex w-full flex-col items-end gap-2 whitespace-pre-wrap break-words [.text-message+&amp;]:mt-5 overflow-x-auto\" dir=\"auto\" data-message-author-role=\"assistant\" data-message-id=\"fad178d6-e3a2-4404-98d0-1e6a04c90ce5\"><div class=\"flex w-full flex-col gap-1 empty:hidden first:pt-[3px]\"><div class=\"markdown prose w-full break-words dark:prose-invert light\"><p>Albert Management SRL<br>Str. Livezeni 4A<br>T\u00e2rgu Mure\u0219 540473<br>Rum\u00e4nien<br>Telefon: +40 742 258 532<br>E-Mail: info@autointerior.eu<\/p><hr><p><strong>Wenn Sie daran interessiert sind, Wiederverk\u00e4ufer oder Vertriebspartner zu werden, kontaktieren Sie bitte unsere Produktionsst\u00e4tte in Rum\u00e4nien.<\/strong><\/p><p>Produktionsst\u00e4tte<br>Str. Livezeni 4A<br>T\u00e2rgu Mure\u0219 540473<br>Rum\u00e4nien<br>Telefon: +40 742 258 532<br>E-Mail: info@autointerior.eu<\/p><\/div><p><strong>F\u00fcr weitere Informationen k\u00f6nnen Sie ebenfalls gerne das auf unserer Website verf\u00fcgbare Kontaktformular nutzen.<\/strong><\/p><\/div><\/div><\/div><\/div><\/div>\t\t\t\t\t\t\t\t<\/div>\n\t\t\t\t<\/div>\n\t\t\t\t\t<\/div>\n\t\t\t\t<\/div>\n\t\t\t\t<\/div>\n\t\t","protected":false},"excerpt":{"rendered":"<p>Wenn Sie Fragen zu einer Bestellung haben, eine neue Bestellung aufgeben m\u00f6chten oder Unterst\u00fctzung bei Garantieangelegenheiten ben\u00f6tigen, k\u00f6nnen Sie sich gerne an unser Vertriebsb\u00fcro wenden. Vertriebsb\u00fcro Albert Management SRLStr. Livezeni 4AT\u00e2rgu Mure\u0219 540473Rum\u00e4nienTelefon: +40 742 258 532E-Mail: info@autointerior.eu Wenn Sie daran interessiert sind, Wiederverk\u00e4ufer oder Vertriebspartner zu werden, kontaktieren Sie bitte unsere Produktionsst\u00e4tte in Rum\u00e4nien. [&hellip;]<\/p>\n","protected":false},"author":1,"featured_media":0,"parent":0,"menu_order":0,"comment_status":"closed","ping_status":"closed","template":"","meta":{"footnotes":""},"class_list":["post-5047","page","type-page","status-publish","hentry"],"yoast_head":"<!-- This site is optimized with the Yoast SEO plugin v27.6 - https:\/\/yoast.com\/product\/yoast-seo-wordpress\/ -->\n<title>Kontakt \u2013 Autositzbez\u00fcge &amp; Kundenservice | AutoInterior<\/title>\n<meta name=\"description\" content=\"Kontaktieren Sie AutoInterior f\u00fcr Autositzbez\u00fcge nach Ma\u00df. Kundenservice, Beratung und Unterst\u00fctzung bei Ihrer Bestellung.\" \/>\n<meta name=\"robots\" content=\"index, follow, max-snippet:-1, max-image-preview:large, max-video-preview:-1\" \/>\n<link rel=\"canonical\" href=\"https:\/\/autointerior.eu\/de\/kontakt\/\" \/>\n<meta property=\"og:locale\" content=\"de_DE\" \/>\n<meta property=\"og:type\" content=\"article\" \/>\n<meta property=\"og:title\" content=\"Kontakt \u2013 Autositzbez\u00fcge &amp; Kundenservice | AutoInterior\" \/>\n<meta property=\"og:description\" content=\"Kontaktieren Sie AutoInterior f\u00fcr Autositzbez\u00fcge nach Ma\u00df. Kundenservice, Beratung und Unterst\u00fctzung bei Ihrer Bestellung.\" \/>\n<meta property=\"og:url\" content=\"https:\/\/autointerior.eu\/de\/kontakt\/\" \/>\n<meta property=\"og:site_name\" content=\"autointerior.eu\" \/>\n<meta property=\"article:modified_time\" content=\"2026-01-13T09:55:48+00:00\" \/>\n<meta name=\"twitter:card\" content=\"summary_large_image\" \/>\n<meta name=\"twitter:label1\" content=\"Gesch\u00e4tzte Lesezeit\" \/>\n\t<meta name=\"twitter:data1\" content=\"1\u00a0Minute\" \/>\n<script type=\"application\/ld+json\" class=\"yoast-schema-graph\">{\"@context\":\"https:\\\/\\\/schema.org\",\"@graph\":[{\"@type\":\"WebPage\",\"@id\":\"https:\\\/\\\/autointerior.eu\\\/de\\\/kontakt\\\/\",\"url\":\"https:\\\/\\\/autointerior.eu\\\/de\\\/kontakt\\\/\",\"name\":\"Kontakt \u2013 Autositzbez\u00fcge & Kundenservice | AutoInterior\",\"isPartOf\":{\"@id\":\"https:\\\/\\\/autointerior.eu\\\/#website\"},\"datePublished\":\"2025-04-03T04:33:19+00:00\",\"dateModified\":\"2026-01-13T09:55:48+00:00\",\"description\":\"Kontaktieren Sie AutoInterior f\u00fcr Autositzbez\u00fcge nach Ma\u00df. Kundenservice, Beratung und Unterst\u00fctzung bei Ihrer Bestellung.\",\"breadcrumb\":{\"@id\":\"https:\\\/\\\/autointerior.eu\\\/de\\\/kontakt\\\/#breadcrumb\"},\"inLanguage\":\"de\",\"potentialAction\":[{\"@type\":\"ReadAction\",\"target\":[\"https:\\\/\\\/autointerior.eu\\\/de\\\/kontakt\\\/\"]}]},{\"@type\":\"BreadcrumbList\",\"@id\":\"https:\\\/\\\/autointerior.eu\\\/de\\\/kontakt\\\/#breadcrumb\",\"itemListElement\":[{\"@type\":\"ListItem\",\"position\":1,\"name\":\"Home\",\"item\":\"https:\\\/\\\/autointerior.eu\\\/de\\\/startseite\\\/\"},{\"@type\":\"ListItem\",\"position\":2,\"name\":\"Kontakt\"}]},{\"@type\":\"WebSite\",\"@id\":\"https:\\\/\\\/autointerior.eu\\\/#website\",\"url\":\"https:\\\/\\\/autointerior.eu\\\/\",\"name\":\"autointerior.eu\",\"description\":\"Custom car seat covers \u2013 Perfect fit and premium quality\",\"potentialAction\":[{\"@type\":\"SearchAction\",\"target\":{\"@type\":\"EntryPoint\",\"urlTemplate\":\"https:\\\/\\\/autointerior.eu\\\/?s={search_term_string}\"},\"query-input\":{\"@type\":\"PropertyValueSpecification\",\"valueRequired\":true,\"valueName\":\"search_term_string\"}}],\"inLanguage\":\"de\"}]}<\/script>\n<!-- \/ Yoast SEO plugin. -->","yoast_head_json":{"title":"Kontakt \u2013 Autositzbez\u00fcge & Kundenservice | AutoInterior","description":"Kontaktieren Sie AutoInterior f\u00fcr Autositzbez\u00fcge nach Ma\u00df. Kundenservice, Beratung und Unterst\u00fctzung bei Ihrer Bestellung.","robots":{"index":"index","follow":"follow","max-snippet":"max-snippet:-1","max-image-preview":"max-image-preview:large","max-video-preview":"max-video-preview:-1"},"canonical":"https:\/\/autointerior.eu\/de\/kontakt\/","og_locale":"de_DE","og_type":"article","og_title":"Kontakt \u2013 Autositzbez\u00fcge & Kundenservice | AutoInterior","og_description":"Kontaktieren Sie AutoInterior f\u00fcr Autositzbez\u00fcge nach Ma\u00df. Kundenservice, Beratung und Unterst\u00fctzung bei Ihrer Bestellung.","og_url":"https:\/\/autointerior.eu\/de\/kontakt\/","og_site_name":"autointerior.eu","article_modified_time":"2026-01-13T09:55:48+00:00","twitter_card":"summary_large_image","twitter_misc":{"Gesch\u00e4tzte Lesezeit":"1\u00a0Minute"},"schema":{"@context":"https:\/\/schema.org","@graph":[{"@type":"WebPage","@id":"https:\/\/autointerior.eu\/de\/kontakt\/","url":"https:\/\/autointerior.eu\/de\/kontakt\/","name":"Kontakt \u2013 Autositzbez\u00fcge & Kundenservice | AutoInterior","isPartOf":{"@id":"https:\/\/autointerior.eu\/#website"},"datePublished":"2025-04-03T04:33:19+00:00","dateModified":"2026-01-13T09:55:48+00:00","description":"Kontaktieren Sie AutoInterior f\u00fcr Autositzbez\u00fcge nach Ma\u00df. Kundenservice, Beratung und Unterst\u00fctzung bei Ihrer Bestellung.","breadcrumb":{"@id":"https:\/\/autointerior.eu\/de\/kontakt\/#breadcrumb"},"inLanguage":"de","potentialAction":[{"@type":"ReadAction","target":["https:\/\/autointerior.eu\/de\/kontakt\/"]}]},{"@type":"BreadcrumbList","@id":"https:\/\/autointerior.eu\/de\/kontakt\/#breadcrumb","itemListElement":[{"@type":"ListItem","position":1,"name":"Home","item":"https:\/\/autointerior.eu\/de\/startseite\/"},{"@type":"ListItem","position":2,"name":"Kontakt"}]},{"@type":"WebSite","@id":"https:\/\/autointerior.eu\/#website","url":"https:\/\/autointerior.eu\/","name":"autointerior.eu","description":"Custom car seat covers \u2013 Perfect fit and premium quality","potentialAction":[{"@type":"SearchAction","target":{"@type":"EntryPoint","urlTemplate":"https:\/\/autointerior.eu\/?s={search_term_string}"},"query-input":{"@type":"PropertyValueSpecification","valueRequired":true,"valueName":"search_term_string"}}],"inLanguage":"de"}]}},"jetpack_sharing_enabled":true,"_links":{"self":[{"href":"https:\/\/autointerior.eu\/de\/wp-json\/wp\/v2\/pages\/5047","targetHints":{"allow":["GET"]}}],"collection":[{"href":"https:\/\/autointerior.eu\/de\/wp-json\/wp\/v2\/pages"}],"about":[{"href":"https:\/\/autointerior.eu\/de\/wp-json\/wp\/v2\/types\/page"}],"author":[{"embeddable":true,"href":"https:\/\/autointerior.eu\/de\/wp-json\/wp\/v2\/users\/1"}],"replies":[{"embeddable":true,"href":"https:\/\/autointerior.eu\/de\/wp-json\/wp\/v2\/comments?post=5047"}],"version-history":[{"count":1,"href":"https:\/\/autointerior.eu\/de\/wp-json\/wp\/v2\/pages\/5047\/revisions"}],"predecessor-version":[{"id":5048,"href":"https:\/\/autointerior.eu\/de\/wp-json\/wp\/v2\/pages\/5047\/revisions\/5048"}],"wp:attachment":[{"href":"https:\/\/autointerior.eu\/de\/wp-json\/wp\/v2\/media?parent=5047"}],"curies":[{"name":"wp","href":"https:\/\/api.w.org\/{rel}","templated":true}]}}