{"id":5060,"date":"2025-07-14T17:11:13","date_gmt":"2025-07-14T17:11:13","guid":{"rendered":"https:\/\/autointerior.eu\/danke-seite\/"},"modified":"2025-12-22T09:19:14","modified_gmt":"2025-12-22T09:19:14","slug":"danke-seite","status":"publish","type":"page","link":"https:\/\/autointerior.eu\/de\/danke-seite\/","title":{"rendered":"Danke-Seite"},"content":{"rendered":"\t\t<div data-elementor-type=\"wp-page\" data-elementor-id=\"5060\" class=\"elementor elementor-5060 elementor-3336\" data-elementor-post-type=\"page\">\n\t\t\t\t<div class=\"elementor-element elementor-element-d0ac405 e-flex e-con-boxed e-con e-parent\" data-id=\"d0ac405\" data-element_type=\"container\" data-e-type=\"container\">\n\t\t\t\t\t<div class=\"e-con-inner\">\n\t\t\t\t<div class=\"elementor-element elementor-element-da824c6 elementor-widget elementor-widget-html\" data-id=\"da824c6\" data-element_type=\"widget\" data-e-type=\"widget\" data-widget_type=\"html.default\">\n\t\t\t\t<div class=\"elementor-widget-container\">\n\t\t\t\t\t<div style=\"max-width: 500px; margin: 0 auto; padding: 40px 20px; text-align: center;\">\n  <h1 style=\"color: #2e7d32; font-size: 26px; line-height: 1.3; margin-bottom: 20px;\">\n \ud83c\udf89 Vielen Dank f\u00fcr Ihre Bestellung!\n  <\/h1>\n  <p style=\"font-size: 17px; line-height: 1.6; margin-bottom: 30px;\">\n Ihre Zahlung wurde erfolgreich \u00fcber EuPl\u0103tesc verarbeitet.<br> Eine Best\u00e4tigungs-E-Mail wurde Ihnen zugesendet.\n  <\/p>\n  <a href=\"\/\" style=\"display: inline-block; background: #2e7d32; color: white; padding: 12px 24px; border-radius: 6px; text-decoration: none; font-size: 16px;\">\n Zur\u00fcck zur Startseite\n  <\/a>\n<\/div>\n\t\t\t\t<\/div>\n\t\t\t\t<\/div>\n\t\t\t\t\t<\/div>\n\t\t\t\t<\/div>\n\t\t\t\t<\/div>\n\t\t","protected":false},"excerpt":{"rendered":"<p>\ud83c\udf89 Vielen Dank f\u00fcr Ihre Bestellung! Ihre Zahlung wurde erfolgreich \u00fcber EuPl\u0103tesc verarbeitet. Eine Best\u00e4tigungs-E-Mail wurde Ihnen zugesendet. Zur\u00fcck zur Startseite<\/p>\n","protected":false},"author":1,"featured_media":0,"parent":0,"menu_order":0,"comment_status":"closed","ping_status":"closed","template":"","meta":{"footnotes":""},"class_list":["post-5060","page","type-page","status-publish","hentry"],"yoast_head":"<!-- This site is optimized with the Yoast SEO plugin v27.4 - https:\/\/yoast.com\/product\/yoast-seo-wordpress\/ -->\n<title>Danke-Seite - autointerior.eu<\/title>\n<meta name=\"robots\" content=\"index, follow, max-snippet:-1, max-image-preview:large, max-video-preview:-1\" \/>\n<link rel=\"canonical\" href=\"https:\/\/autointerior.eu\/de\/danke-seite\/\" \/>\n<meta property=\"og:locale\" content=\"de_DE\" \/>\n<meta property=\"og:type\" content=\"article\" \/>\n<meta property=\"og:title\" content=\"Danke-Seite - autointerior.eu\" \/>\n<meta property=\"og:description\" content=\"\ud83c\udf89 Vielen Dank f\u00fcr Ihre Bestellung! Ihre Zahlung wurde erfolgreich \u00fcber EuPl\u0103tesc verarbeitet. Eine Best\u00e4tigungs-E-Mail wurde Ihnen zugesendet. Zur\u00fcck zur Startseite\" \/>\n<meta property=\"og:url\" content=\"https:\/\/autointerior.eu\/de\/danke-seite\/\" \/>\n<meta property=\"og:site_name\" content=\"autointerior.eu\" \/>\n<meta property=\"article:modified_time\" content=\"2025-12-22T09:19:14+00:00\" \/>\n<meta name=\"twitter:card\" content=\"summary_large_image\" \/>\n<script type=\"application\/ld+json\" class=\"yoast-schema-graph\">{\"@context\":\"https:\\\/\\\/schema.org\",\"@graph\":[{\"@type\":\"WebPage\",\"@id\":\"https:\\\/\\\/autointerior.eu\\\/de\\\/danke-seite\\\/\",\"url\":\"https:\\\/\\\/autointerior.eu\\\/de\\\/danke-seite\\\/\",\"name\":\"Danke-Seite - autointerior.eu\",\"isPartOf\":{\"@id\":\"https:\\\/\\\/autointerior.eu\\\/#website\"},\"datePublished\":\"2025-07-14T17:11:13+00:00\",\"dateModified\":\"2025-12-22T09:19:14+00:00\",\"breadcrumb\":{\"@id\":\"https:\\\/\\\/autointerior.eu\\\/de\\\/danke-seite\\\/#breadcrumb\"},\"inLanguage\":\"de\",\"potentialAction\":[{\"@type\":\"ReadAction\",\"target\":[\"https:\\\/\\\/autointerior.eu\\\/de\\\/danke-seite\\\/\"]}]},{\"@type\":\"BreadcrumbList\",\"@id\":\"https:\\\/\\\/autointerior.eu\\\/de\\\/danke-seite\\\/#breadcrumb\",\"itemListElement\":[{\"@type\":\"ListItem\",\"position\":1,\"name\":\"Home\",\"item\":\"https:\\\/\\\/autointerior.eu\\\/de\\\/startseite\\\/\"},{\"@type\":\"ListItem\",\"position\":2,\"name\":\"Danke-Seite\"}]},{\"@type\":\"WebSite\",\"@id\":\"https:\\\/\\\/autointerior.eu\\\/#website\",\"url\":\"https:\\\/\\\/autointerior.eu\\\/\",\"name\":\"autointerior.eu\",\"description\":\"Custom car seat covers \u2013 Perfect fit and premium quality\",\"potentialAction\":[{\"@type\":\"SearchAction\",\"target\":{\"@type\":\"EntryPoint\",\"urlTemplate\":\"https:\\\/\\\/autointerior.eu\\\/?s={search_term_string}\"},\"query-input\":{\"@type\":\"PropertyValueSpecification\",\"valueRequired\":true,\"valueName\":\"search_term_string\"}}],\"inLanguage\":\"de\"}]}<\/script>\n<!-- \/ Yoast SEO plugin. -->","yoast_head_json":{"title":"Danke-Seite - autointerior.eu","robots":{"index":"index","follow":"follow","max-snippet":"max-snippet:-1","max-image-preview":"max-image-preview:large","max-video-preview":"max-video-preview:-1"},"canonical":"https:\/\/autointerior.eu\/de\/danke-seite\/","og_locale":"de_DE","og_type":"article","og_title":"Danke-Seite - autointerior.eu","og_description":"\ud83c\udf89 Vielen Dank f\u00fcr Ihre Bestellung! Ihre Zahlung wurde erfolgreich \u00fcber EuPl\u0103tesc verarbeitet. Eine Best\u00e4tigungs-E-Mail wurde Ihnen zugesendet. Zur\u00fcck zur Startseite","og_url":"https:\/\/autointerior.eu\/de\/danke-seite\/","og_site_name":"autointerior.eu","article_modified_time":"2025-12-22T09:19:14+00:00","twitter_card":"summary_large_image","schema":{"@context":"https:\/\/schema.org","@graph":[{"@type":"WebPage","@id":"https:\/\/autointerior.eu\/de\/danke-seite\/","url":"https:\/\/autointerior.eu\/de\/danke-seite\/","name":"Danke-Seite - autointerior.eu","isPartOf":{"@id":"https:\/\/autointerior.eu\/#website"},"datePublished":"2025-07-14T17:11:13+00:00","dateModified":"2025-12-22T09:19:14+00:00","breadcrumb":{"@id":"https:\/\/autointerior.eu\/de\/danke-seite\/#breadcrumb"},"inLanguage":"de","potentialAction":[{"@type":"ReadAction","target":["https:\/\/autointerior.eu\/de\/danke-seite\/"]}]},{"@type":"BreadcrumbList","@id":"https:\/\/autointerior.eu\/de\/danke-seite\/#breadcrumb","itemListElement":[{"@type":"ListItem","position":1,"name":"Home","item":"https:\/\/autointerior.eu\/de\/startseite\/"},{"@type":"ListItem","position":2,"name":"Danke-Seite"}]},{"@type":"WebSite","@id":"https:\/\/autointerior.eu\/#website","url":"https:\/\/autointerior.eu\/","name":"autointerior.eu","description":"Custom car seat covers \u2013 Perfect fit and premium quality","potentialAction":[{"@type":"SearchAction","target":{"@type":"EntryPoint","urlTemplate":"https:\/\/autointerior.eu\/?s={search_term_string}"},"query-input":{"@type":"PropertyValueSpecification","valueRequired":true,"valueName":"search_term_string"}}],"inLanguage":"de"}]}},"jetpack_sharing_enabled":true,"_links":{"self":[{"href":"https:\/\/autointerior.eu\/de\/wp-json\/wp\/v2\/pages\/5060","targetHints":{"allow":["GET"]}}],"collection":[{"href":"https:\/\/autointerior.eu\/de\/wp-json\/wp\/v2\/pages"}],"about":[{"href":"https:\/\/autointerior.eu\/de\/wp-json\/wp\/v2\/types\/page"}],"author":[{"embeddable":true,"href":"https:\/\/autointerior.eu\/de\/wp-json\/wp\/v2\/users\/1"}],"replies":[{"embeddable":true,"href":"https:\/\/autointerior.eu\/de\/wp-json\/wp\/v2\/comments?post=5060"}],"version-history":[{"count":1,"href":"https:\/\/autointerior.eu\/de\/wp-json\/wp\/v2\/pages\/5060\/revisions"}],"predecessor-version":[{"id":5061,"href":"https:\/\/autointerior.eu\/de\/wp-json\/wp\/v2\/pages\/5060\/revisions\/5061"}],"wp:attachment":[{"href":"https:\/\/autointerior.eu\/de\/wp-json\/wp\/v2\/media?parent=5060"}],"curies":[{"name":"wp","href":"https:\/\/api.w.org\/{rel}","templated":true}]}}