{"id":4767,"date":"2025-04-03T04:31:08","date_gmt":"2025-04-03T04:31:08","guid":{"rendered":"https:\/\/autointerior.eu\/how-to-order\/"},"modified":"2026-01-13T07:26:22","modified_gmt":"2026-01-13T07:26:22","slug":"how-to-order","status":"publish","type":"page","link":"https:\/\/autointerior.eu\/fr\/how-to-order\/","title":{"rendered":"Comment passer commande ?"},"content":{"rendered":"\t\t<div data-elementor-type=\"wp-page\" data-elementor-id=\"4767\" class=\"elementor elementor-4767 elementor-46\" data-elementor-post-type=\"page\">\n\t\t\t\t<div class=\"elementor-element elementor-element-371fdc5 e-flex e-con-boxed e-con e-parent\" data-id=\"371fdc5\" data-element_type=\"container\" data-e-type=\"container\">\n\t\t\t\t\t<div class=\"e-con-inner\">\n\t\t\t\t<div class=\"elementor-element elementor-element-c0d68f9 elementor-widget elementor-widget-heading\" data-id=\"c0d68f9\" data-element_type=\"widget\" data-e-type=\"widget\" data-widget_type=\"heading.default\">\n\t\t\t\t<div class=\"elementor-widget-container\">\n\t\t\t\t\t<h2 class=\"elementor-heading-title elementor-size-default\">Comment passer commande ?<\/h2>\t\t\t\t<\/div>\n\t\t\t\t<\/div>\n\t\t\t\t\t<\/div>\n\t\t\t\t<\/div>\n\t\t<div class=\"elementor-element elementor-element-83d9ea3 e-flex e-con-boxed e-con e-parent\" data-id=\"83d9ea3\" data-element_type=\"container\" data-e-type=\"container\">\n\t\t\t\t\t<div class=\"e-con-inner\">\n\t\t\t\t<div class=\"elementor-element elementor-element-6186a33 elementor-widget elementor-widget-text-editor\" data-id=\"6186a33\" data-element_type=\"widget\" data-e-type=\"widget\" data-widget_type=\"text-editor.default\">\n\t\t\t\t<div class=\"elementor-widget-container\">\n\t\t\t\t\t\t\t\t\t<p data-start=\"90\" data-end=\"351\"><strong data-start=\"90\" data-end=\"101\">\u00c9tape 1<\/strong><br data-start=\"101\" data-end=\"104\" \/>Choisissez la combinaison de mat\u00e9riaux souhait\u00e9e \u00e0 l\u2019aide de notre simulateur 3D ou inspirez-vous des combinaisons de mat\u00e9riaux et de couleurs pr\u00e9sent\u00e9es dans la galerie de notre site ou sur nos r\u00e9seaux sociaux. Envoyez-nous ensuite votre demande.<\/p><p data-start=\"353\" data-end=\"564\"><strong data-start=\"353\" data-end=\"364\">\u00c9tape 2<\/strong><br data-start=\"364\" data-end=\"367\" \/>Notre \u00e9quipe service client vous contactera par e-mail ou WhatsApp afin de discuter de votre configuration pr\u00e9f\u00e9r\u00e9e, de l\u2019adapter pr\u00e9cis\u00e9ment \u00e0 vos si\u00e8ges et de vous fournir les d\u00e9tails tarifaires.<\/p><p data-start=\"566\" data-end=\"907\"><strong data-start=\"566\" data-end=\"577\">\u00c9tape 3<\/strong><br data-start=\"577\" data-end=\"580\" \/>Nous aurons besoin de photos de vos si\u00e8ges et de votre v\u00e9hicule afin de garantir un patronage parfaitement adapt\u00e9. Soyez rassur\u00e9 : nous sommes des sp\u00e9cialistes de l\u2019int\u00e9rieur automobile et chaque d\u00e9tail est trait\u00e9 avec une pr\u00e9cision maximale. Merci de nous transmettre \u00e9galement vos informations de facturation et de livraison.<\/p><p data-start=\"909\" data-end=\"1238\"><strong data-start=\"909\" data-end=\"920\">\u00c9tape 4<\/strong><br data-start=\"920\" data-end=\"923\" \/>Le paiement peut \u00eatre effectu\u00e9 par virement bancaire ou via PayPal. Nous proposons \u00e9galement une option de paiement 50\/50.<br data-start=\"1045\" data-end=\"1048\" \/>Le d\u00e9lai de livraison standard est de 60 jours, mais dans la majorit\u00e9 des cas, la livraison est effectu\u00e9e sous un mois. Pour les commandes urgentes, une livraison sous 10 jours est possible.<\/p><p data-start=\"1240\" data-end=\"1392\"><strong data-start=\"1240\" data-end=\"1251\">\u00c9tape 5<\/strong><br data-start=\"1251\" data-end=\"1254\" \/>Une fois votre commande pr\u00eate, nous la pr\u00e9parons pour l\u2019exp\u00e9dition et vous proposons \u00e9galement un service apr\u00e8s-vente pour l\u2019installation.<\/p>\t\t\t\t\t\t\t\t<\/div>\n\t\t\t\t<\/div>\n\t\t\t\t\t<\/div>\n\t\t\t\t<\/div>\n\t\t\t\t<\/div>\n\t\t","protected":false},"excerpt":{"rendered":"<p>Comment passer commande ? \u00c9tape 1Choisissez la combinaison de mat\u00e9riaux souhait\u00e9e \u00e0 l\u2019aide de notre simulateur 3D ou inspirez-vous des combinaisons de mat\u00e9riaux et de couleurs pr\u00e9sent\u00e9es dans la galerie de notre site ou sur nos r\u00e9seaux sociaux. Envoyez-nous ensuite votre demande. \u00c9tape 2Notre \u00e9quipe service client vous contactera par e-mail ou WhatsApp afin de [&hellip;]<\/p>\n","protected":false},"author":1,"featured_media":0,"parent":0,"menu_order":0,"comment_status":"closed","ping_status":"closed","template":"","meta":{"footnotes":""},"class_list":["post-4767","page","type-page","status-publish","hentry"],"yoast_head":"<!-- This site is optimized with the Yoast SEO plugin v27.4 - https:\/\/yoast.com\/product\/yoast-seo-wordpress\/ -->\n<title>Comment commander une housse auto \u2013 Guide de commande | AutoInterior<\/title>\n<meta name=\"description\" content=\"D\u00e9couvrez comment commander votre housse auto sur mesure. \u00c9tapes simples, configurateur en ligne et livraison expliqu\u00e9e.\" \/>\n<meta name=\"robots\" content=\"index, follow, max-snippet:-1, max-image-preview:large, max-video-preview:-1\" \/>\n<link rel=\"canonical\" href=\"https:\/\/autointerior.eu\/fr\/how-to-order\/\" \/>\n<meta property=\"og:locale\" content=\"fr_FR\" \/>\n<meta property=\"og:type\" content=\"article\" \/>\n<meta property=\"og:title\" content=\"Comment commander une housse auto \u2013 Guide de commande | AutoInterior\" \/>\n<meta property=\"og:description\" content=\"D\u00e9couvrez comment commander votre housse auto sur mesure. \u00c9tapes simples, configurateur en ligne et livraison expliqu\u00e9e.\" \/>\n<meta property=\"og:url\" content=\"https:\/\/autointerior.eu\/fr\/how-to-order\/\" \/>\n<meta property=\"og:site_name\" content=\"autointerior.eu\" \/>\n<meta property=\"article:modified_time\" content=\"2026-01-13T07:26:22+00:00\" \/>\n<meta name=\"twitter:card\" content=\"summary_large_image\" \/>\n<meta name=\"twitter:label1\" content=\"Dur\u00e9e de lecture estim\u00e9e\" \/>\n\t<meta name=\"twitter:data1\" content=\"1 minute\" \/>\n<script type=\"application\/ld+json\" class=\"yoast-schema-graph\">{\"@context\":\"https:\\\/\\\/schema.org\",\"@graph\":[{\"@type\":\"WebPage\",\"@id\":\"https:\\\/\\\/autointerior.eu\\\/fr\\\/how-to-order\\\/\",\"url\":\"https:\\\/\\\/autointerior.eu\\\/fr\\\/how-to-order\\\/\",\"name\":\"Comment commander une housse auto \u2013 Guide de commande | AutoInterior\",\"isPartOf\":{\"@id\":\"https:\\\/\\\/autointerior.eu\\\/#website\"},\"datePublished\":\"2025-04-03T04:31:08+00:00\",\"dateModified\":\"2026-01-13T07:26:22+00:00\",\"description\":\"D\u00e9couvrez comment commander votre housse auto sur mesure. \u00c9tapes simples, configurateur en ligne et livraison expliqu\u00e9e.\",\"breadcrumb\":{\"@id\":\"https:\\\/\\\/autointerior.eu\\\/fr\\\/how-to-order\\\/#breadcrumb\"},\"inLanguage\":\"fr-FR\",\"potentialAction\":[{\"@type\":\"ReadAction\",\"target\":[\"https:\\\/\\\/autointerior.eu\\\/fr\\\/how-to-order\\\/\"]}]},{\"@type\":\"BreadcrumbList\",\"@id\":\"https:\\\/\\\/autointerior.eu\\\/fr\\\/how-to-order\\\/#breadcrumb\",\"itemListElement\":[{\"@type\":\"ListItem\",\"position\":1,\"name\":\"Home\",\"item\":\"https:\\\/\\\/autointerior.eu\\\/fr\\\/page-daccueil\\\/\"},{\"@type\":\"ListItem\",\"position\":2,\"name\":\"Comment passer commande ?\"}]},{\"@type\":\"WebSite\",\"@id\":\"https:\\\/\\\/autointerior.eu\\\/#website\",\"url\":\"https:\\\/\\\/autointerior.eu\\\/\",\"name\":\"autointerior.eu\",\"description\":\"Custom car seat covers \u2013 Perfect fit and premium quality\",\"potentialAction\":[{\"@type\":\"SearchAction\",\"target\":{\"@type\":\"EntryPoint\",\"urlTemplate\":\"https:\\\/\\\/autointerior.eu\\\/?s={search_term_string}\"},\"query-input\":{\"@type\":\"PropertyValueSpecification\",\"valueRequired\":true,\"valueName\":\"search_term_string\"}}],\"inLanguage\":\"fr-FR\"}]}<\/script>\n<!-- \/ Yoast SEO plugin. -->","yoast_head_json":{"title":"Comment commander une housse auto \u2013 Guide de commande | AutoInterior","description":"D\u00e9couvrez comment commander votre housse auto sur mesure. \u00c9tapes simples, configurateur en ligne et livraison expliqu\u00e9e.","robots":{"index":"index","follow":"follow","max-snippet":"max-snippet:-1","max-image-preview":"max-image-preview:large","max-video-preview":"max-video-preview:-1"},"canonical":"https:\/\/autointerior.eu\/fr\/how-to-order\/","og_locale":"fr_FR","og_type":"article","og_title":"Comment commander une housse auto \u2013 Guide de commande | AutoInterior","og_description":"D\u00e9couvrez comment commander votre housse auto sur mesure. \u00c9tapes simples, configurateur en ligne et livraison expliqu\u00e9e.","og_url":"https:\/\/autointerior.eu\/fr\/how-to-order\/","og_site_name":"autointerior.eu","article_modified_time":"2026-01-13T07:26:22+00:00","twitter_card":"summary_large_image","twitter_misc":{"Dur\u00e9e de lecture estim\u00e9e":"1 minute"},"schema":{"@context":"https:\/\/schema.org","@graph":[{"@type":"WebPage","@id":"https:\/\/autointerior.eu\/fr\/how-to-order\/","url":"https:\/\/autointerior.eu\/fr\/how-to-order\/","name":"Comment commander une housse auto \u2013 Guide de commande | AutoInterior","isPartOf":{"@id":"https:\/\/autointerior.eu\/#website"},"datePublished":"2025-04-03T04:31:08+00:00","dateModified":"2026-01-13T07:26:22+00:00","description":"D\u00e9couvrez comment commander votre housse auto sur mesure. \u00c9tapes simples, configurateur en ligne et livraison expliqu\u00e9e.","breadcrumb":{"@id":"https:\/\/autointerior.eu\/fr\/how-to-order\/#breadcrumb"},"inLanguage":"fr-FR","potentialAction":[{"@type":"ReadAction","target":["https:\/\/autointerior.eu\/fr\/how-to-order\/"]}]},{"@type":"BreadcrumbList","@id":"https:\/\/autointerior.eu\/fr\/how-to-order\/#breadcrumb","itemListElement":[{"@type":"ListItem","position":1,"name":"Home","item":"https:\/\/autointerior.eu\/fr\/page-daccueil\/"},{"@type":"ListItem","position":2,"name":"Comment passer commande ?"}]},{"@type":"WebSite","@id":"https:\/\/autointerior.eu\/#website","url":"https:\/\/autointerior.eu\/","name":"autointerior.eu","description":"Custom car seat covers \u2013 Perfect fit and premium quality","potentialAction":[{"@type":"SearchAction","target":{"@type":"EntryPoint","urlTemplate":"https:\/\/autointerior.eu\/?s={search_term_string}"},"query-input":{"@type":"PropertyValueSpecification","valueRequired":true,"valueName":"search_term_string"}}],"inLanguage":"fr-FR"}]}},"jetpack_sharing_enabled":true,"_links":{"self":[{"href":"https:\/\/autointerior.eu\/fr\/wp-json\/wp\/v2\/pages\/4767","targetHints":{"allow":["GET"]}}],"collection":[{"href":"https:\/\/autointerior.eu\/fr\/wp-json\/wp\/v2\/pages"}],"about":[{"href":"https:\/\/autointerior.eu\/fr\/wp-json\/wp\/v2\/types\/page"}],"author":[{"embeddable":true,"href":"https:\/\/autointerior.eu\/fr\/wp-json\/wp\/v2\/users\/1"}],"replies":[{"embeddable":true,"href":"https:\/\/autointerior.eu\/fr\/wp-json\/wp\/v2\/comments?post=4767"}],"version-history":[{"count":5,"href":"https:\/\/autointerior.eu\/fr\/wp-json\/wp\/v2\/pages\/4767\/revisions"}],"predecessor-version":[{"id":4772,"href":"https:\/\/autointerior.eu\/fr\/wp-json\/wp\/v2\/pages\/4767\/revisions\/4772"}],"wp:attachment":[{"href":"https:\/\/autointerior.eu\/fr\/wp-json\/wp\/v2\/media?parent=4767"}],"curies":[{"name":"wp","href":"https:\/\/api.w.org\/{rel}","templated":true}]}}