{"id":4773,"date":"2025-04-03T04:31:31","date_gmt":"2025-04-03T04:31:31","guid":{"rendered":"https:\/\/autointerior.eu\/comment-cest-fabrique\/"},"modified":"2026-01-13T07:32:10","modified_gmt":"2026-01-13T07:32:10","slug":"comment-cest-fabrique","status":"publish","type":"page","link":"https:\/\/autointerior.eu\/fr\/comment-cest-fabrique\/","title":{"rendered":"Comment c\u2019est fabriqu\u00e9"},"content":{"rendered":"\t\t<div data-elementor-type=\"wp-page\" data-elementor-id=\"4773\" class=\"elementor elementor-4773 elementor-48\" data-elementor-post-type=\"page\">\n\t\t\t\t<div class=\"elementor-element elementor-element-d270d09 e-flex e-con-boxed e-con e-parent\" data-id=\"d270d09\" data-element_type=\"container\" data-e-type=\"container\">\n\t\t\t\t\t<div class=\"e-con-inner\">\n\t\t<div class=\"elementor-element elementor-element-f639028 e-con-full e-flex e-con e-child\" data-id=\"f639028\" data-element_type=\"container\" data-e-type=\"container\">\n\t\t\t\t<div class=\"elementor-element elementor-element-6b4084d elementor-widget elementor-widget-heading\" data-id=\"6b4084d\" data-element_type=\"widget\" data-e-type=\"widget\" data-widget_type=\"heading.default\">\n\t\t\t\t<div class=\"elementor-widget-container\">\n\t\t\t\t\t<h2 class=\"elementor-heading-title elementor-size-default\">Il existe quatre raisons solides d\u2019opter pour nos housses de si\u00e8ge.<\/h2>\t\t\t\t<\/div>\n\t\t\t\t<\/div>\n\t\t\t\t<\/div>\n\t\t\t\t\t<\/div>\n\t\t\t\t<\/div>\n\t\t<div class=\"elementor-element elementor-element-3b50e45 e-flex e-con-boxed e-con e-parent\" data-id=\"3b50e45\" data-element_type=\"container\" data-e-type=\"container\">\n\t\t\t\t\t<div class=\"e-con-inner\">\n\t\t<div class=\"elementor-element elementor-element-83650ba e-con-full e-flex e-con e-child\" data-id=\"83650ba\" data-element_type=\"container\" data-e-type=\"container\">\n\t\t\t\t<div class=\"elementor-element elementor-element-12ad92c elementor-widget elementor-widget-image\" data-id=\"12ad92c\" data-element_type=\"widget\" data-e-type=\"widget\" data-widget_type=\"image.default\">\n\t\t\t\t<div class=\"elementor-widget-container\">\n\t\t\t\t\t\t\t\t\t\t\t\t\t\t\t<img fetchpriority=\"high\" decoding=\"async\" width=\"800\" height=\"600\" src=\"https:\/\/autointerior.eu\/wp-content\/uploads\/2025\/05\/scan-1024x768-1.jpg\" class=\"attachment-large size-large wp-image-2529\" alt=\"\" srcset=\"https:\/\/autointerior.eu\/wp-content\/uploads\/2025\/05\/scan-1024x768-1.jpg 1024w, https:\/\/autointerior.eu\/wp-content\/uploads\/2025\/05\/scan-1024x768-1-600x450.jpg 600w, https:\/\/autointerior.eu\/wp-content\/uploads\/2025\/05\/scan-1024x768-1-300x225.jpg 300w, https:\/\/autointerior.eu\/wp-content\/uploads\/2025\/05\/scan-1024x768-1-768x576.jpg 768w\" sizes=\"(max-width: 800px) 100vw, 800px\" \/>\t\t\t\t\t\t\t\t\t\t\t\t\t\t\t<\/div>\n\t\t\t\t<\/div>\n\t\t\t\t<div class=\"elementor-element elementor-element-a00406b elementor-widget elementor-widget-text-editor\" data-id=\"a00406b\" data-element_type=\"widget\" data-e-type=\"widget\" data-widget_type=\"text-editor.default\">\n\t\t\t\t<div class=\"elementor-widget-container\">\n\t\t\t\t\t\t\t\t\t<p>Nous utilisons une technologie de scan 3D de pointe pour fabriquer des housses de si\u00e8ge avec une pr\u00e9cision exceptionnelle de 0,2 mm, garantissant un ajustement parfaitement impeccable.<\/p>\t\t\t\t\t\t\t\t<\/div>\n\t\t\t\t<\/div>\n\t\t\t\t<\/div>\n\t\t<div class=\"elementor-element elementor-element-9f60fc4 e-con-full e-flex e-con e-child\" data-id=\"9f60fc4\" data-element_type=\"container\" data-e-type=\"container\">\n\t\t\t\t<div class=\"elementor-element elementor-element-6a423fb elementor-widget elementor-widget-image\" data-id=\"6a423fb\" data-element_type=\"widget\" data-e-type=\"widget\" data-widget_type=\"image.default\">\n\t\t\t\t<div class=\"elementor-widget-container\">\n\t\t\t\t\t\t\t\t\t\t\t\t\t\t\t<img decoding=\"async\" width=\"800\" height=\"600\" data-src=\"https:\/\/autointerior.eu\/wp-content\/uploads\/2025\/05\/leather-1024x768-1.jpg\" class=\"attachment-large size-large wp-image-2521 lazyload\" alt=\"\" data-srcset=\"https:\/\/autointerior.eu\/wp-content\/uploads\/2025\/05\/leather-1024x768-1.jpg 1024w, https:\/\/autointerior.eu\/wp-content\/uploads\/2025\/05\/leather-1024x768-1-600x450.jpg 600w, https:\/\/autointerior.eu\/wp-content\/uploads\/2025\/05\/leather-1024x768-1-300x225.jpg 300w, https:\/\/autointerior.eu\/wp-content\/uploads\/2025\/05\/leather-1024x768-1-768x576.jpg 768w\" data-sizes=\"(max-width: 800px) 100vw, 800px\" src=\"data:image\/svg+xml;base64,PHN2ZyB3aWR0aD0iMSIgaGVpZ2h0PSIxIiB4bWxucz0iaHR0cDovL3d3dy53My5vcmcvMjAwMC9zdmciPjwvc3ZnPg==\" style=\"--smush-placeholder-width: 800px; --smush-placeholder-aspect-ratio: 800\/600;\" \/>\t\t\t\t\t\t\t\t\t\t\t\t\t\t\t<\/div>\n\t\t\t\t<\/div>\n\t\t\t\t<div class=\"elementor-element elementor-element-b491ac0 elementor-widget elementor-widget-text-editor\" data-id=\"b491ac0\" data-element_type=\"widget\" data-e-type=\"widget\" data-widget_type=\"text-editor.default\">\n\t\t\t\t<div class=\"elementor-widget-container\">\n\t\t\t\t\t\t\t\t\t<p>Nous cr\u00e9ons des int\u00e9rieurs automobiles d\u2019exception alliant l\u2019\u00e9l\u00e9gance luxueuse de l\u2019effet cuir, le cuir Nappa italien v\u00e9ritable, l\u2019Alcantara d\u2019origine, le Dynaika Miko et des textiles automobiles, tout en offrant un excellent rapport qualit\u00e9-prix.<\/p>\t\t\t\t\t\t\t\t<\/div>\n\t\t\t\t<\/div>\n\t\t\t\t<\/div>\n\t\t<div class=\"elementor-element elementor-element-c05f59b e-con-full e-flex e-con e-child\" data-id=\"c05f59b\" data-element_type=\"container\" data-e-type=\"container\">\n\t\t\t\t<div class=\"elementor-element elementor-element-1f5e8c6 elementor-widget elementor-widget-image\" data-id=\"1f5e8c6\" data-element_type=\"widget\" data-e-type=\"widget\" data-widget_type=\"image.default\">\n\t\t\t\t<div class=\"elementor-widget-container\">\n\t\t\t\t\t\t\t\t\t\t\t\t\t\t\t<img decoding=\"async\" width=\"800\" height=\"600\" data-src=\"https:\/\/autointerior.eu\/wp-content\/uploads\/2025\/05\/masinadecusut-1024x768-1.jpg\" class=\"attachment-large size-large wp-image-2525 lazyload\" alt=\"\" data-srcset=\"https:\/\/autointerior.eu\/wp-content\/uploads\/2025\/05\/masinadecusut-1024x768-1.jpg 1024w, https:\/\/autointerior.eu\/wp-content\/uploads\/2025\/05\/masinadecusut-1024x768-1-600x450.jpg 600w, https:\/\/autointerior.eu\/wp-content\/uploads\/2025\/05\/masinadecusut-1024x768-1-300x225.jpg 300w, https:\/\/autointerior.eu\/wp-content\/uploads\/2025\/05\/masinadecusut-1024x768-1-768x576.jpg 768w\" data-sizes=\"(max-width: 800px) 100vw, 800px\" src=\"data:image\/svg+xml;base64,PHN2ZyB3aWR0aD0iMSIgaGVpZ2h0PSIxIiB4bWxucz0iaHR0cDovL3d3dy53My5vcmcvMjAwMC9zdmciPjwvc3ZnPg==\" style=\"--smush-placeholder-width: 800px; --smush-placeholder-aspect-ratio: 800\/600;\" \/>\t\t\t\t\t\t\t\t\t\t\t\t\t\t\t<\/div>\n\t\t\t\t<\/div>\n\t\t\t\t<div class=\"elementor-element elementor-element-4a0dd51 elementor-widget elementor-widget-text-editor\" data-id=\"4a0dd51\" data-element_type=\"widget\" data-e-type=\"widget\" data-widget_type=\"text-editor.default\">\n\t\t\t\t<div class=\"elementor-widget-container\">\n\t\t\t\t\t\t\t\t\t<p data-start=\"73\" data-end=\"279\">Nous utilisons des techniques de d\u00e9coupe de pr\u00e9cision pour confectionner nos housses de si\u00e8ge, en nous appuyant sur des \u00e9quipements de pointe ainsi que sur une \u00e9quipe exp\u00e9riment\u00e9e et pleinement engag\u00e9e.<\/p><p data-start=\"281\" data-end=\"325\">\u00a0<\/p>\t\t\t\t\t\t\t\t<\/div>\n\t\t\t\t<\/div>\n\t\t\t\t<\/div>\n\t\t<div class=\"elementor-element elementor-element-2c6258e e-con-full e-flex e-con e-child\" data-id=\"2c6258e\" data-element_type=\"container\" data-e-type=\"container\">\n\t\t\t\t<div class=\"elementor-element elementor-element-519ce80 elementor-widget elementor-widget-image\" data-id=\"519ce80\" data-element_type=\"widget\" data-e-type=\"widget\" data-widget_type=\"image.default\">\n\t\t\t\t<div class=\"elementor-widget-container\">\n\t\t\t\t\t\t\t\t\t\t\t\t\t\t\t<img decoding=\"async\" width=\"800\" height=\"600\" data-src=\"https:\/\/autointerior.eu\/wp-content\/uploads\/2025\/05\/callcenter-1024x768-1.jpg\" class=\"attachment-large size-large wp-image-2517 lazyload\" alt=\"\" data-srcset=\"https:\/\/autointerior.eu\/wp-content\/uploads\/2025\/05\/callcenter-1024x768-1.jpg 1024w, https:\/\/autointerior.eu\/wp-content\/uploads\/2025\/05\/callcenter-1024x768-1-600x450.jpg 600w, https:\/\/autointerior.eu\/wp-content\/uploads\/2025\/05\/callcenter-1024x768-1-300x225.jpg 300w, https:\/\/autointerior.eu\/wp-content\/uploads\/2025\/05\/callcenter-1024x768-1-768x576.jpg 768w\" data-sizes=\"(max-width: 800px) 100vw, 800px\" src=\"data:image\/svg+xml;base64,PHN2ZyB3aWR0aD0iMSIgaGVpZ2h0PSIxIiB4bWxucz0iaHR0cDovL3d3dy53My5vcmcvMjAwMC9zdmciPjwvc3ZnPg==\" style=\"--smush-placeholder-width: 800px; --smush-placeholder-aspect-ratio: 800\/600;\" \/>\t\t\t\t\t\t\t\t\t\t\t\t\t\t\t<\/div>\n\t\t\t\t<\/div>\n\t\t\t\t<div class=\"elementor-element elementor-element-f762e2c elementor-widget elementor-widget-text-editor\" data-id=\"f762e2c\" data-element_type=\"widget\" data-e-type=\"widget\" data-widget_type=\"text-editor.default\">\n\t\t\t\t<div class=\"elementor-widget-container\">\n\t\t\t\t\t\t\t\t\t<p>Notre \u00e9quipe de service client vous accompagne dans des choix \u00e9clair\u00e9s, vous guide tout au long du processus d\u2019achat et vous offre un service apr\u00e8s-vente complet, incluant une assistance pour l\u2019installation du produit.<\/p>\t\t\t\t\t\t\t\t<\/div>\n\t\t\t\t<\/div>\n\t\t\t\t<\/div>\n\t\t\t\t\t<\/div>\n\t\t\t\t<\/div>\n\t\t<div class=\"elementor-element elementor-element-59b9d74 e-flex e-con-boxed e-con e-parent\" data-id=\"59b9d74\" data-element_type=\"container\" data-e-type=\"container\">\n\t\t\t\t\t<div class=\"e-con-inner\">\n\t\t\t\t<div class=\"elementor-element elementor-element-5a58ac0 elementor-widget elementor-widget-text-editor\" data-id=\"5a58ac0\" data-element_type=\"widget\" data-e-type=\"widget\" data-widget_type=\"text-editor.default\">\n\t\t\t\t<div class=\"elementor-widget-container\">\n\t\t\t\t\t\t\t\t\t<p data-start=\"123\" data-end=\"637\"><strong data-start=\"123\" data-end=\"637\">Nous sommes une \u00e9quipe dynamique d\u2019experts en int\u00e9rieur automobile, fond\u00e9e il y a 14 ans, sp\u00e9cialis\u00e9e dans l\u2019am\u00e9nagement et la vente d\u2019int\u00e9rieurs auto. En 2020, nous avons \u00e9tendu notre activit\u00e9 \u00e0 la production, en int\u00e9grant les technologies les plus avanc\u00e9es de l\u2019industrie automobile.<br data-start=\"410\" data-end=\"413\" \/>Notre engagement constant en faveur de l\u2019innovation nous permet de proposer des produits d\u2019exception, int\u00e9grant des avanc\u00e9es de pointe et donnant naissance \u00e0 des int\u00e9rieurs automobiles haut de gamme, jamais vus auparavant.<\/strong><\/p><h3 data-start=\"639\" data-end=\"671\"><strong data-start=\"643\" data-end=\"671\">Comment c\u2019est fabriqu\u00e9 ?<\/strong><\/h3><p data-start=\"673\" data-end=\"962\"><strong data-start=\"673\" data-end=\"704\">1. Identification du mod\u00e8le<\/strong><br data-start=\"704\" data-end=\"707\" \/>La premi\u00e8re \u00e9tape consiste \u00e0 identifier pr\u00e9cis\u00e9ment le mod\u00e8le du v\u00e9hicule du client, le type de si\u00e8ges et la configuration souhait\u00e9e. Cela nous permet de rechercher le mod\u00e8le correspondant chez les concessionnaires locaux et de d\u00e9terminer le patron exact.<\/p><p data-start=\"964\" data-end=\"1310\"><strong data-start=\"964\" data-end=\"999\">2. Scan 3D &amp; cr\u00e9ation du patron<\/strong><br data-start=\"999\" data-end=\"1002\" \/>Nous proc\u00e9dons ensuite au scan 3D, une \u00e9tape qui dure g\u00e9n\u00e9ralement entre 5 et 6 heures. La cr\u00e9ation du patron est un processus minutieux n\u00e9cessitant environ 16 \u00e0 20 heures de travail. Bien que nous disposions d\u00e9j\u00e0 d\u2019un grand nombre de patrons, nous d\u00e9veloppons chaque ann\u00e9e entre 120 et 170 nouveaux mod\u00e8les.<\/p><p data-start=\"1312\" data-end=\"1747\"><strong data-start=\"1312\" data-end=\"1357\">3. S\u00e9lection et pr\u00e9paration des mat\u00e9riaux<\/strong><br data-start=\"1357\" data-end=\"1360\" \/>Une attention particuli\u00e8re est port\u00e9e \u00e0 la s\u00e9lection du cuir et des autres mat\u00e9riaux afin d\u2019\u00e9viter toute imperfection lors de la d\u00e9coupe. Environ 80 % de nos mat\u00e9riaux sont pr\u00e9-lamin\u00e9s gr\u00e2ce \u00e0 un proc\u00e9d\u00e9 sp\u00e9cial \u00e0 3 couches. Le cuir et certains mat\u00e9riaux sont lamin\u00e9s en interne. Notre technique exclusive de lamination en 3 couches am\u00e9liore consid\u00e9rablement le confort et la durabilit\u00e9.<\/p><p data-start=\"1749\" data-end=\"1961\"><strong data-start=\"1749\" data-end=\"1785\">4. Pr\u00e9cision en salle de d\u00e9coupe<\/strong><br data-start=\"1785\" data-end=\"1788\" \/>Une fois les mat\u00e9riaux pr\u00eats, ils sont envoy\u00e9s dans notre salle de d\u00e9coupe, o\u00f9 nous utilisons une machine CNC sp\u00e9cialis\u00e9e, garantissant une pr\u00e9cision absolue \u00e0 chaque \u00e9tape.<\/p><p data-start=\"1963\" data-end=\"2241\"><strong data-start=\"1963\" data-end=\"1991\">5. Excellence en couture<\/strong><br data-start=\"1991\" data-end=\"1994\" \/>Notre atelier de couture se distingue par une pr\u00e9paration irr\u00e9prochable et un savoir-faire avanc\u00e9. Gr\u00e2ce aux machines de couture les plus r\u00e9centes et \u00e0 une \u00e9quipe hautement qualifi\u00e9e, chaque pi\u00e8ce est r\u00e9alis\u00e9e avec un niveau de finition sup\u00e9rieur.<\/p><p data-start=\"2243\" data-end=\"2446\"><strong data-start=\"2243\" data-end=\"2277\">6. Tests et ajustements finaux<\/strong><br data-start=\"2277\" data-end=\"2280\" \/>Avant la livraison, chaque produit est soumis \u00e0 des tests rigoureux. Les ajustements n\u00e9cessaires sont effectu\u00e9s \u00e0 ce stade afin de garantir une qualit\u00e9 irr\u00e9prochable.<\/p><p data-start=\"2448\" data-end=\"2656\"><strong data-start=\"2448\" data-end=\"2477\">7. Emballage et livraison<\/strong><br data-start=\"2477\" data-end=\"2480\" \/>Nous proc\u00e9dons \u00e0 un dernier contr\u00f4le minutieux, pr\u00e9parons soigneusement les accessoires, puis exp\u00e9dions le produit dans les meilleures conditions jusqu\u2019\u00e0 sa destination finale.<\/p>\t\t\t\t\t\t\t\t<\/div>\n\t\t\t\t<\/div>\n\t\t\t\t\t<\/div>\n\t\t\t\t<\/div>\n\t\t\t\t<\/div>\n\t\t","protected":false},"excerpt":{"rendered":"<p>Il existe quatre raisons solides d\u2019opter pour nos housses de si\u00e8ge. Nous utilisons une technologie de scan 3D de pointe pour fabriquer des housses de si\u00e8ge avec une pr\u00e9cision exceptionnelle de 0,2 mm, garantissant un ajustement parfaitement impeccable. Nous cr\u00e9ons des int\u00e9rieurs automobiles d\u2019exception alliant l\u2019\u00e9l\u00e9gance luxueuse de l\u2019effet cuir, le cuir Nappa italien v\u00e9ritable, [&hellip;]<\/p>\n","protected":false},"author":1,"featured_media":0,"parent":0,"menu_order":0,"comment_status":"closed","ping_status":"closed","template":"","meta":{"footnotes":""},"class_list":["post-4773","page","type-page","status-publish","hentry"],"yoast_head":"<!-- This site is optimized with the Yoast SEO plugin v27.4 - https:\/\/yoast.com\/product\/yoast-seo-wordpress\/ -->\n<title>Fabrication housse auto \u2013 Comment nos housses sont fabriqu\u00e9es | AutoInterior<\/title>\n<meta name=\"description\" content=\"D\u00e9couvrez le processus de fabrication des housses auto. Mat\u00e9riaux premium, pr\u00e9cision et savoir-faire artisanal.\" \/>\n<meta name=\"robots\" content=\"index, follow, max-snippet:-1, max-image-preview:large, max-video-preview:-1\" \/>\n<link rel=\"canonical\" href=\"https:\/\/autointerior.eu\/fr\/comment-cest-fabrique\/\" \/>\n<meta property=\"og:locale\" content=\"fr_FR\" \/>\n<meta property=\"og:type\" content=\"article\" \/>\n<meta property=\"og:title\" content=\"Fabrication housse auto \u2013 Comment nos housses sont fabriqu\u00e9es | AutoInterior\" \/>\n<meta property=\"og:description\" content=\"D\u00e9couvrez le processus de fabrication des housses auto. Mat\u00e9riaux premium, pr\u00e9cision et savoir-faire artisanal.\" \/>\n<meta property=\"og:url\" content=\"https:\/\/autointerior.eu\/fr\/comment-cest-fabrique\/\" \/>\n<meta property=\"og:site_name\" content=\"autointerior.eu\" \/>\n<meta property=\"article:modified_time\" content=\"2026-01-13T07:32:10+00:00\" \/>\n<meta property=\"og:image\" content=\"https:\/\/autointerior.eu\/wp-content\/uploads\/2025\/05\/scan-1024x768-1.jpg\" \/>\n<meta name=\"twitter:card\" content=\"summary_large_image\" \/>\n<meta name=\"twitter:label1\" content=\"Dur\u00e9e de lecture estim\u00e9e\" \/>\n\t<meta name=\"twitter:data1\" content=\"4 minutes\" \/>\n<script type=\"application\/ld+json\" class=\"yoast-schema-graph\">{\"@context\":\"https:\\\/\\\/schema.org\",\"@graph\":[{\"@type\":\"WebPage\",\"@id\":\"https:\\\/\\\/autointerior.eu\\\/fr\\\/comment-cest-fabrique\\\/\",\"url\":\"https:\\\/\\\/autointerior.eu\\\/fr\\\/comment-cest-fabrique\\\/\",\"name\":\"Fabrication housse auto \u2013 Comment nos housses sont fabriqu\u00e9es | AutoInterior\",\"isPartOf\":{\"@id\":\"https:\\\/\\\/autointerior.eu\\\/#website\"},\"primaryImageOfPage\":{\"@id\":\"https:\\\/\\\/autointerior.eu\\\/fr\\\/comment-cest-fabrique\\\/#primaryimage\"},\"image\":{\"@id\":\"https:\\\/\\\/autointerior.eu\\\/fr\\\/comment-cest-fabrique\\\/#primaryimage\"},\"thumbnailUrl\":\"https:\\\/\\\/autointerior.eu\\\/wp-content\\\/uploads\\\/2025\\\/05\\\/scan-1024x768-1.jpg\",\"datePublished\":\"2025-04-03T04:31:31+00:00\",\"dateModified\":\"2026-01-13T07:32:10+00:00\",\"description\":\"D\u00e9couvrez le processus de fabrication des housses auto. Mat\u00e9riaux premium, pr\u00e9cision et savoir-faire artisanal.\",\"breadcrumb\":{\"@id\":\"https:\\\/\\\/autointerior.eu\\\/fr\\\/comment-cest-fabrique\\\/#breadcrumb\"},\"inLanguage\":\"fr-FR\",\"potentialAction\":[{\"@type\":\"ReadAction\",\"target\":[\"https:\\\/\\\/autointerior.eu\\\/fr\\\/comment-cest-fabrique\\\/\"]}]},{\"@type\":\"ImageObject\",\"inLanguage\":\"fr-FR\",\"@id\":\"https:\\\/\\\/autointerior.eu\\\/fr\\\/comment-cest-fabrique\\\/#primaryimage\",\"url\":\"https:\\\/\\\/autointerior.eu\\\/wp-content\\\/uploads\\\/2025\\\/05\\\/scan-1024x768-1.jpg\",\"contentUrl\":\"https:\\\/\\\/autointerior.eu\\\/wp-content\\\/uploads\\\/2025\\\/05\\\/scan-1024x768-1.jpg\"},{\"@type\":\"BreadcrumbList\",\"@id\":\"https:\\\/\\\/autointerior.eu\\\/fr\\\/comment-cest-fabrique\\\/#breadcrumb\",\"itemListElement\":[{\"@type\":\"ListItem\",\"position\":1,\"name\":\"Home\",\"item\":\"https:\\\/\\\/autointerior.eu\\\/fr\\\/page-daccueil\\\/\"},{\"@type\":\"ListItem\",\"position\":2,\"name\":\"Comment c\u2019est fabriqu\u00e9\"}]},{\"@type\":\"WebSite\",\"@id\":\"https:\\\/\\\/autointerior.eu\\\/#website\",\"url\":\"https:\\\/\\\/autointerior.eu\\\/\",\"name\":\"autointerior.eu\",\"description\":\"Custom car seat covers \u2013 Perfect fit and premium quality\",\"potentialAction\":[{\"@type\":\"SearchAction\",\"target\":{\"@type\":\"EntryPoint\",\"urlTemplate\":\"https:\\\/\\\/autointerior.eu\\\/?s={search_term_string}\"},\"query-input\":{\"@type\":\"PropertyValueSpecification\",\"valueRequired\":true,\"valueName\":\"search_term_string\"}}],\"inLanguage\":\"fr-FR\"}]}<\/script>\n<!-- \/ Yoast SEO plugin. -->","yoast_head_json":{"title":"Fabrication housse auto \u2013 Comment nos housses sont fabriqu\u00e9es | AutoInterior","description":"D\u00e9couvrez le processus de fabrication des housses auto. Mat\u00e9riaux premium, pr\u00e9cision et savoir-faire artisanal.","robots":{"index":"index","follow":"follow","max-snippet":"max-snippet:-1","max-image-preview":"max-image-preview:large","max-video-preview":"max-video-preview:-1"},"canonical":"https:\/\/autointerior.eu\/fr\/comment-cest-fabrique\/","og_locale":"fr_FR","og_type":"article","og_title":"Fabrication housse auto \u2013 Comment nos housses sont fabriqu\u00e9es | AutoInterior","og_description":"D\u00e9couvrez le processus de fabrication des housses auto. Mat\u00e9riaux premium, pr\u00e9cision et savoir-faire artisanal.","og_url":"https:\/\/autointerior.eu\/fr\/comment-cest-fabrique\/","og_site_name":"autointerior.eu","article_modified_time":"2026-01-13T07:32:10+00:00","og_image":[{"url":"https:\/\/autointerior.eu\/wp-content\/uploads\/2025\/05\/scan-1024x768-1.jpg","type":"","width":"","height":""}],"twitter_card":"summary_large_image","twitter_misc":{"Dur\u00e9e de lecture estim\u00e9e":"4 minutes"},"schema":{"@context":"https:\/\/schema.org","@graph":[{"@type":"WebPage","@id":"https:\/\/autointerior.eu\/fr\/comment-cest-fabrique\/","url":"https:\/\/autointerior.eu\/fr\/comment-cest-fabrique\/","name":"Fabrication housse auto \u2013 Comment nos housses sont fabriqu\u00e9es | AutoInterior","isPartOf":{"@id":"https:\/\/autointerior.eu\/#website"},"primaryImageOfPage":{"@id":"https:\/\/autointerior.eu\/fr\/comment-cest-fabrique\/#primaryimage"},"image":{"@id":"https:\/\/autointerior.eu\/fr\/comment-cest-fabrique\/#primaryimage"},"thumbnailUrl":"https:\/\/autointerior.eu\/wp-content\/uploads\/2025\/05\/scan-1024x768-1.jpg","datePublished":"2025-04-03T04:31:31+00:00","dateModified":"2026-01-13T07:32:10+00:00","description":"D\u00e9couvrez le processus de fabrication des housses auto. Mat\u00e9riaux premium, pr\u00e9cision et savoir-faire artisanal.","breadcrumb":{"@id":"https:\/\/autointerior.eu\/fr\/comment-cest-fabrique\/#breadcrumb"},"inLanguage":"fr-FR","potentialAction":[{"@type":"ReadAction","target":["https:\/\/autointerior.eu\/fr\/comment-cest-fabrique\/"]}]},{"@type":"ImageObject","inLanguage":"fr-FR","@id":"https:\/\/autointerior.eu\/fr\/comment-cest-fabrique\/#primaryimage","url":"https:\/\/autointerior.eu\/wp-content\/uploads\/2025\/05\/scan-1024x768-1.jpg","contentUrl":"https:\/\/autointerior.eu\/wp-content\/uploads\/2025\/05\/scan-1024x768-1.jpg"},{"@type":"BreadcrumbList","@id":"https:\/\/autointerior.eu\/fr\/comment-cest-fabrique\/#breadcrumb","itemListElement":[{"@type":"ListItem","position":1,"name":"Home","item":"https:\/\/autointerior.eu\/fr\/page-daccueil\/"},{"@type":"ListItem","position":2,"name":"Comment c\u2019est fabriqu\u00e9"}]},{"@type":"WebSite","@id":"https:\/\/autointerior.eu\/#website","url":"https:\/\/autointerior.eu\/","name":"autointerior.eu","description":"Custom car seat covers \u2013 Perfect fit and premium quality","potentialAction":[{"@type":"SearchAction","target":{"@type":"EntryPoint","urlTemplate":"https:\/\/autointerior.eu\/?s={search_term_string}"},"query-input":{"@type":"PropertyValueSpecification","valueRequired":true,"valueName":"search_term_string"}}],"inLanguage":"fr-FR"}]}},"jetpack_sharing_enabled":true,"_links":{"self":[{"href":"https:\/\/autointerior.eu\/fr\/wp-json\/wp\/v2\/pages\/4773","targetHints":{"allow":["GET"]}}],"collection":[{"href":"https:\/\/autointerior.eu\/fr\/wp-json\/wp\/v2\/pages"}],"about":[{"href":"https:\/\/autointerior.eu\/fr\/wp-json\/wp\/v2\/types\/page"}],"author":[{"embeddable":true,"href":"https:\/\/autointerior.eu\/fr\/wp-json\/wp\/v2\/users\/1"}],"replies":[{"embeddable":true,"href":"https:\/\/autointerior.eu\/fr\/wp-json\/wp\/v2\/comments?post=4773"}],"version-history":[{"count":4,"href":"https:\/\/autointerior.eu\/fr\/wp-json\/wp\/v2\/pages\/4773\/revisions"}],"predecessor-version":[{"id":4779,"href":"https:\/\/autointerior.eu\/fr\/wp-json\/wp\/v2\/pages\/4773\/revisions\/4779"}],"wp:attachment":[{"href":"https:\/\/autointerior.eu\/fr\/wp-json\/wp\/v2\/media?parent=4773"}],"curies":[{"name":"wp","href":"https:\/\/api.w.org\/{rel}","templated":true}]}}