{"id":4795,"date":"2025-04-03T04:32:30","date_gmt":"2025-04-03T04:32:30","guid":{"rendered":"https:\/\/autointerior.eu\/actualites\/"},"modified":"2026-01-13T07:35:35","modified_gmt":"2026-01-13T07:35:35","slug":"actualites","status":"publish","type":"page","link":"https:\/\/autointerior.eu\/fr\/actualites\/","title":{"rendered":"Actualit\u00e9s"},"content":{"rendered":"\t\t<div data-elementor-type=\"wp-page\" data-elementor-id=\"4795\" class=\"elementor elementor-4795 elementor-54\" data-elementor-post-type=\"page\">\n\t\t\t\t<div class=\"elementor-element elementor-element-aa8ec97 e-flex e-con-boxed e-con e-parent\" data-id=\"aa8ec97\" data-element_type=\"container\" data-e-type=\"container\">\n\t\t\t\t\t<div class=\"e-con-inner\">\n\t\t<div class=\"elementor-element elementor-element-2a90c2d e-con-full e-flex e-con e-child\" data-id=\"2a90c2d\" data-element_type=\"container\" data-e-type=\"container\">\n\t\t\t\t<div class=\"elementor-element elementor-element-be74d73 elementor-grid-1 elementor-grid-tablet-2 elementor-grid-mobile-1 elementor-posts--thumbnail-top elementor-widget elementor-widget-posts\" data-id=\"be74d73\" data-element_type=\"widget\" data-e-type=\"widget\" data-settings=\"{&quot;classic_columns&quot;:&quot;1&quot;,&quot;classic_columns_tablet&quot;:&quot;2&quot;,&quot;classic_columns_mobile&quot;:&quot;1&quot;,&quot;classic_row_gap&quot;:{&quot;unit&quot;:&quot;px&quot;,&quot;size&quot;:35,&quot;sizes&quot;:[]},&quot;classic_row_gap_tablet&quot;:{&quot;unit&quot;:&quot;px&quot;,&quot;size&quot;:&quot;&quot;,&quot;sizes&quot;:[]},&quot;classic_row_gap_mobile&quot;:{&quot;unit&quot;:&quot;px&quot;,&quot;size&quot;:&quot;&quot;,&quot;sizes&quot;:[]}}\" data-widget_type=\"posts.classic\">\n\t\t\t\t<div class=\"elementor-widget-container\">\n\t\t\t\t\t\t\t<div class=\"elementor-posts-container elementor-posts elementor-posts--skin-classic elementor-grid\" role=\"list\">\n\t\t\t\t<article class=\"elementor-post elementor-grid-item post-6753 post type-post status-publish format-standard hentry category-actualites tag-housses-de-sieges-auto tag-housses-de-sieges-auto-personnalisees tag-housses-de-sieges-auto-sur-mesure\" role=\"listitem\">\n\t\t\t\t<div class=\"elementor-post__text\">\n\t\t\t\t<h3 class=\"elementor-post__title\">\n\t\t\t<a href=\"https:\/\/autointerior.eu\/fr\/actualites\/housses-de-sieges-auto-pour-renault-symbioz-2026\/\" >\n\t\t\t\tHousses de si\u00e8ges auto pour Renault Symbioz 2026\t\t\t<\/a>\n\t\t<\/h3>\n\t\t\t\t<div class=\"elementor-post__meta-data\">\n\t\t\t\t\t<span class=\"elementor-post-date\">\n\t\t\t20 avril 2026\t\t<\/span>\n\t\t\t\t<span class=\"elementor-post-avatar\">\n\t\t\tAucun commentaire\t\t<\/span>\n\t\t\t\t<\/div>\n\t\t\t\t<div class=\"elementor-post__excerpt\">\n\t\t\t<p>Housses de si\u00e8ges auto pour Renault Symbioz 2026 Choisir les bonnes housses de si\u00e8ges auto pour le nouveau Renault Symbioz est une \u00e9tape essentielle pour<\/p>\n\t\t<\/div>\n\t\t\n\t\t<a class=\"elementor-post__read-more\" href=\"https:\/\/autointerior.eu\/fr\/actualites\/housses-de-sieges-auto-pour-renault-symbioz-2026\/\" aria-label=\"En savoir plus sur Housses de si\u00e8ges auto pour Renault Symbioz 2026\" tabindex=\"-1\" >\n\t\t\tLire la suite \u00bb\t\t<\/a>\n\n\t\t\t\t<\/div>\n\t\t\t\t<\/article>\n\t\t\t\t<article class=\"elementor-post elementor-grid-item post-6773 post type-post status-publish format-standard hentry category-actualites tag-housses-de-sieges-auto tag-housses-de-sieges-auto-personnalisees tag-housses-de-sieges-auto-sur-mesure\" role=\"listitem\">\n\t\t\t\t<div class=\"elementor-post__text\">\n\t\t\t\t<h3 class=\"elementor-post__title\">\n\t\t\t<a href=\"https:\/\/autointerior.eu\/fr\/actualites\/housses-de-siege-auto-pour-renault-austral-2026\/\" >\n\t\t\t\tHousses de si\u00e8ge auto pour Renault Austral 2026\t\t\t<\/a>\n\t\t<\/h3>\n\t\t\t\t<div class=\"elementor-post__meta-data\">\n\t\t\t\t\t<span class=\"elementor-post-date\">\n\t\t\t16 avril 2026\t\t<\/span>\n\t\t\t\t<span class=\"elementor-post-avatar\">\n\t\t\tAucun commentaire\t\t<\/span>\n\t\t\t\t<\/div>\n\t\t\t\t<div class=\"elementor-post__excerpt\">\n\t\t\t<p>Housses de si\u00e8ge auto pour Renault Austral 2026 Choisir les bonnes housses de si\u00e8ge pour la Renault Austral signifie investir dans la durabilit\u00e9 d\u2019un SUV<\/p>\n\t\t<\/div>\n\t\t\n\t\t<a class=\"elementor-post__read-more\" href=\"https:\/\/autointerior.eu\/fr\/actualites\/housses-de-siege-auto-pour-renault-austral-2026\/\" aria-label=\"En savoir plus sur Housses de si\u00e8ge auto pour Renault Austral 2026\" tabindex=\"-1\" >\n\t\t\tLire la suite \u00bb\t\t<\/a>\n\n\t\t\t\t<\/div>\n\t\t\t\t<\/article>\n\t\t\t\t<article class=\"elementor-post elementor-grid-item post-6821 post type-post status-publish format-standard hentry category-actualites tag-housses-de-sieges-auto tag-housses-de-sieges-auto-personnalisees tag-housses-de-sieges-auto-sur-mesure\" role=\"listitem\">\n\t\t\t\t<div class=\"elementor-post__text\">\n\t\t\t\t<h3 class=\"elementor-post__title\">\n\t\t\t<a href=\"https:\/\/autointerior.eu\/fr\/actualites\/housses-de-siege-auto-pour-volkswagen-polo-vi\/\" >\n\t\t\t\t<br>Housses de si\u00e8ge auto pour Volkswagen Polo VI\t\t\t<\/a>\n\t\t<\/h3>\n\t\t\t\t<div class=\"elementor-post__meta-data\">\n\t\t\t\t\t<span class=\"elementor-post-date\">\n\t\t\t26 janvier 2026\t\t<\/span>\n\t\t\t\t<span class=\"elementor-post-avatar\">\n\t\t\tAucun commentaire\t\t<\/span>\n\t\t\t\t<\/div>\n\t\t\t\t<div class=\"elementor-post__excerpt\">\n\t\t\t<p>Choisir des housses de si\u00e8ge auto pour la Volkswagen Polo est une d\u00e9cision strat\u00e9gique pour ceux qui souhaitent pr\u00e9server la valeur et le prestige de<\/p>\n\t\t<\/div>\n\t\t\n\t\t<a class=\"elementor-post__read-more\" href=\"https:\/\/autointerior.eu\/fr\/actualites\/housses-de-siege-auto-pour-volkswagen-polo-vi\/\" aria-label=\"En savoir plus sur &lt;br&gt;Housses de si\u00e8ge auto pour Volkswagen Polo VI\" tabindex=\"-1\" >\n\t\t\tLire la suite \u00bb\t\t<\/a>\n\n\t\t\t\t<\/div>\n\t\t\t\t<\/article>\n\t\t\t\t<article class=\"elementor-post elementor-grid-item post-6813 post type-post status-publish format-standard hentry category-actualites tag-housses-de-sieges-auto tag-housses-de-sieges-auto-personnalisees tag-housses-de-sieges-auto-sur-mesure\" role=\"listitem\">\n\t\t\t\t<div class=\"elementor-post__text\">\n\t\t\t\t<h3 class=\"elementor-post__title\">\n\t\t\t<a href=\"https:\/\/autointerior.eu\/fr\/actualites\/housses-de-siege-auto-pour-ford-capri\/\" >\n\t\t\t\tHousses de si\u00e8ge auto pour Ford Capri\t\t\t<\/a>\n\t\t<\/h3>\n\t\t\t\t<div class=\"elementor-post__meta-data\">\n\t\t\t\t\t<span class=\"elementor-post-date\">\n\t\t\t26 janvier 2026\t\t<\/span>\n\t\t\t\t<span class=\"elementor-post-avatar\">\n\t\t\tAucun commentaire\t\t<\/span>\n\t\t\t\t<\/div>\n\t\t\t\t<div class=\"elementor-post__excerpt\">\n\t\t\t<p>Les nouvelles housses de si\u00e8ge auto pour Ford Capri repr\u00e9sentent le choix premium pour ceux qui souhaitent associer l\u2019\u00e2me sportive de ce SUV coup\u00e9 \u00e9lectrique<\/p>\n\t\t<\/div>\n\t\t\n\t\t<a class=\"elementor-post__read-more\" href=\"https:\/\/autointerior.eu\/fr\/actualites\/housses-de-siege-auto-pour-ford-capri\/\" aria-label=\"En savoir plus sur Housses de si\u00e8ge auto pour Ford Capri\" tabindex=\"-1\" >\n\t\t\tLire la suite \u00bb\t\t<\/a>\n\n\t\t\t\t<\/div>\n\t\t\t\t<\/article>\n\t\t\t\t<article class=\"elementor-post elementor-grid-item post-6805 post type-post status-publish format-standard hentry category-actualites tag-housses-de-sieges-auto tag-housses-de-sieges-auto-personnalisees tag-housses-de-sieges-auto-sur-mesure\" role=\"listitem\">\n\t\t\t\t<div class=\"elementor-post__text\">\n\t\t\t\t<h3 class=\"elementor-post__title\">\n\t\t\t<a href=\"https:\/\/autointerior.eu\/fr\/actualites\/housses-de-siege-auto-pour-citroen-c3-2026\/\" >\n\t\t\t\t<br>Housses de si\u00e8ge auto pour Citro\u00ebn C3 2026\t\t\t<\/a>\n\t\t<\/h3>\n\t\t\t\t<div class=\"elementor-post__meta-data\">\n\t\t\t\t\t<span class=\"elementor-post-date\">\n\t\t\t26 janvier 2026\t\t<\/span>\n\t\t\t\t<span class=\"elementor-post-avatar\">\n\t\t\tAucun commentaire\t\t<\/span>\n\t\t\t\t<\/div>\n\t\t\t\t<div class=\"elementor-post__excerpt\">\n\t\t\t<p>Choisir les bonnes housses de si\u00e8ge pour votre Citro\u00ebn C3 est une \u00e9tape essentielle pour pr\u00e9server l\u2019int\u00e9grit\u00e9 et le style de l\u2019un des v\u00e9hicules europ\u00e9ens<\/p>\n\t\t<\/div>\n\t\t\n\t\t<a class=\"elementor-post__read-more\" href=\"https:\/\/autointerior.eu\/fr\/actualites\/housses-de-siege-auto-pour-citroen-c3-2026\/\" aria-label=\"En savoir plus sur &lt;br&gt;Housses de si\u00e8ge auto pour Citro\u00ebn C3 2026\" tabindex=\"-1\" >\n\t\t\tLire la suite \u00bb\t\t<\/a>\n\n\t\t\t\t<\/div>\n\t\t\t\t<\/article>\n\t\t\t\t<article class=\"elementor-post elementor-grid-item post-6797 post type-post status-publish format-standard hentry category-actualites tag-housses-de-sieges-auto tag-housses-de-sieges-auto-personnalisees tag-housses-de-sieges-auto-sur-mesure\" role=\"listitem\">\n\t\t\t\t<div class=\"elementor-post__text\">\n\t\t\t\t<h3 class=\"elementor-post__title\">\n\t\t\t<a href=\"https:\/\/autointerior.eu\/fr\/actualites\/housses-de-siege-auto-pour-dacia-sandero\/\" >\n\t\t\t\tHousses de si\u00e8ge auto pour Dacia Sandero\t\t\t<\/a>\n\t\t<\/h3>\n\t\t\t\t<div class=\"elementor-post__meta-data\">\n\t\t\t\t\t<span class=\"elementor-post-date\">\n\t\t\t22 janvier 2026\t\t<\/span>\n\t\t\t\t<span class=\"elementor-post-avatar\">\n\t\t\tAucun commentaire\t\t<\/span>\n\t\t\t\t<\/div>\n\t\t\t\t<div class=\"elementor-post__excerpt\">\n\t\t\t<p>Protection premium et style sur mesure Choisir les bonnes housses de si\u00e8ge pour votre Dacia Sandero est un investissement strat\u00e9gique qui combine esth\u00e9tique et fonctionnalit\u00e9.<\/p>\n\t\t<\/div>\n\t\t\n\t\t<a class=\"elementor-post__read-more\" href=\"https:\/\/autointerior.eu\/fr\/actualites\/housses-de-siege-auto-pour-dacia-sandero\/\" aria-label=\"En savoir plus sur Housses de si\u00e8ge auto pour Dacia Sandero\" tabindex=\"-1\" >\n\t\t\tLire la suite \u00bb\t\t<\/a>\n\n\t\t\t\t<\/div>\n\t\t\t\t<\/article>\n\t\t\t\t<\/div>\n\t\t\n\t\t\t\t\t\t<\/div>\n\t\t\t\t<\/div>\n\t\t\t\t<\/div>\n\t\t<div class=\"elementor-element elementor-element-5a4713b e-con-full e-flex e-con e-child\" data-id=\"5a4713b\" data-element_type=\"container\" data-e-type=\"container\">\n\t\t\t\t<div class=\"elementor-element elementor-element-cbcd190 elementor-grid-1 elementor-grid-tablet-2 elementor-grid-mobile-1 elementor-posts--thumbnail-top elementor-widget elementor-widget-archive-posts\" data-id=\"cbcd190\" data-element_type=\"widget\" data-e-type=\"widget\" data-settings=\"{&quot;archive_classic_columns&quot;:&quot;1&quot;,&quot;archive_classic_columns_tablet&quot;:&quot;2&quot;,&quot;archive_classic_columns_mobile&quot;:&quot;1&quot;,&quot;archive_classic_row_gap&quot;:{&quot;unit&quot;:&quot;px&quot;,&quot;size&quot;:35,&quot;sizes&quot;:[]},&quot;archive_classic_row_gap_tablet&quot;:{&quot;unit&quot;:&quot;px&quot;,&quot;size&quot;:&quot;&quot;,&quot;sizes&quot;:[]},&quot;archive_classic_row_gap_mobile&quot;:{&quot;unit&quot;:&quot;px&quot;,&quot;size&quot;:&quot;&quot;,&quot;sizes&quot;:[]},&quot;pagination_type&quot;:&quot;numbers&quot;}\" data-widget_type=\"archive-posts.archive_classic\">\n\t\t\t\t<div class=\"elementor-widget-container\">\n\t\t\t\t\t\t\t<div class=\"elementor-posts-container elementor-posts elementor-posts--skin-classic elementor-grid\" role=\"list\">\n\t\t\t\t\t\t<div class=\"elementor-posts-nothing-found\">\n\t\t\t\t\t\u2192 Il semble que nous ne trouvions pas ce que vous recherchez.\t\t\t\t<\/div>\n\t\t\t\t\t<\/div>\n\t\t\n\t\t\t\t\t\t<\/div>\n\t\t\t\t<\/div>\n\t\t\t\t<\/div>\n\t\t\t\t\t<\/div>\n\t\t\t\t<\/div>\n\t\t\t\t<\/div>\n\t\t","protected":false},"excerpt":{"rendered":"","protected":false},"author":1,"featured_media":0,"parent":0,"menu_order":0,"comment_status":"closed","ping_status":"closed","template":"","meta":{"footnotes":""},"class_list":["post-4795","page","type-page","status-publish","hentry"],"yoast_head":"<!-- This site is optimized with the Yoast SEO plugin v27.6 - https:\/\/yoast.com\/product\/yoast-seo-wordpress\/ -->\n<title>Actualit\u00e9s housse auto \u2013 Nouveaut\u00e9s et informations | AutoInterior<\/title>\n<meta name=\"description\" content=\"D\u00e9couvrez les derni\u00e8res actualit\u00e9s sur les housses auto. Nouveaux produits, mat\u00e9riaux et innovations AutoInterior.\" \/>\n<meta name=\"robots\" content=\"index, follow, max-snippet:-1, max-image-preview:large, max-video-preview:-1\" \/>\n<link rel=\"canonical\" href=\"https:\/\/autointerior.eu\/fr\/actualites\/\" \/>\n<meta property=\"og:locale\" content=\"fr_FR\" \/>\n<meta property=\"og:type\" content=\"article\" \/>\n<meta property=\"og:title\" content=\"Actualit\u00e9s housse auto \u2013 Nouveaut\u00e9s et informations | AutoInterior\" \/>\n<meta property=\"og:description\" content=\"D\u00e9couvrez les derni\u00e8res actualit\u00e9s sur les housses auto. Nouveaux produits, mat\u00e9riaux et innovations AutoInterior.\" \/>\n<meta property=\"og:url\" content=\"https:\/\/autointerior.eu\/fr\/actualites\/\" \/>\n<meta property=\"og:site_name\" content=\"autointerior.eu\" \/>\n<meta property=\"article:modified_time\" content=\"2026-01-13T07:35:35+00:00\" \/>\n<meta name=\"twitter:card\" content=\"summary_large_image\" \/>\n<script type=\"application\/ld+json\" class=\"yoast-schema-graph\">{\"@context\":\"https:\\\/\\\/schema.org\",\"@graph\":[{\"@type\":\"WebPage\",\"@id\":\"https:\\\/\\\/autointerior.eu\\\/fr\\\/actualites\\\/\",\"url\":\"https:\\\/\\\/autointerior.eu\\\/fr\\\/actualites\\\/\",\"name\":\"Actualit\u00e9s housse auto \u2013 Nouveaut\u00e9s et informations | AutoInterior\",\"isPartOf\":{\"@id\":\"https:\\\/\\\/autointerior.eu\\\/#website\"},\"datePublished\":\"2025-04-03T04:32:30+00:00\",\"dateModified\":\"2026-01-13T07:35:35+00:00\",\"description\":\"D\u00e9couvrez les derni\u00e8res actualit\u00e9s sur les housses auto. Nouveaux produits, mat\u00e9riaux et innovations AutoInterior.\",\"breadcrumb\":{\"@id\":\"https:\\\/\\\/autointerior.eu\\\/fr\\\/actualites\\\/#breadcrumb\"},\"inLanguage\":\"fr-FR\",\"potentialAction\":[{\"@type\":\"ReadAction\",\"target\":[\"https:\\\/\\\/autointerior.eu\\\/fr\\\/actualites\\\/\"]}]},{\"@type\":\"BreadcrumbList\",\"@id\":\"https:\\\/\\\/autointerior.eu\\\/fr\\\/actualites\\\/#breadcrumb\",\"itemListElement\":[{\"@type\":\"ListItem\",\"position\":1,\"name\":\"Home\",\"item\":\"https:\\\/\\\/autointerior.eu\\\/fr\\\/page-daccueil\\\/\"},{\"@type\":\"ListItem\",\"position\":2,\"name\":\"Actualit\u00e9s\"}]},{\"@type\":\"WebSite\",\"@id\":\"https:\\\/\\\/autointerior.eu\\\/#website\",\"url\":\"https:\\\/\\\/autointerior.eu\\\/\",\"name\":\"autointerior.eu\",\"description\":\"Custom car seat covers \u2013 Perfect fit and premium quality\",\"potentialAction\":[{\"@type\":\"SearchAction\",\"target\":{\"@type\":\"EntryPoint\",\"urlTemplate\":\"https:\\\/\\\/autointerior.eu\\\/?s={search_term_string}\"},\"query-input\":{\"@type\":\"PropertyValueSpecification\",\"valueRequired\":true,\"valueName\":\"search_term_string\"}}],\"inLanguage\":\"fr-FR\"}]}<\/script>\n<!-- \/ Yoast SEO plugin. -->","yoast_head_json":{"title":"Actualit\u00e9s housse auto \u2013 Nouveaut\u00e9s et informations | AutoInterior","description":"D\u00e9couvrez les derni\u00e8res actualit\u00e9s sur les housses auto. Nouveaux produits, mat\u00e9riaux et innovations AutoInterior.","robots":{"index":"index","follow":"follow","max-snippet":"max-snippet:-1","max-image-preview":"max-image-preview:large","max-video-preview":"max-video-preview:-1"},"canonical":"https:\/\/autointerior.eu\/fr\/actualites\/","og_locale":"fr_FR","og_type":"article","og_title":"Actualit\u00e9s housse auto \u2013 Nouveaut\u00e9s et informations | AutoInterior","og_description":"D\u00e9couvrez les derni\u00e8res actualit\u00e9s sur les housses auto. Nouveaux produits, mat\u00e9riaux et innovations AutoInterior.","og_url":"https:\/\/autointerior.eu\/fr\/actualites\/","og_site_name":"autointerior.eu","article_modified_time":"2026-01-13T07:35:35+00:00","twitter_card":"summary_large_image","schema":{"@context":"https:\/\/schema.org","@graph":[{"@type":"WebPage","@id":"https:\/\/autointerior.eu\/fr\/actualites\/","url":"https:\/\/autointerior.eu\/fr\/actualites\/","name":"Actualit\u00e9s housse auto \u2013 Nouveaut\u00e9s et informations | AutoInterior","isPartOf":{"@id":"https:\/\/autointerior.eu\/#website"},"datePublished":"2025-04-03T04:32:30+00:00","dateModified":"2026-01-13T07:35:35+00:00","description":"D\u00e9couvrez les derni\u00e8res actualit\u00e9s sur les housses auto. Nouveaux produits, mat\u00e9riaux et innovations AutoInterior.","breadcrumb":{"@id":"https:\/\/autointerior.eu\/fr\/actualites\/#breadcrumb"},"inLanguage":"fr-FR","potentialAction":[{"@type":"ReadAction","target":["https:\/\/autointerior.eu\/fr\/actualites\/"]}]},{"@type":"BreadcrumbList","@id":"https:\/\/autointerior.eu\/fr\/actualites\/#breadcrumb","itemListElement":[{"@type":"ListItem","position":1,"name":"Home","item":"https:\/\/autointerior.eu\/fr\/page-daccueil\/"},{"@type":"ListItem","position":2,"name":"Actualit\u00e9s"}]},{"@type":"WebSite","@id":"https:\/\/autointerior.eu\/#website","url":"https:\/\/autointerior.eu\/","name":"autointerior.eu","description":"Custom car seat covers \u2013 Perfect fit and premium quality","potentialAction":[{"@type":"SearchAction","target":{"@type":"EntryPoint","urlTemplate":"https:\/\/autointerior.eu\/?s={search_term_string}"},"query-input":{"@type":"PropertyValueSpecification","valueRequired":true,"valueName":"search_term_string"}}],"inLanguage":"fr-FR"}]}},"jetpack_sharing_enabled":true,"_links":{"self":[{"href":"https:\/\/autointerior.eu\/fr\/wp-json\/wp\/v2\/pages\/4795","targetHints":{"allow":["GET"]}}],"collection":[{"href":"https:\/\/autointerior.eu\/fr\/wp-json\/wp\/v2\/pages"}],"about":[{"href":"https:\/\/autointerior.eu\/fr\/wp-json\/wp\/v2\/types\/page"}],"author":[{"embeddable":true,"href":"https:\/\/autointerior.eu\/fr\/wp-json\/wp\/v2\/users\/1"}],"replies":[{"embeddable":true,"href":"https:\/\/autointerior.eu\/fr\/wp-json\/wp\/v2\/comments?post=4795"}],"version-history":[{"count":1,"href":"https:\/\/autointerior.eu\/fr\/wp-json\/wp\/v2\/pages\/4795\/revisions"}],"predecessor-version":[{"id":4796,"href":"https:\/\/autointerior.eu\/fr\/wp-json\/wp\/v2\/pages\/4795\/revisions\/4796"}],"wp:attachment":[{"href":"https:\/\/autointerior.eu\/fr\/wp-json\/wp\/v2\/media?parent=4795"}],"curies":[{"name":"wp","href":"https:\/\/api.w.org\/{rel}","templated":true}]}}