{"id":4814,"date":"2025-04-03T04:33:19","date_gmt":"2025-04-03T04:33:19","guid":{"rendered":"https:\/\/autointerior.eu\/informations-de-contact\/"},"modified":"2026-01-13T09:55:25","modified_gmt":"2026-01-13T09:55:25","slug":"informations-de-contact","status":"publish","type":"page","link":"https:\/\/autointerior.eu\/fr\/informations-de-contact\/","title":{"rendered":"Informations de contact"},"content":{"rendered":"\t\t<div data-elementor-type=\"wp-page\" data-elementor-id=\"4814\" class=\"elementor elementor-4814 elementor-60\" data-elementor-post-type=\"page\">\n\t\t\t\t<div class=\"elementor-element elementor-element-b076b21 e-flex e-con-boxed e-con e-parent\" data-id=\"b076b21\" data-element_type=\"container\" data-e-type=\"container\">\n\t\t\t\t\t<div class=\"e-con-inner\">\n\t\t\t\t<div class=\"elementor-element elementor-element-df1ad7e elementor-widget elementor-widget-text-editor\" data-id=\"df1ad7e\" data-element_type=\"widget\" data-e-type=\"widget\" data-widget_type=\"text-editor.default\">\n\t\t\t\t<div class=\"elementor-widget-container\">\n\t\t\t\t\t\t\t\t\t<div class=\"flex-shrink-0 flex flex-col relative items-end\"><div><div class=\"pt-0\"><div class=\"gizmo-bot-avatar flex h-8 w-8 items-center justify-center overflow-hidden rounded-full\"><div class=\"relative p-1 rounded-sm flex items-center justify-center bg-token-main-surface-primary text-token-text-primary h-8 w-8\"><strong>Si vous avez des questions concernant une commande, souhaitez passer une nouvelle commande ou avez besoin d\u2019assistance pour les services de garantie, n\u2019h\u00e9sitez pas \u00e0 contacter notre bureau commercial \u00e0 Berlin.<\/strong><\/div><div> <\/div><div class=\"relative p-1 rounded-sm flex items-center justify-center bg-token-main-surface-primary text-token-text-primary h-8 w-8\"><strong>Bureau commercial<\/strong><\/div><\/div><\/div><\/div><\/div><div class=\"group\/conversation-turn relative flex w-full min-w-0 flex-col agent-turn\"><div class=\"flex-col gap-1 md:gap-3\"><div class=\"flex max-w-full flex-col flex-grow\"><div class=\"min-h-[20px] text-message flex w-full flex-col items-end gap-2 whitespace-pre-wrap break-words [.text-message+&amp;]:mt-5 overflow-x-auto\" dir=\"auto\" data-message-author-role=\"assistant\" data-message-id=\"fad178d6-e3a2-4404-98d0-1e6a04c90ce5\"><div class=\"flex w-full flex-col gap-1 empty:hidden first:pt-[3px]\"><div class=\"markdown prose w-full break-words dark:prose-invert light\"><p>Albert Management SRL<br>Str. Livezeni 4A<br>T\u00e2rgu Mure\u0219 540473<br>Roumanie<br>T\u00e9l\u00e9phone : +40 742 258 532<br>E-mail : info@autointerior.eu<\/p><hr><p><strong>Si vous souhaitez devenir partenaire revendeur ou distributeur, n\u2019h\u00e9sitez pas \u00e0 contacter notre site de production en Roumanie.<\/strong><\/p><p>Str. Livezeni 4A<br>T\u00e2rgu Mure\u0219 540473<br>Roumanie<br>T\u00e9l\u00e9phone : +40 742 258 532<br>E-mail : info@autointerior.eu<\/p><\/div><p><strong>Pour toute information compl\u00e9mentaire ou demande sp\u00e9cifique, nous vous invitons \u00e0 nous contacter via le formulaire de contact disponible sur notre site web.<\/strong><\/p><\/div><\/div><\/div><\/div><\/div>\t\t\t\t\t\t\t\t<\/div>\n\t\t\t\t<\/div>\n\t\t\t\t\t<\/div>\n\t\t\t\t<\/div>\n\t\t\t\t<\/div>\n\t\t","protected":false},"excerpt":{"rendered":"<p>Si vous avez des questions concernant une commande, souhaitez passer une nouvelle commande ou avez besoin d\u2019assistance pour les services de garantie, n\u2019h\u00e9sitez pas \u00e0 contacter notre bureau commercial \u00e0 Berlin. Bureau commercial Albert Management SRLStr. Livezeni 4AT\u00e2rgu Mure\u0219 540473RoumanieT\u00e9l\u00e9phone : +40 742 258 532E-mail : info@autointerior.eu Si vous souhaitez devenir partenaire revendeur ou distributeur, [&hellip;]<\/p>\n","protected":false},"author":1,"featured_media":0,"parent":0,"menu_order":0,"comment_status":"closed","ping_status":"closed","template":"","meta":{"footnotes":""},"class_list":["post-4814","page","type-page","status-publish","hentry"],"yoast_head":"<!-- This site is optimized with the Yoast SEO plugin v27.5 - https:\/\/yoast.com\/product\/yoast-seo-wordpress\/ -->\n<title>Contact \u2013 Housse auto &amp; service client | AutoInterior<\/title>\n<meta name=\"description\" content=\"Contactez AutoInterior pour vos housses auto sur mesure. Assistance client, conseils et informations de commande.\" \/>\n<meta name=\"robots\" content=\"index, follow, max-snippet:-1, max-image-preview:large, max-video-preview:-1\" \/>\n<link rel=\"canonical\" href=\"https:\/\/autointerior.eu\/fr\/informations-de-contact\/\" \/>\n<meta property=\"og:locale\" content=\"fr_FR\" \/>\n<meta property=\"og:type\" content=\"article\" \/>\n<meta property=\"og:title\" content=\"Contact \u2013 Housse auto &amp; service client | AutoInterior\" \/>\n<meta property=\"og:description\" content=\"Contactez AutoInterior pour vos housses auto sur mesure. Assistance client, conseils et informations de commande.\" \/>\n<meta property=\"og:url\" content=\"https:\/\/autointerior.eu\/fr\/informations-de-contact\/\" \/>\n<meta property=\"og:site_name\" content=\"autointerior.eu\" \/>\n<meta property=\"article:modified_time\" content=\"2026-01-13T09:55:25+00:00\" \/>\n<meta name=\"twitter:card\" content=\"summary_large_image\" \/>\n<meta name=\"twitter:label1\" content=\"Dur\u00e9e de lecture estim\u00e9e\" \/>\n\t<meta name=\"twitter:data1\" content=\"1 minute\" \/>\n<script type=\"application\/ld+json\" class=\"yoast-schema-graph\">{\"@context\":\"https:\\\/\\\/schema.org\",\"@graph\":[{\"@type\":\"WebPage\",\"@id\":\"https:\\\/\\\/autointerior.eu\\\/fr\\\/informations-de-contact\\\/\",\"url\":\"https:\\\/\\\/autointerior.eu\\\/fr\\\/informations-de-contact\\\/\",\"name\":\"Contact \u2013 Housse auto & service client | AutoInterior\",\"isPartOf\":{\"@id\":\"https:\\\/\\\/autointerior.eu\\\/#website\"},\"datePublished\":\"2025-04-03T04:33:19+00:00\",\"dateModified\":\"2026-01-13T09:55:25+00:00\",\"description\":\"Contactez AutoInterior pour vos housses auto sur mesure. Assistance client, conseils et informations de commande.\",\"breadcrumb\":{\"@id\":\"https:\\\/\\\/autointerior.eu\\\/fr\\\/informations-de-contact\\\/#breadcrumb\"},\"inLanguage\":\"fr-FR\",\"potentialAction\":[{\"@type\":\"ReadAction\",\"target\":[\"https:\\\/\\\/autointerior.eu\\\/fr\\\/informations-de-contact\\\/\"]}]},{\"@type\":\"BreadcrumbList\",\"@id\":\"https:\\\/\\\/autointerior.eu\\\/fr\\\/informations-de-contact\\\/#breadcrumb\",\"itemListElement\":[{\"@type\":\"ListItem\",\"position\":1,\"name\":\"Home\",\"item\":\"https:\\\/\\\/autointerior.eu\\\/fr\\\/page-daccueil\\\/\"},{\"@type\":\"ListItem\",\"position\":2,\"name\":\"Informations de contact\"}]},{\"@type\":\"WebSite\",\"@id\":\"https:\\\/\\\/autointerior.eu\\\/#website\",\"url\":\"https:\\\/\\\/autointerior.eu\\\/\",\"name\":\"autointerior.eu\",\"description\":\"Custom car seat covers \u2013 Perfect fit and premium quality\",\"potentialAction\":[{\"@type\":\"SearchAction\",\"target\":{\"@type\":\"EntryPoint\",\"urlTemplate\":\"https:\\\/\\\/autointerior.eu\\\/?s={search_term_string}\"},\"query-input\":{\"@type\":\"PropertyValueSpecification\",\"valueRequired\":true,\"valueName\":\"search_term_string\"}}],\"inLanguage\":\"fr-FR\"}]}<\/script>\n<!-- \/ Yoast SEO plugin. -->","yoast_head_json":{"title":"Contact \u2013 Housse auto & service client | AutoInterior","description":"Contactez AutoInterior pour vos housses auto sur mesure. Assistance client, conseils et informations de commande.","robots":{"index":"index","follow":"follow","max-snippet":"max-snippet:-1","max-image-preview":"max-image-preview:large","max-video-preview":"max-video-preview:-1"},"canonical":"https:\/\/autointerior.eu\/fr\/informations-de-contact\/","og_locale":"fr_FR","og_type":"article","og_title":"Contact \u2013 Housse auto & service client | AutoInterior","og_description":"Contactez AutoInterior pour vos housses auto sur mesure. Assistance client, conseils et informations de commande.","og_url":"https:\/\/autointerior.eu\/fr\/informations-de-contact\/","og_site_name":"autointerior.eu","article_modified_time":"2026-01-13T09:55:25+00:00","twitter_card":"summary_large_image","twitter_misc":{"Dur\u00e9e de lecture estim\u00e9e":"1 minute"},"schema":{"@context":"https:\/\/schema.org","@graph":[{"@type":"WebPage","@id":"https:\/\/autointerior.eu\/fr\/informations-de-contact\/","url":"https:\/\/autointerior.eu\/fr\/informations-de-contact\/","name":"Contact \u2013 Housse auto & service client | AutoInterior","isPartOf":{"@id":"https:\/\/autointerior.eu\/#website"},"datePublished":"2025-04-03T04:33:19+00:00","dateModified":"2026-01-13T09:55:25+00:00","description":"Contactez AutoInterior pour vos housses auto sur mesure. Assistance client, conseils et informations de commande.","breadcrumb":{"@id":"https:\/\/autointerior.eu\/fr\/informations-de-contact\/#breadcrumb"},"inLanguage":"fr-FR","potentialAction":[{"@type":"ReadAction","target":["https:\/\/autointerior.eu\/fr\/informations-de-contact\/"]}]},{"@type":"BreadcrumbList","@id":"https:\/\/autointerior.eu\/fr\/informations-de-contact\/#breadcrumb","itemListElement":[{"@type":"ListItem","position":1,"name":"Home","item":"https:\/\/autointerior.eu\/fr\/page-daccueil\/"},{"@type":"ListItem","position":2,"name":"Informations de contact"}]},{"@type":"WebSite","@id":"https:\/\/autointerior.eu\/#website","url":"https:\/\/autointerior.eu\/","name":"autointerior.eu","description":"Custom car seat covers \u2013 Perfect fit and premium quality","potentialAction":[{"@type":"SearchAction","target":{"@type":"EntryPoint","urlTemplate":"https:\/\/autointerior.eu\/?s={search_term_string}"},"query-input":{"@type":"PropertyValueSpecification","valueRequired":true,"valueName":"search_term_string"}}],"inLanguage":"fr-FR"}]}},"jetpack_sharing_enabled":true,"_links":{"self":[{"href":"https:\/\/autointerior.eu\/fr\/wp-json\/wp\/v2\/pages\/4814","targetHints":{"allow":["GET"]}}],"collection":[{"href":"https:\/\/autointerior.eu\/fr\/wp-json\/wp\/v2\/pages"}],"about":[{"href":"https:\/\/autointerior.eu\/fr\/wp-json\/wp\/v2\/types\/page"}],"author":[{"embeddable":true,"href":"https:\/\/autointerior.eu\/fr\/wp-json\/wp\/v2\/users\/1"}],"replies":[{"embeddable":true,"href":"https:\/\/autointerior.eu\/fr\/wp-json\/wp\/v2\/comments?post=4814"}],"version-history":[{"count":1,"href":"https:\/\/autointerior.eu\/fr\/wp-json\/wp\/v2\/pages\/4814\/revisions"}],"predecessor-version":[{"id":4815,"href":"https:\/\/autointerior.eu\/fr\/wp-json\/wp\/v2\/pages\/4814\/revisions\/4815"}],"wp:attachment":[{"href":"https:\/\/autointerior.eu\/fr\/wp-json\/wp\/v2\/media?parent=4814"}],"curies":[{"name":"wp","href":"https:\/\/api.w.org\/{rel}","templated":true}]}}