{"id":4819,"date":"2025-04-03T04:33:09","date_gmt":"2025-04-03T04:33:09","guid":{"rendered":"https:\/\/autointerior.eu\/politique-de-confidentialite\/"},"modified":"2026-01-13T09:48:13","modified_gmt":"2026-01-13T09:48:13","slug":"politique-de-confidentialite","status":"publish","type":"page","link":"https:\/\/autointerior.eu\/fr\/politique-de-confidentialite\/","title":{"rendered":"Politique de confidentialit\u00e9"},"content":{"rendered":"\t\t<div data-elementor-type=\"wp-page\" data-elementor-id=\"4819\" class=\"elementor elementor-4819 elementor-58\" data-elementor-post-type=\"page\">\n\t\t\t\t<div class=\"elementor-element elementor-element-a3f59a2 e-flex e-con-boxed e-con e-parent\" data-id=\"a3f59a2\" data-element_type=\"container\" data-e-type=\"container\">\n\t\t\t\t\t<div class=\"e-con-inner\">\n\t\t\t\t<div class=\"elementor-element elementor-element-5b9010b elementor-widget elementor-widget-text-editor\" data-id=\"5b9010b\" data-element_type=\"widget\" data-e-type=\"widget\" data-widget_type=\"text-editor.default\">\n\t\t\t\t<div class=\"elementor-widget-container\">\n\t\t\t\t\t\t\t\t\t<h2 data-start=\"177\" data-end=\"212\"><strong data-start=\"180\" data-end=\"212\">Politique de confidentialit\u00e9<\/strong><\/h2><p data-start=\"214\" data-end=\"251\"><strong data-start=\"214\" data-end=\"251\">Derni\u00e8re mise \u00e0 jour : 22.05.2025<\/strong><\/p><h3 data-start=\"253\" data-end=\"276\"><strong data-start=\"257\" data-end=\"276\">1. Introduction<\/strong><\/h3><p data-start=\"278\" data-end=\"706\">Bienvenue sur autointerior.eu (\u00ab nous \u00bb, \u00ab notre \u00bb, \u00ab nos \u00bb). Nous nous engageons \u00e0 prot\u00e9ger vos donn\u00e9es personnelles et \u00e0 respecter votre vie priv\u00e9e.<br data-start=\"428\" data-end=\"431\" \/>La pr\u00e9sente Politique de confidentialit\u00e9 explique comment nous collectons, utilisons, divulguons et prot\u00e9geons vos informations lorsque vous visitez notre site web et utilisez nos services, y compris lors des achats effectu\u00e9s via des prestataires de paiement tels que PayPal.<\/p><h3 data-start=\"708\" data-end=\"756\"><strong data-start=\"712\" data-end=\"756\">2. Responsable du traitement des donn\u00e9es<\/strong><\/h3><p data-start=\"758\" data-end=\"904\"><strong data-start=\"758\" data-end=\"783\">Albert Management SRL<\/strong><br data-start=\"783\" data-end=\"786\" \/>Adresse : Str. Livezeni 4A, 540233 T\u00e2rgu Mure\u0219, Roumanie<br data-start=\"842\" data-end=\"845\" \/>E-mail : <a class=\"decorated-link cursor-pointer\" rel=\"noopener\" data-start=\"854\" data-end=\"874\">info@autointerior.eu<\/a><br data-start=\"874\" data-end=\"877\" \/>T\u00e9l\u00e9phone : +40 742 258 532<\/p><h3 data-start=\"906\" data-end=\"948\"><strong data-start=\"910\" data-end=\"948\">3. Donn\u00e9es personnelles collect\u00e9es<\/strong><\/h3><p data-start=\"950\" data-end=\"1034\">Nous pouvons collecter et traiter les cat\u00e9gories de donn\u00e9es personnelles suivantes :<\/p><ul data-start=\"1036\" data-end=\"1731\"><li data-start=\"1036\" data-end=\"1141\"><p data-start=\"1038\" data-end=\"1141\"><strong data-start=\"1038\" data-end=\"1078\">Donn\u00e9es d\u2019identification personnelle<\/strong> : nom, adresse e-mail, num\u00e9ro de t\u00e9l\u00e9phone, adresse postale.<\/p><\/li><li data-start=\"1142\" data-end=\"1326\"><p data-start=\"1144\" data-end=\"1326\"><strong data-start=\"1144\" data-end=\"1167\">Donn\u00e9es de paiement<\/strong> : informations n\u00e9cessaires au traitement des commandes, y compris les donn\u00e9es li\u00e9es aux cartes de cr\u00e9dit\/d\u00e9bit et aux prestataires de paiement (ex. PayPal).<\/p><\/li><li data-start=\"1327\" data-end=\"1471\"><p data-start=\"1329\" data-end=\"1471\"><strong data-start=\"1329\" data-end=\"1351\">Donn\u00e9es techniques<\/strong> : adresse IP, type et version du navigateur, fuseau horaire, types de plug-ins, syst\u00e8me d\u2019exploitation et plateforme.<\/p><\/li><li data-start=\"1472\" data-end=\"1592\"><p data-start=\"1474\" data-end=\"1592\"><strong data-start=\"1474\" data-end=\"1499\">Donn\u00e9es d\u2019utilisation<\/strong> : informations sur la mani\u00e8re dont vous utilisez notre site, nos produits et nos services.<\/p><\/li><li data-start=\"1593\" data-end=\"1731\"><p data-start=\"1595\" data-end=\"1731\"><strong data-start=\"1595\" data-end=\"1636\">Donn\u00e9es marketing et de communication<\/strong> : vos pr\u00e9f\u00e9rences concernant la r\u00e9ception de communications marketing et vos choix de contact.<\/p><\/li><\/ul><h3 data-start=\"1733\" data-end=\"1776\"><strong data-start=\"1737\" data-end=\"1776\">4. M\u00e9thodes de collecte des donn\u00e9es<\/strong><\/h3><p data-start=\"1778\" data-end=\"1831\">Nous collectons vos donn\u00e9es de diff\u00e9rentes mani\u00e8res :<\/p><ul data-start=\"1833\" data-end=\"2277\"><li data-start=\"1833\" data-end=\"1965\"><p data-start=\"1835\" data-end=\"1965\"><strong data-start=\"1835\" data-end=\"1860\">Interactions directes<\/strong> : lorsque vous remplissez des formulaires ou nous contactez par t\u00e9l\u00e9phone, e-mail ou tout autre moyen.<\/p><\/li><li data-start=\"1966\" data-end=\"2112\"><p data-start=\"1968\" data-end=\"2112\"><strong data-start=\"1968\" data-end=\"1997\">Technologies automatis\u00e9es<\/strong> : lors de votre navigation sur notre site, certaines donn\u00e9es techniques peuvent \u00eatre collect\u00e9es automatiquement.<\/p><\/li><li data-start=\"2113\" data-end=\"2277\"><p data-start=\"2115\" data-end=\"2277\"><strong data-start=\"2115\" data-end=\"2134\">Sources tierces<\/strong> : nous pouvons recevoir des donn\u00e9es personnelles via des tiers, notamment des prestataires de paiement (ex. PayPal) ou des services d\u2019analyse.<\/p><\/li><\/ul><h3 data-start=\"2279\" data-end=\"2316\"><strong data-start=\"2283\" data-end=\"2316\">5. Utilisation de vos donn\u00e9es<\/strong><\/h3><p data-start=\"2318\" data-end=\"2362\">Les donn\u00e9es collect\u00e9es sont utilis\u00e9es pour :<\/p><ul data-start=\"2364\" data-end=\"2977\"><li data-start=\"2364\" data-end=\"2471\"><p data-start=\"2366\" data-end=\"2471\"><strong data-start=\"2366\" data-end=\"2400\">Traiter et g\u00e9rer les commandes<\/strong>, y compris les paiements via des prestataires tiers tels que PayPal.<\/p><\/li><li data-start=\"2472\" data-end=\"2557\"><p data-start=\"2474\" data-end=\"2557\"><strong data-start=\"2474\" data-end=\"2499\">Communiquer avec vous<\/strong> concernant vos commandes, nos services ou vos demandes.<\/p><\/li><li data-start=\"2558\" data-end=\"2679\"><p data-start=\"2560\" data-end=\"2679\"><strong data-start=\"2560\" data-end=\"2597\">G\u00e9rer et am\u00e9liorer notre site web<\/strong>, notamment pour l\u2019analyse, les tests, la maintenance et l\u2019assistance technique.<\/p><\/li><li data-start=\"2680\" data-end=\"2762\"><p data-start=\"2682\" data-end=\"2762\"><strong data-start=\"2682\" data-end=\"2708\">Am\u00e9liorer nos services<\/strong> en analysant l\u2019utilisation du site par nos clients.<\/p><\/li><li data-start=\"2763\" data-end=\"2848\"><p data-start=\"2765\" data-end=\"2848\"><strong data-start=\"2765\" data-end=\"2789\">Garantir la s\u00e9curit\u00e9<\/strong>, pr\u00e9venir la fraude et d\u00e9tecter toute activit\u00e9 ill\u00e9gale.<\/p><\/li><li data-start=\"2849\" data-end=\"2977\"><p data-start=\"2851\" data-end=\"2977\"><strong data-start=\"2851\" data-end=\"2864\">Marketing<\/strong>, sous r\u00e9serve de votre consentement, pour vous informer de produits ou services susceptibles de vous int\u00e9resser.<\/p><\/li><\/ul><h3 data-start=\"2979\" data-end=\"3015\"><strong data-start=\"2983\" data-end=\"3015\">6. Base l\u00e9gale du traitement<\/strong><\/h3><p data-start=\"3017\" data-end=\"3098\">Conform\u00e9ment au RGPD, nous traitons vos donn\u00e9es sur les bases l\u00e9gales suivantes :<\/p><ul data-start=\"3100\" data-end=\"3411\"><li data-start=\"3100\" data-end=\"3175\"><p data-start=\"3102\" data-end=\"3175\"><strong data-start=\"3102\" data-end=\"3128\">Ex\u00e9cution d\u2019un contrat<\/strong> : n\u00e9cessaire au traitement de vos commandes.<\/p><\/li><li data-start=\"3176\" data-end=\"3253\"><p data-start=\"3178\" data-end=\"3253\"><strong data-start=\"3178\" data-end=\"3198\">Int\u00e9r\u00eat l\u00e9gitime<\/strong> : am\u00e9lioration de nos services et de notre site web.<\/p><\/li><li data-start=\"3254\" data-end=\"3340\"><p data-start=\"3256\" data-end=\"3340\"><strong data-start=\"3256\" data-end=\"3272\">Consentement<\/strong> : lorsque vous acceptez de recevoir des communications marketing.<\/p><\/li><li data-start=\"3341\" data-end=\"3411\"><p data-start=\"3343\" data-end=\"3411\"><strong data-start=\"3343\" data-end=\"3364\">Obligation l\u00e9gale<\/strong> : lorsque le traitement est requis par la loi.<\/p><\/li><\/ul><h3 data-start=\"3413\" data-end=\"3448\"><strong data-start=\"3417\" data-end=\"3448\">7. Traitement des paiements<\/strong><\/h3><p data-start=\"3450\" data-end=\"3791\">Nous utilisons des prestataires de paiement tiers, tels que PayPal, afin de garantir des transactions s\u00e9curis\u00e9es.<br data-start=\"3563\" data-end=\"3566\" \/>Nous ne stockons pas vos donn\u00e9es de carte bancaire. Toutes les transactions sont chiffr\u00e9es et trait\u00e9es conform\u00e9ment aux normes de s\u00e9curit\u00e9 en vigueur. Ces prestataires disposent de leurs propres politiques de confidentialit\u00e9.<\/p><h3 data-start=\"3793\" data-end=\"3823\"><strong data-start=\"3797\" data-end=\"3823\">8. Partage des donn\u00e9es<\/strong><\/h3><p data-start=\"3825\" data-end=\"3879\">Vos donn\u00e9es personnelles peuvent \u00eatre partag\u00e9es avec :<\/p><ul data-start=\"3881\" data-end=\"4161\"><li data-start=\"3881\" data-end=\"3966\"><p data-start=\"3883\" data-end=\"3966\"><strong data-start=\"3883\" data-end=\"3911\">Prestataires de services<\/strong> : paiement, h\u00e9bergement du site, analyse de donn\u00e9es.<\/p><\/li><li data-start=\"3967\" data-end=\"4053\"><p data-start=\"3969\" data-end=\"4053\"><strong data-start=\"3969\" data-end=\"3997\">Autorit\u00e9s r\u00e9glementaires<\/strong> : lorsque la loi l\u2019exige ou pour prot\u00e9ger nos droits.<\/p><\/li><li data-start=\"4054\" data-end=\"4161\"><p data-start=\"4056\" data-end=\"4161\"><strong data-start=\"4056\" data-end=\"4083\">Transferts d\u2019entreprise<\/strong> : en cas de fusion, acquisition ou cession partielle ou totale de l\u2019activit\u00e9.<\/p><\/li><\/ul><h3 data-start=\"4163\" data-end=\"4210\"><strong data-start=\"4167\" data-end=\"4210\">9. Transferts internationaux de donn\u00e9es<\/strong><\/h3><p data-start=\"4212\" data-end=\"4453\">Vos donn\u00e9es personnelles peuvent \u00eatre transf\u00e9r\u00e9es en dehors de l\u2019Espace \u00e9conomique europ\u00e9en (EEE). Dans ce cas, nous veillons \u00e0 ce que des garanties appropri\u00e9es soient mises en place conform\u00e9ment au RGPD (clauses contractuelles types, etc.).<\/p><h3 data-start=\"4455\" data-end=\"4487\"><strong data-start=\"4459\" data-end=\"4487\">10. S\u00e9curit\u00e9 des donn\u00e9es<\/strong><\/h3><p data-start=\"4489\" data-end=\"4711\">Nous mettons en \u0153uvre des mesures techniques et organisationnelles appropri\u00e9es afin de prot\u00e9ger vos donn\u00e9es personnelles. Toutefois, aucun syst\u00e8me n\u2019\u00e9tant totalement s\u00e9curis\u00e9, nous ne pouvons garantir une s\u00e9curit\u00e9 absolue.<\/p><h3 data-start=\"4713\" data-end=\"4749\"><strong data-start=\"4717\" data-end=\"4749\">11. Conservation des donn\u00e9es<\/strong><\/h3><p data-start=\"4751\" data-end=\"4965\">Vos donn\u00e9es personnelles sont conserv\u00e9es uniquement pendant la dur\u00e9e n\u00e9cessaire aux finalit\u00e9s pour lesquelles elles ont \u00e9t\u00e9 collect\u00e9es, y compris pour r\u00e9pondre aux obligations l\u00e9gales, comptables ou r\u00e9glementaires.<\/p><h3 data-start=\"4967\" data-end=\"5026\"><strong data-start=\"4971\" data-end=\"5026\">12. Vos droits en mati\u00e8re de protection des donn\u00e9es<\/strong><\/h3><p data-start=\"5028\" data-end=\"5085\">Conform\u00e9ment au RGPD, vous disposez des droits suivants :<\/p><ul data-start=\"5087\" data-end=\"5310\"><li data-start=\"5087\" data-end=\"5104\"><p data-start=\"5089\" data-end=\"5104\">Droit d\u2019acc\u00e8s<\/p><\/li><li data-start=\"5105\" data-end=\"5131\"><p data-start=\"5107\" data-end=\"5131\">Droit de rectification<\/p><\/li><li data-start=\"5132\" data-end=\"5156\"><p data-start=\"5134\" data-end=\"5156\">Droit \u00e0 l\u2019effacement<\/p><\/li><li data-start=\"5157\" data-end=\"5196\"><p data-start=\"5159\" data-end=\"5196\">Droit \u00e0 la limitation du traitement<\/p><\/li><li data-start=\"5197\" data-end=\"5235\"><p data-start=\"5199\" data-end=\"5235\">Droit \u00e0 la portabilit\u00e9 des donn\u00e9es<\/p><\/li><li data-start=\"5236\" data-end=\"5258\"><p data-start=\"5238\" data-end=\"5258\">Droit d\u2019opposition<\/p><\/li><li data-start=\"5259\" data-end=\"5310\"><p data-start=\"5261\" data-end=\"5310\">Droit de retirer votre consentement \u00e0 tout moment<\/p><\/li><\/ul><p data-start=\"5312\" data-end=\"5387\">Pour exercer ces droits, veuillez nous contacter aux coordonn\u00e9es ci-dessus.<\/p><h3 data-start=\"5389\" data-end=\"5408\"><strong data-start=\"5393\" data-end=\"5408\">13. Cookies<\/strong><\/h3><p data-start=\"5410\" data-end=\"5570\">Nous utilisons des cookies afin d\u2019am\u00e9liorer votre exp\u00e9rience utilisateur. Pour plus d\u2019informations, veuillez consulter notre <strong data-start=\"5535\" data-end=\"5569\">Politique relative aux cookies<\/strong>.<\/p><h3 data-start=\"5572\" data-end=\"5622\"><strong data-start=\"5576\" data-end=\"5622\">14. Modifications de la pr\u00e9sente politique<\/strong><\/h3><p data-start=\"5624\" data-end=\"5840\">Nous pouvons mettre \u00e0 jour cette Politique de confidentialit\u00e9 \u00e0 tout moment. Les modifications seront publi\u00e9es sur cette page et, le cas \u00e9ch\u00e9ant, notifi\u00e9es par e-mail. Nous vous invitons \u00e0 la consulter r\u00e9guli\u00e8rement.<\/p><h3 data-start=\"5842\" data-end=\"5868\"><strong data-start=\"5846\" data-end=\"5868\">15. Nous contacter<\/strong><\/h3><p data-start=\"5870\" data-end=\"6007\">Pour toute question concernant cette Politique de confidentialit\u00e9 ou le traitement de vos donn\u00e9es personnelles, veuillez nous contacter :<\/p><p data-start=\"6009\" data-end=\"6157\"><strong data-start=\"6009\" data-end=\"6034\">Albert Management SRL<\/strong><br data-start=\"6034\" data-end=\"6037\" \/>Adresse : Str. Livezeni 4A, 540233 T\u00e2rgu Mure\u0219, Roumanie<br data-start=\"6093\" data-end=\"6096\" \/>E-mail : <a class=\"decorated-link cursor-pointer\" rel=\"noopener\" data-start=\"6105\" data-end=\"6125\">info@autointerior.eu<\/a><br data-start=\"6125\" data-end=\"6128\" \/>T\u00e9l\u00e9phone : +40 742 258 532<\/p><p data-start=\"6159\" data-end=\"6295\">Pour plus d\u2019informations sur vos droits et le RGPD, vous pouvez consulter le site de l\u2019autorit\u00e9 de protection des donn\u00e9es de votre pays.<\/p>\t\t\t\t\t\t\t\t<\/div>\n\t\t\t\t<\/div>\n\t\t\t\t\t<\/div>\n\t\t\t\t<\/div>\n\t\t\t\t<\/div>\n\t\t","protected":false},"excerpt":{"rendered":"<p>Politique de confidentialit\u00e9 Derni\u00e8re mise \u00e0 jour : 22.05.2025 1. Introduction Bienvenue sur autointerior.eu (\u00ab nous \u00bb, \u00ab notre \u00bb, \u00ab nos \u00bb). Nous nous engageons \u00e0 prot\u00e9ger vos donn\u00e9es personnelles et \u00e0 respecter votre vie priv\u00e9e.La pr\u00e9sente Politique de confidentialit\u00e9 explique comment nous collectons, utilisons, divulguons et prot\u00e9geons vos informations lorsque vous visitez notre [&hellip;]<\/p>\n","protected":false},"author":1,"featured_media":0,"parent":0,"menu_order":0,"comment_status":"closed","ping_status":"closed","template":"","meta":{"footnotes":""},"class_list":["post-4819","page","type-page","status-publish","hentry"],"yoast_head":"<!-- This site is optimized with the Yoast SEO plugin v27.4 - https:\/\/yoast.com\/product\/yoast-seo-wordpress\/ -->\n<title>Politique de confidentialit\u00e9 \u2013 Protection des donn\u00e9es | AutoInterior<\/title>\n<meta name=\"description\" content=\"Politique de confidentialit\u00e9 AutoInterior. Informations sur la protection et le traitement des donn\u00e9es personnelles conform\u00e9ment au RGPD.\" \/>\n<meta name=\"robots\" content=\"index, follow, max-snippet:-1, max-image-preview:large, max-video-preview:-1\" \/>\n<link rel=\"canonical\" href=\"https:\/\/autointerior.eu\/fr\/politique-de-confidentialite\/\" \/>\n<meta property=\"og:locale\" content=\"fr_FR\" \/>\n<meta property=\"og:type\" content=\"article\" \/>\n<meta property=\"og:title\" content=\"Politique de confidentialit\u00e9 \u2013 Protection des donn\u00e9es | AutoInterior\" \/>\n<meta property=\"og:description\" content=\"Politique de confidentialit\u00e9 AutoInterior. Informations sur la protection et le traitement des donn\u00e9es personnelles conform\u00e9ment au RGPD.\" \/>\n<meta property=\"og:url\" content=\"https:\/\/autointerior.eu\/fr\/politique-de-confidentialite\/\" \/>\n<meta property=\"og:site_name\" content=\"autointerior.eu\" \/>\n<meta property=\"article:modified_time\" content=\"2026-01-13T09:48:13+00:00\" \/>\n<meta name=\"twitter:card\" content=\"summary_large_image\" \/>\n<meta name=\"twitter:label1\" content=\"Dur\u00e9e de lecture estim\u00e9e\" \/>\n\t<meta name=\"twitter:data1\" content=\"4 minutes\" \/>\n<script type=\"application\/ld+json\" class=\"yoast-schema-graph\">{\"@context\":\"https:\\\/\\\/schema.org\",\"@graph\":[{\"@type\":\"WebPage\",\"@id\":\"https:\\\/\\\/autointerior.eu\\\/fr\\\/politique-de-confidentialite\\\/\",\"url\":\"https:\\\/\\\/autointerior.eu\\\/fr\\\/politique-de-confidentialite\\\/\",\"name\":\"Politique de confidentialit\u00e9 \u2013 Protection des donn\u00e9es | AutoInterior\",\"isPartOf\":{\"@id\":\"https:\\\/\\\/autointerior.eu\\\/#website\"},\"datePublished\":\"2025-04-03T04:33:09+00:00\",\"dateModified\":\"2026-01-13T09:48:13+00:00\",\"description\":\"Politique de confidentialit\u00e9 AutoInterior. Informations sur la protection et le traitement des donn\u00e9es personnelles conform\u00e9ment au RGPD.\",\"breadcrumb\":{\"@id\":\"https:\\\/\\\/autointerior.eu\\\/fr\\\/politique-de-confidentialite\\\/#breadcrumb\"},\"inLanguage\":\"fr-FR\",\"potentialAction\":[{\"@type\":\"ReadAction\",\"target\":[\"https:\\\/\\\/autointerior.eu\\\/fr\\\/politique-de-confidentialite\\\/\"]}]},{\"@type\":\"BreadcrumbList\",\"@id\":\"https:\\\/\\\/autointerior.eu\\\/fr\\\/politique-de-confidentialite\\\/#breadcrumb\",\"itemListElement\":[{\"@type\":\"ListItem\",\"position\":1,\"name\":\"Home\",\"item\":\"https:\\\/\\\/autointerior.eu\\\/fr\\\/page-daccueil\\\/\"},{\"@type\":\"ListItem\",\"position\":2,\"name\":\"Politique de confidentialit\u00e9\"}]},{\"@type\":\"WebSite\",\"@id\":\"https:\\\/\\\/autointerior.eu\\\/#website\",\"url\":\"https:\\\/\\\/autointerior.eu\\\/\",\"name\":\"autointerior.eu\",\"description\":\"Custom car seat covers \u2013 Perfect fit and premium quality\",\"potentialAction\":[{\"@type\":\"SearchAction\",\"target\":{\"@type\":\"EntryPoint\",\"urlTemplate\":\"https:\\\/\\\/autointerior.eu\\\/?s={search_term_string}\"},\"query-input\":{\"@type\":\"PropertyValueSpecification\",\"valueRequired\":true,\"valueName\":\"search_term_string\"}}],\"inLanguage\":\"fr-FR\"}]}<\/script>\n<!-- \/ Yoast SEO plugin. -->","yoast_head_json":{"title":"Politique de confidentialit\u00e9 \u2013 Protection des donn\u00e9es | AutoInterior","description":"Politique de confidentialit\u00e9 AutoInterior. Informations sur la protection et le traitement des donn\u00e9es personnelles conform\u00e9ment au RGPD.","robots":{"index":"index","follow":"follow","max-snippet":"max-snippet:-1","max-image-preview":"max-image-preview:large","max-video-preview":"max-video-preview:-1"},"canonical":"https:\/\/autointerior.eu\/fr\/politique-de-confidentialite\/","og_locale":"fr_FR","og_type":"article","og_title":"Politique de confidentialit\u00e9 \u2013 Protection des donn\u00e9es | AutoInterior","og_description":"Politique de confidentialit\u00e9 AutoInterior. Informations sur la protection et le traitement des donn\u00e9es personnelles conform\u00e9ment au RGPD.","og_url":"https:\/\/autointerior.eu\/fr\/politique-de-confidentialite\/","og_site_name":"autointerior.eu","article_modified_time":"2026-01-13T09:48:13+00:00","twitter_card":"summary_large_image","twitter_misc":{"Dur\u00e9e de lecture estim\u00e9e":"4 minutes"},"schema":{"@context":"https:\/\/schema.org","@graph":[{"@type":"WebPage","@id":"https:\/\/autointerior.eu\/fr\/politique-de-confidentialite\/","url":"https:\/\/autointerior.eu\/fr\/politique-de-confidentialite\/","name":"Politique de confidentialit\u00e9 \u2013 Protection des donn\u00e9es | AutoInterior","isPartOf":{"@id":"https:\/\/autointerior.eu\/#website"},"datePublished":"2025-04-03T04:33:09+00:00","dateModified":"2026-01-13T09:48:13+00:00","description":"Politique de confidentialit\u00e9 AutoInterior. Informations sur la protection et le traitement des donn\u00e9es personnelles conform\u00e9ment au RGPD.","breadcrumb":{"@id":"https:\/\/autointerior.eu\/fr\/politique-de-confidentialite\/#breadcrumb"},"inLanguage":"fr-FR","potentialAction":[{"@type":"ReadAction","target":["https:\/\/autointerior.eu\/fr\/politique-de-confidentialite\/"]}]},{"@type":"BreadcrumbList","@id":"https:\/\/autointerior.eu\/fr\/politique-de-confidentialite\/#breadcrumb","itemListElement":[{"@type":"ListItem","position":1,"name":"Home","item":"https:\/\/autointerior.eu\/fr\/page-daccueil\/"},{"@type":"ListItem","position":2,"name":"Politique de confidentialit\u00e9"}]},{"@type":"WebSite","@id":"https:\/\/autointerior.eu\/#website","url":"https:\/\/autointerior.eu\/","name":"autointerior.eu","description":"Custom car seat covers \u2013 Perfect fit and premium quality","potentialAction":[{"@type":"SearchAction","target":{"@type":"EntryPoint","urlTemplate":"https:\/\/autointerior.eu\/?s={search_term_string}"},"query-input":{"@type":"PropertyValueSpecification","valueRequired":true,"valueName":"search_term_string"}}],"inLanguage":"fr-FR"}]}},"jetpack_sharing_enabled":true,"_links":{"self":[{"href":"https:\/\/autointerior.eu\/fr\/wp-json\/wp\/v2\/pages\/4819","targetHints":{"allow":["GET"]}}],"collection":[{"href":"https:\/\/autointerior.eu\/fr\/wp-json\/wp\/v2\/pages"}],"about":[{"href":"https:\/\/autointerior.eu\/fr\/wp-json\/wp\/v2\/types\/page"}],"author":[{"embeddable":true,"href":"https:\/\/autointerior.eu\/fr\/wp-json\/wp\/v2\/users\/1"}],"replies":[{"embeddable":true,"href":"https:\/\/autointerior.eu\/fr\/wp-json\/wp\/v2\/comments?post=4819"}],"version-history":[{"count":4,"href":"https:\/\/autointerior.eu\/fr\/wp-json\/wp\/v2\/pages\/4819\/revisions"}],"predecessor-version":[{"id":4824,"href":"https:\/\/autointerior.eu\/fr\/wp-json\/wp\/v2\/pages\/4819\/revisions\/4824"}],"wp:attachment":[{"href":"https:\/\/autointerior.eu\/fr\/wp-json\/wp\/v2\/media?parent=4819"}],"curies":[{"name":"wp","href":"https:\/\/api.w.org\/{rel}","templated":true}]}}