{"id":4478,"date":"2025-04-03T04:32:21","date_gmt":"2025-04-03T04:32:21","guid":{"rendered":"https:\/\/autointerior.eu\/montaggio\/"},"modified":"2026-01-13T07:29:48","modified_gmt":"2026-01-13T07:29:48","slug":"montaggio","status":"publish","type":"page","link":"https:\/\/autointerior.eu\/it\/montaggio\/","title":{"rendered":"Montaggio"},"content":{"rendered":"\t\t<div data-elementor-type=\"wp-page\" data-elementor-id=\"4478\" class=\"elementor elementor-4478 elementor-52\" data-elementor-post-type=\"page\">\n\t\t\t\t<div class=\"elementor-element elementor-element-6f80006 e-flex e-con-boxed e-con e-parent\" data-id=\"6f80006\" data-element_type=\"container\" data-e-type=\"container\">\n\t\t\t\t\t<div class=\"e-con-inner\">\n\t\t\t\t<div class=\"elementor-element elementor-element-2c90c89 elementor-widget elementor-widget-text-editor\" data-id=\"2c90c89\" data-element_type=\"widget\" data-e-type=\"widget\" data-widget_type=\"text-editor.default\">\n\t\t\t\t<div class=\"elementor-widget-container\">\n\t\t\t\t\t\t\t\t\t<p><strong>Istruzioni di montaggio per i nostri rivestimenti per sedili su misura<\/strong><\/p>\n<p>Il montaggio dei nostri rivestimenti per sedili su misura \u00e8 un processo accurato che richiede attenzione ai dettagli e precisione.Per garantire una vestibilit\u00e0 perfetta ed evitare eventuali problemi, ti invitiamo a seguire questi consigli preliminari prima di iniziare: <\/p>\n<ol>\n<li>\n<p><strong>Tempo di montaggio:<\/strong><br>Il montaggio richiede generalmente da 3 a 7 ore per un veicolo a 5 posti. Assicurati di avere a disposizione tempo sufficiente prima di iniziare.&nbsp; <\/p>\n<\/li>\n<li>\n<p><strong>Lavoro di squadra:&nbsp;<\/strong><br>Consigliamo vivamente che il montaggio venga eseguito da due persone. Questo render\u00e0 il processo pi\u00f9 semplice ed efficiente. <\/p>\n<\/li>\n<li>\n<p><strong>Strumenti necessari:&nbsp;<\/strong><br>Prima di iniziare, assicurati di avere a disposizione una cassetta degli attrezzi completa. Disporre di tutti gli strumenti necessari eviter\u00e0 ritardi durante il montaggio. <\/p>\n<\/li>\n<li>\n<p><strong>Smontaggio dei sedili:&nbsp;<\/strong><br>Per ottenere una vestibilit\u00e0 perfetta, potrebbe essere necessario smontare i sedili.<br>Su alcuni modelli di auto, potrebbe essere necessario scollegare la batteria da 12V per evitare la comparsa di errori sul cruscotto. <\/p>\n<ul>\n<li><strong>Importante:&nbsp;<\/strong><br>Ti consigliamo vivamente di contattarci prima del montaggio per ricevere istruzioni specifiche in base al modello della tua auto. Questo ti aiuter\u00e0 a evitare complicazioni e a ottenere il miglior risultato possibile. <\/li>\n<\/ul>\n<\/li>\n<li>\n<p><strong>Stiratura dopo il montaggio<\/strong><\/p>\n<ul>\n<li><strong>Parti in tessuto e Alcantara:&nbsp;<\/strong><br>Per un aspetto ottimale, consigliamo di utilizzare il vapore per stirare le parti in tessuto e Alcantara dei rivestimenti dopo il montaggio.<\/li>\n<li><strong>Pelle vera ed effetto pelle:&nbsp;<\/strong><br>Per la pelle vera e i materiali effetto pelle, consigliamo l\u2019utilizzo di un riscaldatore professionale a temperatura media.\n<ul>\n<li><strong>Pelle vera:&nbsp;<\/strong><br>Pu\u00f2 sopportare temperature pi\u00f9 elevate, pertanto \u00e8 possibile applicare una leggera pressione aggiuntiva se necessario.<\/li>\n<li><strong>Effetto pelle:&nbsp;<\/strong><br>Deve essere riscaldato con particolare attenzione per evitare il rischio di fusione. Applicare il calore in modo graduale e delicato per garantire l\u2019integrit\u00e0 del materiale. <\/li><li><br><\/li>\n<\/ul>\n<\/li>\n<\/ul>\n<\/li>\n<\/ol>\n<p>Indicazioni specifiche:<br>Forniamo istruzioni specifiche per ogni modello di auto. Ti invitiamo a contattarci per ricevere le indicazioni corrette in base al tuo veicolo. <\/p>\t\t\t\t\t\t\t\t<\/div>\n\t\t\t\t<\/div>\n\t\t\t\t\t<\/div>\n\t\t\t\t<\/div>\n\t\t<div class=\"elementor-element elementor-element-5d5b1b6 e-flex e-con-boxed e-con e-parent\" data-id=\"5d5b1b6\" data-element_type=\"container\" data-e-type=\"container\">\n\t\t\t\t\t<div class=\"e-con-inner\">\n\t\t\t\t<div class=\"elementor-element elementor-element-967500e elementor-widget elementor-widget-html\" data-id=\"967500e\" data-element_type=\"widget\" data-e-type=\"widget\" data-widget_type=\"html.default\">\n\t\t\t\t<div class=\"elementor-widget-container\">\n\t\t\t\t\t<section class=\"ai-installers\">\r\n  <div class=\"ai-installers__inner\">\r\n    <h2 class=\"ai-installers__title\">Assistenza montaggio in Italia<\/h2>\r\n\r\n    <p class=\"ai-installers__lead\">\r\n      Per l\u2019assistenza al montaggio, puoi rivolgerti anche ai nostri partner locali in Italia.\r\n      I nostri installatori ti possono aiutare con il montaggio delle fodere, la verifica della vestibilita\r\n      e consigli pratici per una corretta installazione.\r\n    <\/p>\r\n\r\n    <div class=\"ai-installers__notice\">\r\n      <strong>Nota:<\/strong> Prenotazioni e costi di montaggio vengono concordati direttamente con il partner scelto.\r\n      Ti consigliamo di chiamare prima per confermare la disponibilita.\r\n    <\/div>\r\n\r\n    <div class=\"ai-installers__grid\">\r\n      <!-- RAVENNA \/ FAENZA -->\r\n      <article class=\"ai-card\">\r\n        <h3 class=\"ai-card__title\">Ravenna (Faenza)<\/h3>\r\n        <p class=\"ai-card__line\"><strong>Tappezzeria Auto interni<\/strong><\/p>\r\n        <p class=\"ai-card__line\">Via Domenico Rambelli 21, 48018 Faenza (Ravenna)<\/p>\r\n        <p class=\"ai-card__line\">Referente: Sig. Andrea<\/p>\r\n        <div class=\"ai-card__actions\">\r\n          <a class=\"ai-btn\" href=\"tel:0546634444\">Chiama<\/a>\r\n          <a class=\"ai-btn ai-btn--ghost\" target=\"_blank\" rel=\"noopener\"\r\n             href=\"https:\/\/www.google.com\/maps\/search\/?api=1&query=Via%20Domenico%20Rambelli%2021%2048018%20Faenza%20Ravenna\">\r\n            Mappa\r\n          <\/a>\r\n        <\/div>\r\n      <\/article>\r\n\r\n      <!-- RIMINI -->\r\n      <article class=\"ai-card\">\r\n        <h3 class=\"ai-card__title\">Rimini (Bellaria Igea Marina)<\/h3>\r\n        <p class=\"ai-card__line\"><strong>Centro Key Sistem<\/strong><\/p>\r\n        <p class=\"ai-card__line\">Via Roma 37, Bellaria Igea Marina<\/p>\r\n        <div class=\"ai-card__actions\">\r\n          <a class=\"ai-btn\" href=\"tel:0541340767\">Chiama<\/a>\r\n          <a class=\"ai-btn ai-btn--ghost\" target=\"_blank\" rel=\"noopener\"\r\n             href=\"https:\/\/www.google.com\/maps\/search\/?api=1&query=Via%20Roma%2037%20Bellaria%20Igea%20Marina\">\r\n            Mappa\r\n          <\/a>\r\n        <\/div>\r\n      <\/article>\r\n\r\n      <!-- BENEVENTO -->\r\n      <article class=\"ai-card\">\r\n        <h3 class=\"ai-card__title\">Benevento (Campania)<\/h3>\r\n        <p class=\"ai-card__line\"><strong>Cosimo Muccio<\/strong><\/p>\r\n        <p class=\"ai-card__line\">Via Gesina, Molinara (Benevento)<\/p>\r\n        <p class=\"ai-card__line\">Esclusiva Benevento (Campania)<\/p>\r\n        <div class=\"ai-card__actions\">\r\n          <a class=\"ai-btn\" href=\"tel:+393479334387\">Chiama<\/a>\r\n          <a class=\"ai-btn ai-btn--ghost\" target=\"_blank\" rel=\"noopener\"\r\n             href=\"https:\/\/www.google.com\/maps\/search\/?api=1&query=Via%20Gesina%20Molinara%20Benevento\">\r\n            Mappa\r\n          <\/a>\r\n        <\/div>\r\n      <\/article>\r\n\r\n      <!-- MILANO -->\r\n      <article class=\"ai-card\">\r\n        <h3 class=\"ai-card__title\">Milano<\/h3>\r\n        <p class=\"ai-card__line\">\r\n          <strong>MC Technology SRL<\/strong> (Cars &amp; Taxi Automotive, Home Security)\r\n        <\/p>\r\n        <p class=\"ai-card__line\">Via Gran San Bernardo 11, 20154 Milano (MI)<\/p>\r\n        <p class=\"ai-card__line\">Tel: +39 02 34933439 | Cell: 338 9940560<\/p>\r\n        <div class=\"ai-card__actions\">\r\n          <a class=\"ai-btn\" href=\"tel:+390234933439\">Chiama<\/a>\r\n          <a class=\"ai-btn ai-btn--ghost\" target=\"_blank\" rel=\"noopener\"\r\n             href=\"https:\/\/www.google.com\/maps\/search\/?api=1&query=Via%20Gran%20San%20Bernardo%2011%2020154%20Milano\">\r\n            Mappa\r\n          <\/a>\r\n        <\/div>\r\n      <\/article>\r\n\r\n      <!-- ROMA -->\r\n      <article class=\"ai-card\">\r\n        <h3 class=\"ai-card__title\">Roma<\/h3>\r\n        <p class=\"ai-card__line\"><strong>Meccanico Fabio<\/strong><\/p>\r\n        <p class=\"ai-card__line\">Via Ostiense 137, Roma<\/p>\r\n        <div class=\"ai-card__actions\">\r\n          <a class=\"ai-btn\" href=\"tel:+393939083584\">Chiama<\/a>\r\n          <a class=\"ai-btn ai-btn--ghost\" target=\"_blank\" rel=\"noopener\"\r\n             href=\"https:\/\/www.google.com\/maps\/search\/?api=1&query=Via%20Ostiense%20137%20Roma\">\r\n            Mappa\r\n          <\/a>\r\n        <\/div>\r\n      <\/article>\r\n\r\n      <!-- BOLOGNA -->\r\n      <article class=\"ai-card\">\r\n        <h3 class=\"ai-card__title\">Bologna (Zola Predosa)<\/h3>\r\n        <p class=\"ai-card__line\"><strong>DACAR S.N.C<\/strong><\/p>\r\n        <p class=\"ai-card__line\">Via Rigosa 46, 40069 Zola Predosa (Bologna)<\/p>\r\n        <p class=\"ai-card__line\">Email: <a href=\"mailto:dacar.bologna@gmail.com\">dacar.bologna@gmail.com<\/a><\/p>\r\n        <div class=\"ai-card__actions\">\r\n          <a class=\"ai-btn\" href=\"tel:+393924230400\">Chiama<\/a>\r\n          <a class=\"ai-btn ai-btn--ghost\" target=\"_blank\" rel=\"noopener\"\r\n             href=\"https:\/\/www.google.com\/maps\/search\/?api=1&query=Via%20Rigosa%2046%2040069%20Zola%20Predosa%20Bologna\">\r\n            Mappa\r\n          <\/a>\r\n        <\/div>\r\n      <\/article>\r\n\r\n      <!-- SICILIA -->\r\n      <article class=\"ai-card\">\r\n        <h3 class=\"ai-card__title\">Sicilia (Marsala)<\/h3>\r\n        <p class=\"ai-card__line\"><strong>Autotappezzeria di Cangemi Salvatore<\/strong><\/p>\r\n        <p class=\"ai-card__line\">Corso Calatafimi 104, Marsala<\/p>\r\n        <p class=\"ai-card__line\">Email: <a href=\"mailto:salvatorecangemi74@gmail.com\">salvatorecangemi74@gmail.com<\/a><\/p>\r\n        <div class=\"ai-card__actions\">\r\n          <a class=\"ai-btn\" href=\"tel:+393475587319\">Chiama<\/a>\r\n          <a class=\"ai-btn ai-btn--ghost\" target=\"_blank\" rel=\"noopener\"\r\n             href=\"https:\/\/www.google.com\/maps\/search\/?api=1&query=Corso%20Calatafimi%20104%20Marsala\">\r\n            Mappa\r\n          <\/a>\r\n        <\/div>\r\n      <\/article>\r\n\r\n      <!-- TORINO -->\r\n      <article class=\"ai-card\">\r\n        <h3 class=\"ai-card__title\">Torino (Rivoli)<\/h3>\r\n        <p class=\"ai-card__line\"><strong>Magicwrap Torino<\/strong><\/p>\r\n        <p class=\"ai-card__line\">Corso Francia 221D, 10098 Rivoli (TO), Italia<\/p>\r\n        <div class=\"ai-card__actions\">\r\n          <a class=\"ai-btn\" href=\"tel:+393924147399\">Chiama<\/a>\r\n          <a class=\"ai-btn ai-btn--ghost\" target=\"_blank\" rel=\"noopener\"\r\n             href=\"https:\/\/www.google.com\/maps\/search\/?api=1&query=Corso%20Francia%20221D%2010098%20Rivoli%20TO%20Italia\">\r\n            Mappa\r\n          <\/a>\r\n        <\/div>\r\n      <\/article>\r\n\r\n      <!-- VICENZA -->\r\n      <article class=\"ai-card\">\r\n        <h3 class=\"ai-card__title\">Zona Vicenza (Mussolente)<\/h3>\r\n        <p class=\"ai-card__line\"><strong>Vecchio garage<\/strong><\/p>\r\n        <p class=\"ai-card__line\">Via Chemin Palma 9, 36055 Mussolente<\/p>\r\n        <div class=\"ai-card__actions\">\r\n          <a class=\"ai-btn\" href=\"tel:+393924140195\">Chiama<\/a>\r\n          <a class=\"ai-btn ai-btn--ghost\" target=\"_blank\" rel=\"noopener\"\r\n             href=\"https:\/\/www.google.com\/maps\/search\/?api=1&query=Via%20Chemin%20Palma%209%2036055%20Mussolente\">\r\n            Mappa\r\n          <\/a>\r\n        <\/div>\r\n      <\/article>\r\n\r\n      <!-- CALABRIA -->\r\n      <article class=\"ai-card\">\r\n        <h3 class=\"ai-card__title\">Calabria (Siderno)<\/h3>\r\n        <p class=\"ai-card__line\"><strong>Foderauto Jonica di Pedulla G. &amp; C. Snc<\/strong><\/p>\r\n        <p class=\"ai-card__line\">Via Bifera 42 (Zona Industriale), 89048 Siderno (RC)<\/p>\r\n        <p class=\"ai-card__line\">Orari: Lun\u2013Ven 8:30\u201312:30 \/ 14:30\u201318:30 (Sabato chiuso)<\/p>\r\n        <div class=\"ai-card__actions\">\r\n          <a class=\"ai-btn\" href=\"tel:+390964381977\">Chiama<\/a>\r\n          <a class=\"ai-btn ai-btn--ghost\" target=\"_blank\" rel=\"noopener\"\r\n             href=\"https:\/\/www.google.com\/maps\/search\/?api=1&query=Via%20Bifera%2042%2089048%20Siderno%20RC%20Italia\">\r\n            Mappa\r\n          <\/a>\r\n        <\/div>\r\n      <\/article>\r\n    <\/div>\r\n\r\n    <div class=\"ai-installers__footer\">\r\n      <p>\r\n        Se necessario, possiamo inviarti anche istruzioni video e guide passo-passo per il montaggio.\r\n        Scrivici su WhatsApp indicando la tua citta in Italia.\r\n      <\/p>\r\n    <\/div>\r\n  <\/div>\r\n<\/section>\r\n\r\n<style>\r\n  .ai-installers{\r\n    padding: 24px 0;\r\n    font-family: -apple-system, BlinkMacSystemFont, \"Inter\", system-ui, Segoe UI, Roboto, Arial, sans-serif;\r\n    color:#111;\r\n  }\r\n  .ai-installers__inner{\r\n    max-width: 1100px;\r\n    margin: 0 auto;\r\n    padding: 0 16px;\r\n  }\r\n  .ai-installers__title{\r\n    margin: 0 0 10px;\r\n    font-size: 26px;\r\n    line-height: 1.2;\r\n    letter-spacing: -0.02em;\r\n  }\r\n  .ai-installers__lead{\r\n    margin: 0 0 14px;\r\n    color:#333;\r\n    font-size: 16px;\r\n    line-height: 1.6;\r\n  }\r\n  .ai-installers__notice{\r\n    background: #f7f7f7;\r\n    border: 1px solid #e6e6e6;\r\n    border-radius: 14px;\r\n    padding: 14px 14px;\r\n    margin: 0 0 18px;\r\n    font-size: 14px;\r\n    line-height: 1.6;\r\n    color:#222;\r\n  }\r\n  .ai-installers__grid{\r\n    display: grid;\r\n    grid-template-columns: repeat(3, minmax(0,1fr));\r\n    gap: 14px;\r\n  }\r\n  .ai-card{\r\n    border: 1px solid #e6e6e6;\r\n    border-radius: 16px;\r\n    padding: 14px;\r\n    background: #fff;\r\n    box-shadow: 0 2px 10px rgba(0,0,0,0.04);\r\n    display:flex;\r\n    flex-direction:column;\r\n    gap: 6px;\r\n  }\r\n  .ai-card__title{\r\n    margin: 0 0 4px;\r\n    font-size: 16px;\r\n    letter-spacing: -0.01em;\r\n  }\r\n  .ai-card__line{\r\n    margin: 0;\r\n    font-size: 14px;\r\n    color:#333;\r\n    line-height: 1.45;\r\n    word-break: break-word;\r\n  }\r\n  .ai-card__line a{ color:#111; text-decoration: underline; }\r\n  .ai-card__actions{\r\n    display:flex;\r\n    gap: 10px;\r\n    margin-top: 10px;\r\n    flex-wrap: wrap;\r\n  }\r\n  .ai-btn{\r\n    display:inline-flex;\r\n    align-items:center;\r\n    justify-content:center;\r\n    padding: 10px 12px;\r\n    border-radius: 12px;\r\n    background:#111;\r\n    color:#fff !important;\r\n    text-decoration:none;\r\n    font-size: 14px;\r\n    font-weight: 600;\r\n    border: 1px solid #111;\r\n    transition: transform .06s ease;\r\n  }\r\n  .ai-btn:active{ transform: scale(0.98); }\r\n  .ai-btn--ghost{\r\n    background: transparent;\r\n    color:#111 !important;\r\n    border: 1px solid #d9d9d9;\r\n  }\r\n  .ai-installers__footer{\r\n    margin-top: 18px;\r\n    border-top: 1px solid #eee;\r\n    padding-top: 14px;\r\n    color:#333;\r\n    font-size: 14px;\r\n    line-height: 1.6;\r\n  }\r\n\r\n  @media (max-width: 980px){\r\n    .ai-installers__grid{ grid-template-columns: repeat(2, minmax(0,1fr)); }\r\n  }\r\n  @media (max-width: 620px){\r\n    .ai-installers__grid{ grid-template-columns: 1fr; }\r\n    .ai-installers__title{ font-size: 22px; }\r\n  }\r\n<\/style>\r\n\t\t\t\t<\/div>\n\t\t\t\t<\/div>\n\t\t\t\t\t<\/div>\n\t\t\t\t<\/div>\n\t\t\t\t<\/div>\n\t\t","protected":false},"excerpt":{"rendered":"<p>Istruzioni di montaggio per i nostri rivestimenti per sedili su misura Il montaggio dei nostri rivestimenti per sedili su misura \u00e8 un processo accurato che richiede attenzione ai dettagli e precisione.Per garantire una vestibilit\u00e0 perfetta ed evitare eventuali problemi, ti invitiamo a seguire questi consigli preliminari prima di iniziare: Tempo di montaggio:Il montaggio richiede generalmente [&hellip;]<\/p>\n","protected":false},"author":1,"featured_media":0,"parent":0,"menu_order":0,"comment_status":"closed","ping_status":"closed","template":"","meta":{"footnotes":""},"class_list":["post-4478","page","type-page","status-publish","hentry"],"yoast_head":"<!-- This site is optimized with the Yoast SEO plugin v27.5 - https:\/\/yoast.com\/product\/yoast-seo-wordpress\/ -->\n<title>Montaggio coprisedili auto \u2013 Guida all\u2019installazione | AutoInterior<\/title>\n<meta name=\"description\" content=\"Guida al montaggio dei coprisedili auto. Installazione semplice e corretta per una vestibilit\u00e0 perfetta.\" \/>\n<meta name=\"robots\" content=\"index, follow, max-snippet:-1, max-image-preview:large, max-video-preview:-1\" \/>\n<link rel=\"canonical\" href=\"https:\/\/autointerior.eu\/it\/montaggio\/\" \/>\n<meta property=\"og:locale\" content=\"it_IT\" \/>\n<meta property=\"og:type\" content=\"article\" \/>\n<meta property=\"og:title\" content=\"Montaggio coprisedili auto \u2013 Guida all\u2019installazione | AutoInterior\" \/>\n<meta property=\"og:description\" content=\"Guida al montaggio dei coprisedili auto. Installazione semplice e corretta per una vestibilit\u00e0 perfetta.\" \/>\n<meta property=\"og:url\" content=\"https:\/\/autointerior.eu\/it\/montaggio\/\" \/>\n<meta property=\"og:site_name\" content=\"autointerior.eu\" \/>\n<meta property=\"article:modified_time\" content=\"2026-01-13T07:29:48+00:00\" \/>\n<meta name=\"twitter:card\" content=\"summary_large_image\" \/>\n<meta name=\"twitter:label1\" content=\"Tempo di lettura stimato\" \/>\n\t<meta name=\"twitter:data1\" content=\"3 minuti\" \/>\n<script type=\"application\/ld+json\" class=\"yoast-schema-graph\">{\"@context\":\"https:\\\/\\\/schema.org\",\"@graph\":[{\"@type\":\"WebPage\",\"@id\":\"https:\\\/\\\/autointerior.eu\\\/it\\\/montaggio\\\/\",\"url\":\"https:\\\/\\\/autointerior.eu\\\/it\\\/montaggio\\\/\",\"name\":\"Montaggio coprisedili auto \u2013 Guida all\u2019installazione | AutoInterior\",\"isPartOf\":{\"@id\":\"https:\\\/\\\/autointerior.eu\\\/#website\"},\"datePublished\":\"2025-04-03T04:32:21+00:00\",\"dateModified\":\"2026-01-13T07:29:48+00:00\",\"description\":\"Guida al montaggio dei coprisedili auto. Installazione semplice e corretta per una vestibilit\u00e0 perfetta.\",\"breadcrumb\":{\"@id\":\"https:\\\/\\\/autointerior.eu\\\/it\\\/montaggio\\\/#breadcrumb\"},\"inLanguage\":\"it-IT\",\"potentialAction\":[{\"@type\":\"ReadAction\",\"target\":[\"https:\\\/\\\/autointerior.eu\\\/it\\\/montaggio\\\/\"]}]},{\"@type\":\"BreadcrumbList\",\"@id\":\"https:\\\/\\\/autointerior.eu\\\/it\\\/montaggio\\\/#breadcrumb\",\"itemListElement\":[{\"@type\":\"ListItem\",\"position\":1,\"name\":\"Home\",\"item\":\"https:\\\/\\\/autointerior.eu\\\/it\\\/home\\\/\"},{\"@type\":\"ListItem\",\"position\":2,\"name\":\"Montaggio\"}]},{\"@type\":\"WebSite\",\"@id\":\"https:\\\/\\\/autointerior.eu\\\/#website\",\"url\":\"https:\\\/\\\/autointerior.eu\\\/\",\"name\":\"autointerior.eu\",\"description\":\"Custom car seat covers \u2013 Perfect fit and premium quality\",\"potentialAction\":[{\"@type\":\"SearchAction\",\"target\":{\"@type\":\"EntryPoint\",\"urlTemplate\":\"https:\\\/\\\/autointerior.eu\\\/?s={search_term_string}\"},\"query-input\":{\"@type\":\"PropertyValueSpecification\",\"valueRequired\":true,\"valueName\":\"search_term_string\"}}],\"inLanguage\":\"it-IT\"}]}<\/script>\n<!-- \/ Yoast SEO plugin. -->","yoast_head_json":{"title":"Montaggio coprisedili auto \u2013 Guida all\u2019installazione | AutoInterior","description":"Guida al montaggio dei coprisedili auto. Installazione semplice e corretta per una vestibilit\u00e0 perfetta.","robots":{"index":"index","follow":"follow","max-snippet":"max-snippet:-1","max-image-preview":"max-image-preview:large","max-video-preview":"max-video-preview:-1"},"canonical":"https:\/\/autointerior.eu\/it\/montaggio\/","og_locale":"it_IT","og_type":"article","og_title":"Montaggio coprisedili auto \u2013 Guida all\u2019installazione | AutoInterior","og_description":"Guida al montaggio dei coprisedili auto. Installazione semplice e corretta per una vestibilit\u00e0 perfetta.","og_url":"https:\/\/autointerior.eu\/it\/montaggio\/","og_site_name":"autointerior.eu","article_modified_time":"2026-01-13T07:29:48+00:00","twitter_card":"summary_large_image","twitter_misc":{"Tempo di lettura stimato":"3 minuti"},"schema":{"@context":"https:\/\/schema.org","@graph":[{"@type":"WebPage","@id":"https:\/\/autointerior.eu\/it\/montaggio\/","url":"https:\/\/autointerior.eu\/it\/montaggio\/","name":"Montaggio coprisedili auto \u2013 Guida all\u2019installazione | AutoInterior","isPartOf":{"@id":"https:\/\/autointerior.eu\/#website"},"datePublished":"2025-04-03T04:32:21+00:00","dateModified":"2026-01-13T07:29:48+00:00","description":"Guida al montaggio dei coprisedili auto. Installazione semplice e corretta per una vestibilit\u00e0 perfetta.","breadcrumb":{"@id":"https:\/\/autointerior.eu\/it\/montaggio\/#breadcrumb"},"inLanguage":"it-IT","potentialAction":[{"@type":"ReadAction","target":["https:\/\/autointerior.eu\/it\/montaggio\/"]}]},{"@type":"BreadcrumbList","@id":"https:\/\/autointerior.eu\/it\/montaggio\/#breadcrumb","itemListElement":[{"@type":"ListItem","position":1,"name":"Home","item":"https:\/\/autointerior.eu\/it\/home\/"},{"@type":"ListItem","position":2,"name":"Montaggio"}]},{"@type":"WebSite","@id":"https:\/\/autointerior.eu\/#website","url":"https:\/\/autointerior.eu\/","name":"autointerior.eu","description":"Custom car seat covers \u2013 Perfect fit and premium quality","potentialAction":[{"@type":"SearchAction","target":{"@type":"EntryPoint","urlTemplate":"https:\/\/autointerior.eu\/?s={search_term_string}"},"query-input":{"@type":"PropertyValueSpecification","valueRequired":true,"valueName":"search_term_string"}}],"inLanguage":"it-IT"}]}},"jetpack_sharing_enabled":true,"_links":{"self":[{"href":"https:\/\/autointerior.eu\/it\/wp-json\/wp\/v2\/pages\/4478","targetHints":{"allow":["GET"]}}],"collection":[{"href":"https:\/\/autointerior.eu\/it\/wp-json\/wp\/v2\/pages"}],"about":[{"href":"https:\/\/autointerior.eu\/it\/wp-json\/wp\/v2\/types\/page"}],"author":[{"embeddable":true,"href":"https:\/\/autointerior.eu\/it\/wp-json\/wp\/v2\/users\/1"}],"replies":[{"embeddable":true,"href":"https:\/\/autointerior.eu\/it\/wp-json\/wp\/v2\/comments?post=4478"}],"version-history":[{"count":4,"href":"https:\/\/autointerior.eu\/it\/wp-json\/wp\/v2\/pages\/4478\/revisions"}],"predecessor-version":[{"id":5114,"href":"https:\/\/autointerior.eu\/it\/wp-json\/wp\/v2\/pages\/4478\/revisions\/5114"}],"wp:attachment":[{"href":"https:\/\/autointerior.eu\/it\/wp-json\/wp\/v2\/media?parent=4478"}],"curies":[{"name":"wp","href":"https:\/\/api.w.org\/{rel}","templated":true}]}}