{"id":3148,"date":"2025-04-03T04:33:19","date_gmt":"2025-04-03T04:33:19","guid":{"rendered":"https:\/\/autointerior.eu\/contact\/"},"modified":"2026-01-13T09:56:30","modified_gmt":"2026-01-13T09:56:30","slug":"contact","status":"publish","type":"page","link":"https:\/\/autointerior.eu\/ro\/contact\/","title":{"rendered":"Contact"},"content":{"rendered":"\t\t<div data-elementor-type=\"wp-page\" data-elementor-id=\"3148\" class=\"elementor elementor-3148 elementor-60\" data-elementor-post-type=\"page\">\n\t\t\t\t<div class=\"elementor-element elementor-element-b076b21 e-flex e-con-boxed e-con e-parent\" data-id=\"b076b21\" data-element_type=\"container\" data-e-type=\"container\">\n\t\t\t\t\t<div class=\"e-con-inner\">\n\t\t\t\t<div class=\"elementor-element elementor-element-df1ad7e elementor-widget elementor-widget-text-editor\" data-id=\"df1ad7e\" data-element_type=\"widget\" data-e-type=\"widget\" data-widget_type=\"text-editor.default\">\n\t\t\t\t<div class=\"elementor-widget-container\">\n\t\t\t\t\t\t\t\t\t<div class=\"flex-shrink-0 flex flex-col relative items-end\"><div><div class=\"pt-0\"><div class=\"gizmo-bot-avatar flex h-8 w-8 items-center justify-center overflow-hidden rounded-full\"><div class=\"relative p-1 rounded-sm flex items-center justify-center bg-token-main-surface-primary text-token-text-primary h-8 w-8\"><strong>Dac\u0103 ai \u00eentreb\u0103ri legate de o comand\u0103, dore\u0219ti s\u0103 plasezi o comand\u0103 nou\u0103 sau ai nevoie de asisten\u021b\u0103 pentru garan\u021bie, te rug\u0103m s\u0103 contactezi biroul nostru de v\u00e2nz\u0103ri din Romania.<\/strong><\/div><div> <\/div><div class=\"relative p-1 rounded-sm flex items-center justify-center bg-token-main-surface-primary text-token-text-primary h-8 w-8\"><strong>Birou v\u00e2nz\u0103ri<\/strong><\/div><\/div><\/div><\/div><\/div><div class=\"group\/conversation-turn relative flex w-full min-w-0 flex-col agent-turn\"><div class=\"flex-col gap-1 md:gap-3\"><div class=\"flex max-w-full flex-col flex-grow\"><div class=\"min-h-[20px] text-message flex w-full flex-col items-end gap-2 whitespace-pre-wrap break-words [.text-message+&amp;]:mt-5 overflow-x-auto\" dir=\"auto\" data-message-author-role=\"assistant\" data-message-id=\"fad178d6-e3a2-4404-98d0-1e6a04c90ce5\"><div class=\"flex w-full flex-col gap-1 empty:hidden first:pt-[3px]\"><div class=\"markdown prose w-full break-words dark:prose-invert light\"><p><strong>Albert Management SRL<\/strong><br>Str Livezeni 4A,<br>Targu Mures 540473,<br>Romania<br><strong>Phone Number:<\/strong> +40-742258532<br><strong>Email:<\/strong> info@autointerior.eu<\/p><hr><p><strong>Dac\u0103 e\u0219ti interesat s\u0103 devii partener rev\u00e2nz\u0103tor sau distribuitor, te rug\u0103m s\u0103 contactezi unitatea noastr\u0103 de produc\u021bie din Rom\u00e2nia.<\/strong><\/p><p><strong>Unitate de produc\u021bie<\/strong><br>Str Livezeni 4A,<br>T\u00e2rgu Mure\u0219 540473,<br>Rom\u00e2nia<br><strong>Phone Number<\/strong>: +40-742258532<br><strong>Email:<\/strong> info@autointerior.eu<\/p><\/div><p><strong>Pentru orice alte informa\u021bii, te rug\u0103m s\u0103 folose\u0219ti \u0219i formularul de contact disponibil pe site-ul nostru.<\/strong><\/p><\/div><\/div><\/div><\/div><\/div>\t\t\t\t\t\t\t\t<\/div>\n\t\t\t\t<\/div>\n\t\t\t\t\t<\/div>\n\t\t\t\t<\/div>\n\t\t\t\t<\/div>\n\t\t","protected":false},"excerpt":{"rendered":"<p>Dac\u0103 ai \u00eentreb\u0103ri legate de o comand\u0103, dore\u0219ti s\u0103 plasezi o comand\u0103 nou\u0103 sau ai nevoie de asisten\u021b\u0103 pentru garan\u021bie, te rug\u0103m s\u0103 contactezi biroul nostru de v\u00e2nz\u0103ri din Romania. Birou v\u00e2nz\u0103ri Albert Management SRLStr Livezeni 4A,Targu Mures 540473,RomaniaPhone Number: +40-742258532Email: info@autointerior.eu Dac\u0103 e\u0219ti interesat s\u0103 devii partener rev\u00e2nz\u0103tor sau distribuitor, te rug\u0103m s\u0103 contactezi [&hellip;]<\/p>\n","protected":false},"author":1,"featured_media":0,"parent":0,"menu_order":0,"comment_status":"closed","ping_status":"closed","template":"","meta":{"footnotes":""},"class_list":["post-3148","page","type-page","status-publish","hentry"],"yoast_head":"<!-- This site is optimized with the Yoast SEO plugin v27.4 - https:\/\/yoast.com\/product\/yoast-seo-wordpress\/ -->\n<title>Contact \u2013 Huse auto &amp; suport clien\u021bi | AutoInterior<\/title>\n<meta name=\"description\" content=\"Contacteaz\u0103 AutoInterior pentru huse auto la comand\u0103. Suport clien\u021bi, consiliere \u0219i informa\u021bii despre comenzi.\" \/>\n<meta name=\"robots\" content=\"index, follow, max-snippet:-1, max-image-preview:large, max-video-preview:-1\" \/>\n<link rel=\"canonical\" href=\"https:\/\/autointerior.eu\/ro\/contact\/\" \/>\n<meta property=\"og:locale\" content=\"ro_RO\" \/>\n<meta property=\"og:type\" content=\"article\" \/>\n<meta property=\"og:title\" content=\"Contact \u2013 Huse auto &amp; suport clien\u021bi | AutoInterior\" \/>\n<meta property=\"og:description\" content=\"Contacteaz\u0103 AutoInterior pentru huse auto la comand\u0103. Suport clien\u021bi, consiliere \u0219i informa\u021bii despre comenzi.\" \/>\n<meta property=\"og:url\" content=\"https:\/\/autointerior.eu\/ro\/contact\/\" \/>\n<meta property=\"og:site_name\" content=\"autointerior.eu\" \/>\n<meta property=\"article:modified_time\" content=\"2026-01-13T09:56:30+00:00\" \/>\n<meta name=\"twitter:card\" content=\"summary_large_image\" \/>\n<meta name=\"twitter:label1\" content=\"Timp estimat pentru citire\" \/>\n\t<meta name=\"twitter:data1\" content=\"1 minut\" \/>\n<script type=\"application\/ld+json\" class=\"yoast-schema-graph\">{\"@context\":\"https:\\\/\\\/schema.org\",\"@graph\":[{\"@type\":\"WebPage\",\"@id\":\"https:\\\/\\\/autointerior.eu\\\/ro\\\/contact\\\/\",\"url\":\"https:\\\/\\\/autointerior.eu\\\/ro\\\/contact\\\/\",\"name\":\"Contact \u2013 Huse auto & suport clien\u021bi | AutoInterior\",\"isPartOf\":{\"@id\":\"https:\\\/\\\/autointerior.eu\\\/#website\"},\"datePublished\":\"2025-04-03T04:33:19+00:00\",\"dateModified\":\"2026-01-13T09:56:30+00:00\",\"description\":\"Contacteaz\u0103 AutoInterior pentru huse auto la comand\u0103. Suport clien\u021bi, consiliere \u0219i informa\u021bii despre comenzi.\",\"breadcrumb\":{\"@id\":\"https:\\\/\\\/autointerior.eu\\\/ro\\\/contact\\\/#breadcrumb\"},\"inLanguage\":\"ro-RO\",\"potentialAction\":[{\"@type\":\"ReadAction\",\"target\":[\"https:\\\/\\\/autointerior.eu\\\/ro\\\/contact\\\/\"]}]},{\"@type\":\"BreadcrumbList\",\"@id\":\"https:\\\/\\\/autointerior.eu\\\/ro\\\/contact\\\/#breadcrumb\",\"itemListElement\":[{\"@type\":\"ListItem\",\"position\":1,\"name\":\"Home\",\"item\":\"https:\\\/\\\/autointerior.eu\\\/ro\\\/\"},{\"@type\":\"ListItem\",\"position\":2,\"name\":\"Contact\"}]},{\"@type\":\"WebSite\",\"@id\":\"https:\\\/\\\/autointerior.eu\\\/#website\",\"url\":\"https:\\\/\\\/autointerior.eu\\\/\",\"name\":\"autointerior.eu\",\"description\":\"Custom car seat covers \u2013 Perfect fit and premium quality\",\"potentialAction\":[{\"@type\":\"SearchAction\",\"target\":{\"@type\":\"EntryPoint\",\"urlTemplate\":\"https:\\\/\\\/autointerior.eu\\\/?s={search_term_string}\"},\"query-input\":{\"@type\":\"PropertyValueSpecification\",\"valueRequired\":true,\"valueName\":\"search_term_string\"}}],\"inLanguage\":\"ro-RO\"}]}<\/script>\n<!-- \/ Yoast SEO plugin. -->","yoast_head_json":{"title":"Contact \u2013 Huse auto & suport clien\u021bi | AutoInterior","description":"Contacteaz\u0103 AutoInterior pentru huse auto la comand\u0103. Suport clien\u021bi, consiliere \u0219i informa\u021bii despre comenzi.","robots":{"index":"index","follow":"follow","max-snippet":"max-snippet:-1","max-image-preview":"max-image-preview:large","max-video-preview":"max-video-preview:-1"},"canonical":"https:\/\/autointerior.eu\/ro\/contact\/","og_locale":"ro_RO","og_type":"article","og_title":"Contact \u2013 Huse auto & suport clien\u021bi | AutoInterior","og_description":"Contacteaz\u0103 AutoInterior pentru huse auto la comand\u0103. Suport clien\u021bi, consiliere \u0219i informa\u021bii despre comenzi.","og_url":"https:\/\/autointerior.eu\/ro\/contact\/","og_site_name":"autointerior.eu","article_modified_time":"2026-01-13T09:56:30+00:00","twitter_card":"summary_large_image","twitter_misc":{"Timp estimat pentru citire":"1 minut"},"schema":{"@context":"https:\/\/schema.org","@graph":[{"@type":"WebPage","@id":"https:\/\/autointerior.eu\/ro\/contact\/","url":"https:\/\/autointerior.eu\/ro\/contact\/","name":"Contact \u2013 Huse auto & suport clien\u021bi | AutoInterior","isPartOf":{"@id":"https:\/\/autointerior.eu\/#website"},"datePublished":"2025-04-03T04:33:19+00:00","dateModified":"2026-01-13T09:56:30+00:00","description":"Contacteaz\u0103 AutoInterior pentru huse auto la comand\u0103. Suport clien\u021bi, consiliere \u0219i informa\u021bii despre comenzi.","breadcrumb":{"@id":"https:\/\/autointerior.eu\/ro\/contact\/#breadcrumb"},"inLanguage":"ro-RO","potentialAction":[{"@type":"ReadAction","target":["https:\/\/autointerior.eu\/ro\/contact\/"]}]},{"@type":"BreadcrumbList","@id":"https:\/\/autointerior.eu\/ro\/contact\/#breadcrumb","itemListElement":[{"@type":"ListItem","position":1,"name":"Home","item":"https:\/\/autointerior.eu\/ro\/"},{"@type":"ListItem","position":2,"name":"Contact"}]},{"@type":"WebSite","@id":"https:\/\/autointerior.eu\/#website","url":"https:\/\/autointerior.eu\/","name":"autointerior.eu","description":"Custom car seat covers \u2013 Perfect fit and premium quality","potentialAction":[{"@type":"SearchAction","target":{"@type":"EntryPoint","urlTemplate":"https:\/\/autointerior.eu\/?s={search_term_string}"},"query-input":{"@type":"PropertyValueSpecification","valueRequired":true,"valueName":"search_term_string"}}],"inLanguage":"ro-RO"}]}},"jetpack_sharing_enabled":true,"_links":{"self":[{"href":"https:\/\/autointerior.eu\/ro\/wp-json\/wp\/v2\/pages\/3148","targetHints":{"allow":["GET"]}}],"collection":[{"href":"https:\/\/autointerior.eu\/ro\/wp-json\/wp\/v2\/pages"}],"about":[{"href":"https:\/\/autointerior.eu\/ro\/wp-json\/wp\/v2\/types\/page"}],"author":[{"embeddable":true,"href":"https:\/\/autointerior.eu\/ro\/wp-json\/wp\/v2\/users\/1"}],"replies":[{"embeddable":true,"href":"https:\/\/autointerior.eu\/ro\/wp-json\/wp\/v2\/comments?post=3148"}],"version-history":[{"count":2,"href":"https:\/\/autointerior.eu\/ro\/wp-json\/wp\/v2\/pages\/3148\/revisions"}],"predecessor-version":[{"id":3357,"href":"https:\/\/autointerior.eu\/ro\/wp-json\/wp\/v2\/pages\/3148\/revisions\/3357"}],"wp:attachment":[{"href":"https:\/\/autointerior.eu\/ro\/wp-json\/wp\/v2\/media?parent=3148"}],"curies":[{"name":"wp","href":"https:\/\/api.w.org\/{rel}","templated":true}]}}