{"id":3159,"date":"2025-04-03T04:31:08","date_gmt":"2025-04-03T04:31:08","guid":{"rendered":"https:\/\/autointerior.eu\/cum-se-comanda\/"},"modified":"2026-01-13T07:27:12","modified_gmt":"2026-01-13T07:27:12","slug":"cum-se-comanda","status":"publish","type":"page","link":"https:\/\/autointerior.eu\/ro\/cum-se-comanda\/","title":{"rendered":"Cum se comand\u0103?"},"content":{"rendered":"\t\t<div data-elementor-type=\"wp-page\" data-elementor-id=\"3159\" class=\"elementor elementor-3159 elementor-46\" data-elementor-post-type=\"page\">\n\t\t\t\t<div class=\"elementor-element elementor-element-371fdc5 e-flex e-con-boxed e-con e-parent\" data-id=\"371fdc5\" data-element_type=\"container\" data-e-type=\"container\">\n\t\t\t\t\t<div class=\"e-con-inner\">\n\t\t\t\t<div class=\"elementor-element elementor-element-c0d68f9 elementor-widget elementor-widget-heading\" data-id=\"c0d68f9\" data-element_type=\"widget\" data-e-type=\"widget\" data-widget_type=\"heading.default\">\n\t\t\t\t<div class=\"elementor-widget-container\">\n\t\t\t\t\t<h2 class=\"elementor-heading-title elementor-size-default\">Cum plasezi o comand\u0103?<\/h2>\t\t\t\t<\/div>\n\t\t\t\t<\/div>\n\t\t\t\t\t<\/div>\n\t\t\t\t<\/div>\n\t\t<div class=\"elementor-element elementor-element-83d9ea3 e-flex e-con-boxed e-con e-parent\" data-id=\"83d9ea3\" data-element_type=\"container\" data-e-type=\"container\">\n\t\t\t\t\t<div class=\"e-con-inner\">\n\t\t\t\t<div class=\"elementor-element elementor-element-6186a33 elementor-widget elementor-widget-text-editor\" data-id=\"6186a33\" data-element_type=\"widget\" data-e-type=\"widget\" data-widget_type=\"text-editor.default\">\n\t\t\t\t<div class=\"elementor-widget-container\">\n\t\t\t\t\t\t\t\t\t<p><strong>Pasul 1: <\/strong>Alege combina\u021bia dorit\u0103 de materiale folosind simulatorul nostru 3D sau selecteaz\u0103 o combina\u021bie de materiale \u0219i culori inspirat\u0103 din galeria de pe site sau din conturile noastre de social media. Apoi, trimite-ne o cerere.<\/p><p><strong>Pasul 2<\/strong>: Echipa noastr\u0103 de asisten\u021b\u0103 clien\u021bi te va contacta prin e-mail sau WhatsApp pentru a discuta configura\u021bia dorit\u0103, o va personaliza pentru scaunele tale \u0219i \u00ee\u021bi va furniza detalii despre pre\u021b.<\/p><p><strong>Pasul 3:<\/strong> Vom avea nevoie de fotografii ale scaunelor \u0219i ale ma\u0219inii pentru a ne asigura c\u0103 ob\u021binem modelul corect. Po\u021bi fi lini\u0219tit \u2014 suntem speciali\u0219ti \u00een interioare auto \u0219i ne ocup\u0103m cu precizie de fiecare detaliu. Te rug\u0103m s\u0103 ne furnizezi \u0219i informa\u021biile de facturare \u0219i livrare.<\/p><p><strong>Pasul 4: <\/strong>Plata se poate face prin transfer bancar sau Card. Oferim \u0219i op\u021biunea de plat\u0103 \u00een dou\u0103 tran\u0219e: 50\/50. Timpul de livrare standard este de 60 de zile, \u00eens\u0103 de obicei livr\u0103m \u00een termen de o lun\u0103. Pentru comenzile urgente, putem livra \u00eentr-un interval de 10 zile.<\/p><p><strong>Pasul 5<\/strong>: Odat\u0103 ce comanda ta este gata, o preg\u0103tim pentru expediere \u0219i oferim \u0219i asisten\u021b\u0103 post-v\u00e2nzare pentru montare.<\/p>\t\t\t\t\t\t\t\t<\/div>\n\t\t\t\t<\/div>\n\t\t\t\t\t<\/div>\n\t\t\t\t<\/div>\n\t\t\t\t<\/div>\n\t\t","protected":false},"excerpt":{"rendered":"<p>Cum plasezi o comand\u0103? Pasul 1: Alege combina\u021bia dorit\u0103 de materiale folosind simulatorul nostru 3D sau selecteaz\u0103 o combina\u021bie de materiale \u0219i culori inspirat\u0103 din galeria de pe site sau din conturile noastre de social media. Apoi, trimite-ne o cerere. Pasul 2: Echipa noastr\u0103 de asisten\u021b\u0103 clien\u021bi te va contacta prin e-mail sau WhatsApp pentru [&hellip;]<\/p>\n","protected":false},"author":1,"featured_media":0,"parent":0,"menu_order":0,"comment_status":"closed","ping_status":"closed","template":"","meta":{"footnotes":""},"class_list":["post-3159","page","type-page","status-publish","hentry"],"yoast_head":"<!-- This site is optimized with the Yoast SEO plugin v27.4 - https:\/\/yoast.com\/product\/yoast-seo-wordpress\/ -->\n<title>Cum comanzi huse auto \u2013 Pa\u0219ii de comand\u0103 | AutoInterior<\/title>\n<meta name=\"description\" content=\"Afl\u0103 cum comanzi huse auto la comand\u0103. Pa\u0219i simpli, configurator online \u0219i procesul de livrare explicat clar.\" \/>\n<meta name=\"robots\" content=\"index, follow, max-snippet:-1, max-image-preview:large, max-video-preview:-1\" \/>\n<link rel=\"canonical\" href=\"https:\/\/autointerior.eu\/ro\/cum-se-comanda\/\" \/>\n<meta property=\"og:locale\" content=\"ro_RO\" \/>\n<meta property=\"og:type\" content=\"article\" \/>\n<meta property=\"og:title\" content=\"Cum comanzi huse auto \u2013 Pa\u0219ii de comand\u0103 | AutoInterior\" \/>\n<meta property=\"og:description\" content=\"Afl\u0103 cum comanzi huse auto la comand\u0103. Pa\u0219i simpli, configurator online \u0219i procesul de livrare explicat clar.\" \/>\n<meta property=\"og:url\" content=\"https:\/\/autointerior.eu\/ro\/cum-se-comanda\/\" \/>\n<meta property=\"og:site_name\" content=\"autointerior.eu\" \/>\n<meta property=\"article:modified_time\" content=\"2026-01-13T07:27:12+00:00\" \/>\n<meta name=\"twitter:card\" content=\"summary_large_image\" \/>\n<meta name=\"twitter:label1\" content=\"Timp estimat pentru citire\" \/>\n\t<meta name=\"twitter:data1\" content=\"1 minut\" \/>\n<script type=\"application\/ld+json\" class=\"yoast-schema-graph\">{\"@context\":\"https:\\\/\\\/schema.org\",\"@graph\":[{\"@type\":\"WebPage\",\"@id\":\"https:\\\/\\\/autointerior.eu\\\/ro\\\/cum-se-comanda\\\/\",\"url\":\"https:\\\/\\\/autointerior.eu\\\/ro\\\/cum-se-comanda\\\/\",\"name\":\"Cum comanzi huse auto \u2013 Pa\u0219ii de comand\u0103 | AutoInterior\",\"isPartOf\":{\"@id\":\"https:\\\/\\\/autointerior.eu\\\/#website\"},\"datePublished\":\"2025-04-03T04:31:08+00:00\",\"dateModified\":\"2026-01-13T07:27:12+00:00\",\"description\":\"Afl\u0103 cum comanzi huse auto la comand\u0103. Pa\u0219i simpli, configurator online \u0219i procesul de livrare explicat clar.\",\"breadcrumb\":{\"@id\":\"https:\\\/\\\/autointerior.eu\\\/ro\\\/cum-se-comanda\\\/#breadcrumb\"},\"inLanguage\":\"ro-RO\",\"potentialAction\":[{\"@type\":\"ReadAction\",\"target\":[\"https:\\\/\\\/autointerior.eu\\\/ro\\\/cum-se-comanda\\\/\"]}]},{\"@type\":\"BreadcrumbList\",\"@id\":\"https:\\\/\\\/autointerior.eu\\\/ro\\\/cum-se-comanda\\\/#breadcrumb\",\"itemListElement\":[{\"@type\":\"ListItem\",\"position\":1,\"name\":\"Home\",\"item\":\"https:\\\/\\\/autointerior.eu\\\/ro\\\/\"},{\"@type\":\"ListItem\",\"position\":2,\"name\":\"Cum se comand\u0103?\"}]},{\"@type\":\"WebSite\",\"@id\":\"https:\\\/\\\/autointerior.eu\\\/#website\",\"url\":\"https:\\\/\\\/autointerior.eu\\\/\",\"name\":\"autointerior.eu\",\"description\":\"Custom car seat covers \u2013 Perfect fit and premium quality\",\"potentialAction\":[{\"@type\":\"SearchAction\",\"target\":{\"@type\":\"EntryPoint\",\"urlTemplate\":\"https:\\\/\\\/autointerior.eu\\\/?s={search_term_string}\"},\"query-input\":{\"@type\":\"PropertyValueSpecification\",\"valueRequired\":true,\"valueName\":\"search_term_string\"}}],\"inLanguage\":\"ro-RO\"}]}<\/script>\n<!-- \/ Yoast SEO plugin. -->","yoast_head_json":{"title":"Cum comanzi huse auto \u2013 Pa\u0219ii de comand\u0103 | AutoInterior","description":"Afl\u0103 cum comanzi huse auto la comand\u0103. Pa\u0219i simpli, configurator online \u0219i procesul de livrare explicat clar.","robots":{"index":"index","follow":"follow","max-snippet":"max-snippet:-1","max-image-preview":"max-image-preview:large","max-video-preview":"max-video-preview:-1"},"canonical":"https:\/\/autointerior.eu\/ro\/cum-se-comanda\/","og_locale":"ro_RO","og_type":"article","og_title":"Cum comanzi huse auto \u2013 Pa\u0219ii de comand\u0103 | AutoInterior","og_description":"Afl\u0103 cum comanzi huse auto la comand\u0103. Pa\u0219i simpli, configurator online \u0219i procesul de livrare explicat clar.","og_url":"https:\/\/autointerior.eu\/ro\/cum-se-comanda\/","og_site_name":"autointerior.eu","article_modified_time":"2026-01-13T07:27:12+00:00","twitter_card":"summary_large_image","twitter_misc":{"Timp estimat pentru citire":"1 minut"},"schema":{"@context":"https:\/\/schema.org","@graph":[{"@type":"WebPage","@id":"https:\/\/autointerior.eu\/ro\/cum-se-comanda\/","url":"https:\/\/autointerior.eu\/ro\/cum-se-comanda\/","name":"Cum comanzi huse auto \u2013 Pa\u0219ii de comand\u0103 | AutoInterior","isPartOf":{"@id":"https:\/\/autointerior.eu\/#website"},"datePublished":"2025-04-03T04:31:08+00:00","dateModified":"2026-01-13T07:27:12+00:00","description":"Afl\u0103 cum comanzi huse auto la comand\u0103. Pa\u0219i simpli, configurator online \u0219i procesul de livrare explicat clar.","breadcrumb":{"@id":"https:\/\/autointerior.eu\/ro\/cum-se-comanda\/#breadcrumb"},"inLanguage":"ro-RO","potentialAction":[{"@type":"ReadAction","target":["https:\/\/autointerior.eu\/ro\/cum-se-comanda\/"]}]},{"@type":"BreadcrumbList","@id":"https:\/\/autointerior.eu\/ro\/cum-se-comanda\/#breadcrumb","itemListElement":[{"@type":"ListItem","position":1,"name":"Home","item":"https:\/\/autointerior.eu\/ro\/"},{"@type":"ListItem","position":2,"name":"Cum se comand\u0103?"}]},{"@type":"WebSite","@id":"https:\/\/autointerior.eu\/#website","url":"https:\/\/autointerior.eu\/","name":"autointerior.eu","description":"Custom car seat covers \u2013 Perfect fit and premium quality","potentialAction":[{"@type":"SearchAction","target":{"@type":"EntryPoint","urlTemplate":"https:\/\/autointerior.eu\/?s={search_term_string}"},"query-input":{"@type":"PropertyValueSpecification","valueRequired":true,"valueName":"search_term_string"}}],"inLanguage":"ro-RO"}]}},"jetpack_sharing_enabled":true,"_links":{"self":[{"href":"https:\/\/autointerior.eu\/ro\/wp-json\/wp\/v2\/pages\/3159","targetHints":{"allow":["GET"]}}],"collection":[{"href":"https:\/\/autointerior.eu\/ro\/wp-json\/wp\/v2\/pages"}],"about":[{"href":"https:\/\/autointerior.eu\/ro\/wp-json\/wp\/v2\/types\/page"}],"author":[{"embeddable":true,"href":"https:\/\/autointerior.eu\/ro\/wp-json\/wp\/v2\/users\/1"}],"replies":[{"embeddable":true,"href":"https:\/\/autointerior.eu\/ro\/wp-json\/wp\/v2\/comments?post=3159"}],"version-history":[{"count":2,"href":"https:\/\/autointerior.eu\/ro\/wp-json\/wp\/v2\/pages\/3159\/revisions"}],"predecessor-version":[{"id":3354,"href":"https:\/\/autointerior.eu\/ro\/wp-json\/wp\/v2\/pages\/3159\/revisions\/3354"}],"wp:attachment":[{"href":"https:\/\/autointerior.eu\/ro\/wp-json\/wp\/v2\/media?parent=3159"}],"curies":[{"name":"wp","href":"https:\/\/api.w.org\/{rel}","templated":true}]}}