{"id":3163,"date":"2025-04-03T04:32:30","date_gmt":"2025-04-03T04:32:30","guid":{"rendered":"https:\/\/autointerior.eu\/noutati\/"},"modified":"2026-01-13T07:36:22","modified_gmt":"2026-01-13T07:36:22","slug":"noutati","status":"publish","type":"page","link":"https:\/\/autointerior.eu\/ro\/noutati\/","title":{"rendered":"Noutati"},"content":{"rendered":"\t\t<div data-elementor-type=\"wp-page\" data-elementor-id=\"3163\" class=\"elementor elementor-3163 elementor-54\" data-elementor-post-type=\"page\">\n\t\t\t\t<div class=\"elementor-element elementor-element-aa8ec97 e-flex e-con-boxed e-con e-parent\" data-id=\"aa8ec97\" data-element_type=\"container\" data-e-type=\"container\">\n\t\t\t\t\t<div class=\"e-con-inner\">\n\t\t<div class=\"elementor-element elementor-element-2a90c2d e-con-full e-flex e-con e-child\" data-id=\"2a90c2d\" data-element_type=\"container\" data-e-type=\"container\">\n\t\t\t\t<div class=\"elementor-element elementor-element-be74d73 elementor-grid-1 elementor-grid-tablet-2 elementor-grid-mobile-1 elementor-posts--thumbnail-top elementor-widget elementor-widget-posts\" data-id=\"be74d73\" data-element_type=\"widget\" data-e-type=\"widget\" data-settings=\"{&quot;classic_columns&quot;:&quot;1&quot;,&quot;classic_columns_tablet&quot;:&quot;2&quot;,&quot;classic_columns_mobile&quot;:&quot;1&quot;,&quot;classic_row_gap&quot;:{&quot;unit&quot;:&quot;px&quot;,&quot;size&quot;:35,&quot;sizes&quot;:[]},&quot;classic_row_gap_tablet&quot;:{&quot;unit&quot;:&quot;px&quot;,&quot;size&quot;:&quot;&quot;,&quot;sizes&quot;:[]},&quot;classic_row_gap_mobile&quot;:{&quot;unit&quot;:&quot;px&quot;,&quot;size&quot;:&quot;&quot;,&quot;sizes&quot;:[]}}\" data-widget_type=\"posts.classic\">\n\t\t\t\t<div class=\"elementor-widget-container\">\n\t\t\t\t\t\t\t<div class=\"elementor-posts-container elementor-posts elementor-posts--skin-classic elementor-grid\" role=\"list\">\n\t\t\t\t<article class=\"elementor-post elementor-grid-item post-6743 post type-post status-publish format-standard hentry category-noutati-auto tag-huse-auto tag-huse-auto-la-comanda-2 tag-huse-auto-personalizate tag-huse-auto-premium\" role=\"listitem\">\n\t\t\t\t<div class=\"elementor-post__text\">\n\t\t\t\t<h3 class=\"elementor-post__title\">\n\t\t\t<a href=\"https:\/\/autointerior.eu\/ro\/noutati-auto\/huse-auto-renault-symbioz\/\" >\n\t\t\t\tHuse auto pentru Renault Symbioz 2026\t\t\t<\/a>\n\t\t<\/h3>\n\t\t\t\t<div class=\"elementor-post__meta-data\">\n\t\t\t\t\t<span class=\"elementor-post-date\">\n\t\t\t20 aprilie 2026\t\t<\/span>\n\t\t\t\t<span class=\"elementor-post-avatar\">\n\t\t\tNiciun comentariu\t\t<\/span>\n\t\t\t\t<\/div>\n\t\t\t\t<div class=\"elementor-post__excerpt\">\n\t\t\t<p>Huse auto pentru Renault Symbioz 2026 Alegerea unor huse auto potrivite pentru noul Renault Symbioz reprezint\u0103 un pas fundamental pentru oricine dore\u0219te s\u0103 \u00eembine protec\u021bia<\/p>\n\t\t<\/div>\n\t\t\n\t\t<a class=\"elementor-post__read-more\" href=\"https:\/\/autointerior.eu\/ro\/noutati-auto\/huse-auto-renault-symbioz\/\" aria-label=\"Read more about Huse auto pentru Renault Symbioz 2026\" tabindex=\"-1\" >\n\t\t\tRead More \u00bb\t\t<\/a>\n\n\t\t\t\t<\/div>\n\t\t\t\t<\/article>\n\t\t\t\t<article class=\"elementor-post elementor-grid-item post-6704 post type-post status-publish format-standard hentry category-noutati-auto tag-huse-auto tag-huse-auto-la-comanda-2 tag-huse-auto-personalizate tag-huse-auto-premium\" role=\"listitem\">\n\t\t\t\t<div class=\"elementor-post__text\">\n\t\t\t\t<h3 class=\"elementor-post__title\">\n\t\t\t<a href=\"https:\/\/autointerior.eu\/ro\/noutati-auto\/huse-auto-renault-austral\/\" >\n\t\t\t\tHuse auto pentru Renault Austral 2026\t\t\t<\/a>\n\t\t<\/h3>\n\t\t\t\t<div class=\"elementor-post__meta-data\">\n\t\t\t\t\t<span class=\"elementor-post-date\">\n\t\t\t17 aprilie 2026\t\t<\/span>\n\t\t\t\t<span class=\"elementor-post-avatar\">\n\t\t\tNiciun comentariu\t\t<\/span>\n\t\t\t\t<\/div>\n\t\t\t\t<div class=\"elementor-post__excerpt\">\n\t\t\t<p>Huse auto pentru Renault Austral 2026 Alegerea unor huse auto potrivite pentru Renault Austral \u00eenseamn\u0103 a investi \u00een longevitatea unui SUV care a redefinit conceptul<\/p>\n\t\t<\/div>\n\t\t\n\t\t<a class=\"elementor-post__read-more\" href=\"https:\/\/autointerior.eu\/ro\/noutati-auto\/huse-auto-renault-austral\/\" aria-label=\"Read more about Huse auto pentru Renault Austral 2026\" tabindex=\"-1\" >\n\t\t\tRead More \u00bb\t\t<\/a>\n\n\t\t\t\t<\/div>\n\t\t\t\t<\/article>\n\t\t\t\t<article class=\"elementor-post elementor-grid-item post-6662 post type-post status-publish format-standard hentry category-noutati-auto tag-huse-auto tag-huse-auto-la-comanda-2 tag-huse-auto-personalizate tag-huse-auto-premium\" role=\"listitem\">\n\t\t\t\t<div class=\"elementor-post__text\">\n\t\t\t\t<h3 class=\"elementor-post__title\">\n\t\t\t<a href=\"https:\/\/autointerior.eu\/ro\/noutati-auto\/huse-auto-renault-captur\/\" >\n\t\t\t\tHuse auto pentru Renault Captur\t\t\t<\/a>\n\t\t<\/h3>\n\t\t\t\t<div class=\"elementor-post__meta-data\">\n\t\t\t\t\t<span class=\"elementor-post-date\">\n\t\t\t6 aprilie 2026\t\t<\/span>\n\t\t\t\t<span class=\"elementor-post-avatar\">\n\t\t\tNiciun comentariu\t\t<\/span>\n\t\t\t\t<\/div>\n\t\t\t\t<div class=\"elementor-post__excerpt\">\n\t\t\t<p>Huse auto pentru Renault Captur Adoptarea unor noi huse auto pentru Renault Captur reprezint\u0103 o alegere fundamental\u0103 pentru cei care doresc s\u0103 conserve estetica \u0219i<\/p>\n\t\t<\/div>\n\t\t\n\t\t<a class=\"elementor-post__read-more\" href=\"https:\/\/autointerior.eu\/ro\/noutati-auto\/huse-auto-renault-captur\/\" aria-label=\"Read more about Huse auto pentru Renault Captur\" tabindex=\"-1\" >\n\t\t\tRead More \u00bb\t\t<\/a>\n\n\t\t\t\t<\/div>\n\t\t\t\t<\/article>\n\t\t\t\t<article class=\"elementor-post elementor-grid-item post-6609 post type-post status-publish format-standard hentry category-noutati-auto tag-huse-auto tag-huse-auto-la-comanda-2 tag-huse-auto-personalizate tag-huse-auto-premium\" role=\"listitem\">\n\t\t\t\t<div class=\"elementor-post__text\">\n\t\t\t\t<h3 class=\"elementor-post__title\">\n\t\t\t<a href=\"https:\/\/autointerior.eu\/ro\/noutati-auto\/huse-auto-peugeot-5008\/\" >\n\t\t\t\tHuse auto pentru Peugeot 5008 2026\t\t\t<\/a>\n\t\t<\/h3>\n\t\t\t\t<div class=\"elementor-post__meta-data\">\n\t\t\t\t\t<span class=\"elementor-post-date\">\n\t\t\t10 martie 2026\t\t<\/span>\n\t\t\t\t<span class=\"elementor-post-avatar\">\n\t\t\tNiciun comentariu\t\t<\/span>\n\t\t\t\t<\/div>\n\t\t\t\t<div class=\"elementor-post__excerpt\">\n\t\t\t<p>Husele auto la comand\u0103 pentru noul Peugeot 5008 reprezint\u0103 o alegere strategic\u0103 pentru oricine dore\u0219te s\u0103 \u00eembine elegan\u021ba unui SUV de mari dimensiuni cu practicalitatea<\/p>\n\t\t<\/div>\n\t\t\n\t\t<a class=\"elementor-post__read-more\" href=\"https:\/\/autointerior.eu\/ro\/noutati-auto\/huse-auto-peugeot-5008\/\" aria-label=\"Read more about Huse auto pentru Peugeot 5008 2026\" tabindex=\"-1\" >\n\t\t\tRead More \u00bb\t\t<\/a>\n\n\t\t\t\t<\/div>\n\t\t\t\t<\/article>\n\t\t\t\t<article class=\"elementor-post elementor-grid-item post-6586 post type-post status-publish format-standard hentry category-noutati-auto tag-huse-auto tag-huse-auto-la-comanda-2 tag-huse-auto-personalizate tag-huse-auto-premium\" role=\"listitem\">\n\t\t\t\t<div class=\"elementor-post__text\">\n\t\t\t\t<h3 class=\"elementor-post__title\">\n\t\t\t<a href=\"https:\/\/autointerior.eu\/ro\/noutati-auto\/huse-auto-peugeot-3008\/\" >\n\t\t\t\tHuse auto pentru Peugeot 3008 2026\t\t\t<\/a>\n\t\t<\/h3>\n\t\t\t\t<div class=\"elementor-post__meta-data\">\n\t\t\t\t\t<span class=\"elementor-post-date\">\n\t\t\t25 februarie 2026\t\t<\/span>\n\t\t\t\t<span class=\"elementor-post-avatar\">\n\t\t\tNiciun comentariu\t\t<\/span>\n\t\t\t\t<\/div>\n\t\t\t\t<div class=\"elementor-post__excerpt\">\n\t\t\t<p>Husele auto pentru noul Peugeot 3008 reprezint\u0103 un element fundamental pentru cei care inten\u021bioneaz\u0103 s\u0103 conserve avangarda stilistic\u0103 \u0219i confortul unuia dintre cele mai inovatoare<\/p>\n\t\t<\/div>\n\t\t\n\t\t<a class=\"elementor-post__read-more\" href=\"https:\/\/autointerior.eu\/ro\/noutati-auto\/huse-auto-peugeot-3008\/\" aria-label=\"Read more about Huse auto pentru Peugeot 3008 2026\" tabindex=\"-1\" >\n\t\t\tRead More \u00bb\t\t<\/a>\n\n\t\t\t\t<\/div>\n\t\t\t\t<\/article>\n\t\t\t\t<article class=\"elementor-post elementor-grid-item post-6574 post type-post status-publish format-standard hentry category-noutati-auto tag-huse-auto tag-huse-auto-la-comanda-2 tag-huse-auto-personalizate tag-huse-auto-premium\" role=\"listitem\">\n\t\t\t\t<div class=\"elementor-post__text\">\n\t\t\t\t<h3 class=\"elementor-post__title\">\n\t\t\t<a href=\"https:\/\/autointerior.eu\/ro\/noutati-auto\/huse-auto-peugeot-2008\/\" >\n\t\t\t\tHuse auto pentru Peugeot 2008 2025\t\t\t<\/a>\n\t\t<\/h3>\n\t\t\t\t<div class=\"elementor-post__meta-data\">\n\t\t\t\t\t<span class=\"elementor-post-date\">\n\t\t\t24 februarie 2026\t\t<\/span>\n\t\t\t\t<span class=\"elementor-post-avatar\">\n\t\t\tNiciun comentariu\t\t<\/span>\n\t\t\t\t<\/div>\n\t\t\t\t<div class=\"elementor-post__excerpt\">\n\t\t\t<p>Husele auto pentru Peugeot 2008 reprezint\u0103 un accesoriu indispensabil pentru cei care doresc s\u0103 men\u021bin\u0103 farmecul \u0219i func\u021bionalitatea unuia dintre cele mai apreciate SUV-uri compacte<\/p>\n\t\t<\/div>\n\t\t\n\t\t<a class=\"elementor-post__read-more\" href=\"https:\/\/autointerior.eu\/ro\/noutati-auto\/huse-auto-peugeot-2008\/\" aria-label=\"Read more about Huse auto pentru Peugeot 2008 2025\" tabindex=\"-1\" >\n\t\t\tRead More \u00bb\t\t<\/a>\n\n\t\t\t\t<\/div>\n\t\t\t\t<\/article>\n\t\t\t\t<\/div>\n\t\t\n\t\t\t\t\t\t<\/div>\n\t\t\t\t<\/div>\n\t\t\t\t<\/div>\n\t\t<div class=\"elementor-element elementor-element-5a4713b e-con-full e-flex e-con e-child\" data-id=\"5a4713b\" data-element_type=\"container\" data-e-type=\"container\">\n\t\t\t\t<div class=\"elementor-element elementor-element-cbcd190 elementor-grid-1 elementor-grid-tablet-2 elementor-grid-mobile-1 elementor-posts--thumbnail-top elementor-widget elementor-widget-archive-posts\" data-id=\"cbcd190\" data-element_type=\"widget\" data-e-type=\"widget\" data-settings=\"{&quot;archive_classic_columns&quot;:&quot;1&quot;,&quot;archive_classic_columns_tablet&quot;:&quot;2&quot;,&quot;archive_classic_columns_mobile&quot;:&quot;1&quot;,&quot;archive_classic_row_gap&quot;:{&quot;unit&quot;:&quot;px&quot;,&quot;size&quot;:35,&quot;sizes&quot;:[]},&quot;archive_classic_row_gap_tablet&quot;:{&quot;unit&quot;:&quot;px&quot;,&quot;size&quot;:&quot;&quot;,&quot;sizes&quot;:[]},&quot;archive_classic_row_gap_mobile&quot;:{&quot;unit&quot;:&quot;px&quot;,&quot;size&quot;:&quot;&quot;,&quot;sizes&quot;:[]},&quot;pagination_type&quot;:&quot;numbers&quot;}\" data-widget_type=\"archive-posts.archive_classic\">\n\t\t\t\t<div class=\"elementor-widget-container\">\n\t\t\t\t\t\t\t<div class=\"elementor-posts-container elementor-posts elementor-posts--skin-classic elementor-grid\" role=\"list\">\n\t\t\t\t\t\t<div class=\"elementor-posts-nothing-found\">\n\t\t\t\t\tIt seems we can\u2019t find what you\u2019re looking for.\t\t\t\t<\/div>\n\t\t\t\t\t<\/div>\n\t\t\n\t\t\t\t\t\t<\/div>\n\t\t\t\t<\/div>\n\t\t\t\t<\/div>\n\t\t\t\t\t<\/div>\n\t\t\t\t<\/div>\n\t\t\t\t<\/div>\n\t\t","protected":false},"excerpt":{"rendered":"","protected":false},"author":1,"featured_media":0,"parent":0,"menu_order":0,"comment_status":"closed","ping_status":"closed","template":"","meta":{"footnotes":""},"class_list":["post-3163","page","type-page","status-publish","hentry"],"yoast_head":"<!-- This site is optimized with the Yoast SEO plugin v27.4 - https:\/\/yoast.com\/product\/yoast-seo-wordpress\/ -->\n<title>Nout\u0103\u021bi huse auto \u2013 \u0218tiri \u0219i articole | AutoInterior<\/title>\n<meta name=\"description\" content=\"Afl\u0103 cele mai recente nout\u0103\u021bi despre huse auto. Produse noi, materiale \u0219i informa\u021bii utile de la AutoInterior.\" \/>\n<meta name=\"robots\" content=\"index, follow, max-snippet:-1, max-image-preview:large, max-video-preview:-1\" \/>\n<link rel=\"canonical\" href=\"https:\/\/autointerior.eu\/ro\/noutati\/\" \/>\n<meta property=\"og:locale\" content=\"ro_RO\" \/>\n<meta property=\"og:type\" content=\"article\" \/>\n<meta property=\"og:title\" content=\"Nout\u0103\u021bi huse auto \u2013 \u0218tiri \u0219i articole | AutoInterior\" \/>\n<meta property=\"og:description\" content=\"Afl\u0103 cele mai recente nout\u0103\u021bi despre huse auto. Produse noi, materiale \u0219i informa\u021bii utile de la AutoInterior.\" \/>\n<meta property=\"og:url\" content=\"https:\/\/autointerior.eu\/ro\/noutati\/\" \/>\n<meta property=\"og:site_name\" content=\"autointerior.eu\" \/>\n<meta property=\"article:modified_time\" content=\"2026-01-13T07:36:22+00:00\" \/>\n<meta name=\"twitter:card\" content=\"summary_large_image\" \/>\n<script type=\"application\/ld+json\" class=\"yoast-schema-graph\">{\"@context\":\"https:\\\/\\\/schema.org\",\"@graph\":[{\"@type\":\"WebPage\",\"@id\":\"https:\\\/\\\/autointerior.eu\\\/ro\\\/noutati\\\/\",\"url\":\"https:\\\/\\\/autointerior.eu\\\/ro\\\/noutati\\\/\",\"name\":\"Nout\u0103\u021bi huse auto \u2013 \u0218tiri \u0219i articole | AutoInterior\",\"isPartOf\":{\"@id\":\"https:\\\/\\\/autointerior.eu\\\/#website\"},\"datePublished\":\"2025-04-03T04:32:30+00:00\",\"dateModified\":\"2026-01-13T07:36:22+00:00\",\"description\":\"Afl\u0103 cele mai recente nout\u0103\u021bi despre huse auto. Produse noi, materiale \u0219i informa\u021bii utile de la AutoInterior.\",\"breadcrumb\":{\"@id\":\"https:\\\/\\\/autointerior.eu\\\/ro\\\/noutati\\\/#breadcrumb\"},\"inLanguage\":\"ro-RO\",\"potentialAction\":[{\"@type\":\"ReadAction\",\"target\":[\"https:\\\/\\\/autointerior.eu\\\/ro\\\/noutati\\\/\"]}]},{\"@type\":\"BreadcrumbList\",\"@id\":\"https:\\\/\\\/autointerior.eu\\\/ro\\\/noutati\\\/#breadcrumb\",\"itemListElement\":[{\"@type\":\"ListItem\",\"position\":1,\"name\":\"Home\",\"item\":\"https:\\\/\\\/autointerior.eu\\\/ro\\\/\"},{\"@type\":\"ListItem\",\"position\":2,\"name\":\"Noutati\"}]},{\"@type\":\"WebSite\",\"@id\":\"https:\\\/\\\/autointerior.eu\\\/#website\",\"url\":\"https:\\\/\\\/autointerior.eu\\\/\",\"name\":\"autointerior.eu\",\"description\":\"Custom car seat covers \u2013 Perfect fit and premium quality\",\"potentialAction\":[{\"@type\":\"SearchAction\",\"target\":{\"@type\":\"EntryPoint\",\"urlTemplate\":\"https:\\\/\\\/autointerior.eu\\\/?s={search_term_string}\"},\"query-input\":{\"@type\":\"PropertyValueSpecification\",\"valueRequired\":true,\"valueName\":\"search_term_string\"}}],\"inLanguage\":\"ro-RO\"}]}<\/script>\n<!-- \/ Yoast SEO plugin. -->","yoast_head_json":{"title":"Nout\u0103\u021bi huse auto \u2013 \u0218tiri \u0219i articole | AutoInterior","description":"Afl\u0103 cele mai recente nout\u0103\u021bi despre huse auto. Produse noi, materiale \u0219i informa\u021bii utile de la AutoInterior.","robots":{"index":"index","follow":"follow","max-snippet":"max-snippet:-1","max-image-preview":"max-image-preview:large","max-video-preview":"max-video-preview:-1"},"canonical":"https:\/\/autointerior.eu\/ro\/noutati\/","og_locale":"ro_RO","og_type":"article","og_title":"Nout\u0103\u021bi huse auto \u2013 \u0218tiri \u0219i articole | AutoInterior","og_description":"Afl\u0103 cele mai recente nout\u0103\u021bi despre huse auto. Produse noi, materiale \u0219i informa\u021bii utile de la AutoInterior.","og_url":"https:\/\/autointerior.eu\/ro\/noutati\/","og_site_name":"autointerior.eu","article_modified_time":"2026-01-13T07:36:22+00:00","twitter_card":"summary_large_image","schema":{"@context":"https:\/\/schema.org","@graph":[{"@type":"WebPage","@id":"https:\/\/autointerior.eu\/ro\/noutati\/","url":"https:\/\/autointerior.eu\/ro\/noutati\/","name":"Nout\u0103\u021bi huse auto \u2013 \u0218tiri \u0219i articole | AutoInterior","isPartOf":{"@id":"https:\/\/autointerior.eu\/#website"},"datePublished":"2025-04-03T04:32:30+00:00","dateModified":"2026-01-13T07:36:22+00:00","description":"Afl\u0103 cele mai recente nout\u0103\u021bi despre huse auto. Produse noi, materiale \u0219i informa\u021bii utile de la AutoInterior.","breadcrumb":{"@id":"https:\/\/autointerior.eu\/ro\/noutati\/#breadcrumb"},"inLanguage":"ro-RO","potentialAction":[{"@type":"ReadAction","target":["https:\/\/autointerior.eu\/ro\/noutati\/"]}]},{"@type":"BreadcrumbList","@id":"https:\/\/autointerior.eu\/ro\/noutati\/#breadcrumb","itemListElement":[{"@type":"ListItem","position":1,"name":"Home","item":"https:\/\/autointerior.eu\/ro\/"},{"@type":"ListItem","position":2,"name":"Noutati"}]},{"@type":"WebSite","@id":"https:\/\/autointerior.eu\/#website","url":"https:\/\/autointerior.eu\/","name":"autointerior.eu","description":"Custom car seat covers \u2013 Perfect fit and premium quality","potentialAction":[{"@type":"SearchAction","target":{"@type":"EntryPoint","urlTemplate":"https:\/\/autointerior.eu\/?s={search_term_string}"},"query-input":{"@type":"PropertyValueSpecification","valueRequired":true,"valueName":"search_term_string"}}],"inLanguage":"ro-RO"}]}},"jetpack_sharing_enabled":true,"_links":{"self":[{"href":"https:\/\/autointerior.eu\/ro\/wp-json\/wp\/v2\/pages\/3163","targetHints":{"allow":["GET"]}}],"collection":[{"href":"https:\/\/autointerior.eu\/ro\/wp-json\/wp\/v2\/pages"}],"about":[{"href":"https:\/\/autointerior.eu\/ro\/wp-json\/wp\/v2\/types\/page"}],"author":[{"embeddable":true,"href":"https:\/\/autointerior.eu\/ro\/wp-json\/wp\/v2\/users\/1"}],"replies":[{"embeddable":true,"href":"https:\/\/autointerior.eu\/ro\/wp-json\/wp\/v2\/comments?post=3163"}],"version-history":[{"count":2,"href":"https:\/\/autointerior.eu\/ro\/wp-json\/wp\/v2\/pages\/3163\/revisions"}],"predecessor-version":[{"id":4424,"href":"https:\/\/autointerior.eu\/ro\/wp-json\/wp\/v2\/pages\/3163\/revisions\/4424"}],"wp:attachment":[{"href":"https:\/\/autointerior.eu\/ro\/wp-json\/wp\/v2\/media?parent=3163"}],"curies":[{"name":"wp","href":"https:\/\/api.w.org\/{rel}","templated":true}]}}