{"id":3167,"date":"2025-04-03T04:32:21","date_gmt":"2025-04-03T04:32:21","guid":{"rendered":"https:\/\/autointerior.eu\/montaj\/"},"modified":"2026-01-13T07:30:01","modified_gmt":"2026-01-13T07:30:01","slug":"montaj","status":"publish","type":"page","link":"https:\/\/autointerior.eu\/ro\/montaj\/","title":{"rendered":"Montaj"},"content":{"rendered":"\t\t<div data-elementor-type=\"wp-page\" data-elementor-id=\"3167\" class=\"elementor elementor-3167 elementor-52\" data-elementor-post-type=\"page\">\n\t\t\t\t<div class=\"elementor-element elementor-element-6f80006 e-flex e-con-boxed e-con e-parent\" data-id=\"6f80006\" data-element_type=\"container\" data-e-type=\"container\">\n\t\t\t\t\t<div class=\"e-con-inner\">\n\t\t\t\t<div class=\"elementor-element elementor-element-2c90c89 elementor-widget elementor-widget-text-editor\" data-id=\"2c90c89\" data-element_type=\"widget\" data-e-type=\"widget\" data-widget_type=\"text-editor.default\">\n\t\t\t\t<div class=\"elementor-widget-container\">\n\t\t\t\t\t\t\t\t\t<p><strong>Instruc\u021biuni de montare pentru husele noastre personalizate<\/strong><\/p>\n<p>Montarea huselor noastre personalizate este un proces meticulos, care necesit\u0103 aten\u021bie la detalii \u0219i precizie. Pentru a asigura o potrivire perfect\u0103 \u0219i a evita eventuale probleme, urmeaz\u0103 aceste sfaturi rapide \u00eenainte de a \u00eencepe:<\/p>\n<ol>\n<li>\n<p><strong>Timp estimat&nbsp;<\/strong>: Procesul de montare poate dura \u00eentre 3 \u0219i 7 ore pentru un vehicul cu 5 locuri. Asigur\u0103-te c\u0103 ai suficient timp disponibil \u00eenainte de a \u00eencepe.<\/p>\n<\/li>\n<li>\n<p><strong>Efort de echip\u0103:<\/strong> &nbsp;Recomand\u0103m cu t\u0103rie ca montarea s\u0103 fie realizat\u0103 de dou\u0103 persoane. Acest lucru va face procesul mai u\u0219or \u0219i mai eficient.<\/p>\n<\/li>\n<li>\n<p><strong>Unelte necesare:&nbsp;<\/strong> Asigur\u0103-te c\u0103 ai o trus\u0103 de scule complet\u0103 preg\u0103tit\u0103 \u00eenainte de a \u00eencepe. Verific\u0103 dac\u0103 ai toate uneltele necesare pentru a evita \u00eent\u00e2rzierile \u00een timpul montajului.<\/p>\n<\/li>\n<li>\n<p>Pentru o potrivire perfect\u0103, este posibil s\u0103 fie necesar\u0103 <strong>demontarea scaunelor.&nbsp;<\/strong> La unele modele de ma\u0219ini, este posibil s\u0103 fie nevoie s\u0103 deconectezi bateria de 12V pentru a evita erorile pe bord.<\/p>\n<ul>\n<li><strong>Important:&nbsp; <\/strong>\u00ce\u021bi recomand\u0103m cu t\u0103rie s\u0103 ne contactezi pentru instruc\u021biuni specifice modelului t\u0103u de ma\u0219in\u0103, \u00eenainte de a \u00eencepe montajul. Acest lucru te va ajuta s\u0103 evi\u021bi complica\u021biile \u0219i s\u0103 ob\u021bii cele mai bune rezultate.<\/li>\n<\/ul>\n<\/li>\n<li>\n<p><strong>C\u0103lcatul dup\u0103 montaj:<br><br><\/strong><\/p>\n<ul>\n<li><strong>Pentru un aspect optim<\/strong>, &nbsp;recomand\u0103m c\u0103lcarea cu aburi a huselor dup\u0103 montaj, \u00een special a p\u0103r\u021bilor din textil \u0219i Alcantara.<\/li>\n<li><strong>P\u0103r\u021bi din piele natural\u0103 \u0219i imita\u021bie de piele:&nbsp;<\/strong><br>Pentru materialele din piele natural\u0103 \u0219i imita\u021bie de piele, recomand\u0103m folosirea unui aparat profesional de c\u0103lcat la temperatur\u0103 medie.\n<ul>\n<li><strong>Piele natural\u0103:&nbsp;<\/strong><br>Poate suporta temperaturi mai ridicate, a\u0219adar po\u021bi aplica o presiune mai mare dac\u0103 este necesar.<\/li>\n<li><strong>Imita\u021bie piele&nbsp;:<\/strong> Trebuie \u00eenc\u0103lzit\u0103 cu grij\u0103 pentru a evita topirea. Aplic\u0103 c\u0103ldura u\u0219or pentru a te asigura c\u0103 materialul r\u0103m\u00e2ne intact.<\/li><li><br><\/li>\n<\/ul>\n<\/li>\n<\/ul>\n<\/li>\n<\/ol>\n<p>Oferim instruc\u021biuni specifice adaptate fiec\u0103rui model de ma\u0219in\u0103. Te rug\u0103m s\u0103 ne contactezi pentru instruc\u021biunile corecte \u00een func\u021bie de vehiculul t\u0103u.<\/p>\t\t\t\t\t\t\t\t<\/div>\n\t\t\t\t<\/div>\n\t\t\t\t\t<\/div>\n\t\t\t\t<\/div>\n\t\t\t\t<\/div>\n\t\t","protected":false},"excerpt":{"rendered":"<p>Instruc\u021biuni de montare pentru husele noastre personalizate Montarea huselor noastre personalizate este un proces meticulos, care necesit\u0103 aten\u021bie la detalii \u0219i precizie. Pentru a asigura o potrivire perfect\u0103 \u0219i a evita eventuale probleme, urmeaz\u0103 aceste sfaturi rapide \u00eenainte de a \u00eencepe: Timp estimat&nbsp;: Procesul de montare poate dura \u00eentre 3 \u0219i 7 ore pentru un [&hellip;]<\/p>\n","protected":false},"author":1,"featured_media":0,"parent":0,"menu_order":0,"comment_status":"closed","ping_status":"closed","template":"","meta":{"footnotes":""},"class_list":["post-3167","page","type-page","status-publish","hentry"],"yoast_head":"<!-- This site is optimized with the Yoast SEO plugin v27.4 - https:\/\/yoast.com\/product\/yoast-seo-wordpress\/ -->\n<title>Car Seat Cover Installation \u2013 Fitting Guide | AutoInterior<\/title>\n<meta name=\"description\" content=\"Car seat cover installation guide. Step-by-step fitting instructions for a secure fit and perfect alignment.\" \/>\n<meta name=\"robots\" content=\"index, follow, max-snippet:-1, max-image-preview:large, max-video-preview:-1\" \/>\n<link rel=\"canonical\" href=\"https:\/\/autointerior.eu\/ro\/montaj\/\" \/>\n<meta property=\"og:locale\" content=\"ro_RO\" \/>\n<meta property=\"og:type\" content=\"article\" \/>\n<meta property=\"og:title\" content=\"Car Seat Cover Installation \u2013 Fitting Guide | AutoInterior\" \/>\n<meta property=\"og:description\" content=\"Car seat cover installation guide. Step-by-step fitting instructions for a secure fit and perfect alignment.\" \/>\n<meta property=\"og:url\" content=\"https:\/\/autointerior.eu\/ro\/montaj\/\" \/>\n<meta property=\"og:site_name\" content=\"autointerior.eu\" \/>\n<meta property=\"article:modified_time\" content=\"2026-01-13T07:30:01+00:00\" \/>\n<meta name=\"twitter:card\" content=\"summary_large_image\" \/>\n<meta name=\"twitter:label1\" content=\"Timp estimat pentru citire\" \/>\n\t<meta name=\"twitter:data1\" content=\"2 minute\" \/>\n<script type=\"application\/ld+json\" class=\"yoast-schema-graph\">{\"@context\":\"https:\\\/\\\/schema.org\",\"@graph\":[{\"@type\":\"WebPage\",\"@id\":\"https:\\\/\\\/autointerior.eu\\\/ro\\\/montaj\\\/\",\"url\":\"https:\\\/\\\/autointerior.eu\\\/ro\\\/montaj\\\/\",\"name\":\"Car Seat Cover Installation \u2013 Fitting Guide | AutoInterior\",\"isPartOf\":{\"@id\":\"https:\\\/\\\/autointerior.eu\\\/#website\"},\"datePublished\":\"2025-04-03T04:32:21+00:00\",\"dateModified\":\"2026-01-13T07:30:01+00:00\",\"description\":\"Car seat cover installation guide. Step-by-step fitting instructions for a secure fit and perfect alignment.\",\"breadcrumb\":{\"@id\":\"https:\\\/\\\/autointerior.eu\\\/ro\\\/montaj\\\/#breadcrumb\"},\"inLanguage\":\"ro-RO\",\"potentialAction\":[{\"@type\":\"ReadAction\",\"target\":[\"https:\\\/\\\/autointerior.eu\\\/ro\\\/montaj\\\/\"]}]},{\"@type\":\"BreadcrumbList\",\"@id\":\"https:\\\/\\\/autointerior.eu\\\/ro\\\/montaj\\\/#breadcrumb\",\"itemListElement\":[{\"@type\":\"ListItem\",\"position\":1,\"name\":\"Home\",\"item\":\"https:\\\/\\\/autointerior.eu\\\/ro\\\/\"},{\"@type\":\"ListItem\",\"position\":2,\"name\":\"Montaj\"}]},{\"@type\":\"WebSite\",\"@id\":\"https:\\\/\\\/autointerior.eu\\\/#website\",\"url\":\"https:\\\/\\\/autointerior.eu\\\/\",\"name\":\"autointerior.eu\",\"description\":\"Custom car seat covers \u2013 Perfect fit and premium quality\",\"potentialAction\":[{\"@type\":\"SearchAction\",\"target\":{\"@type\":\"EntryPoint\",\"urlTemplate\":\"https:\\\/\\\/autointerior.eu\\\/?s={search_term_string}\"},\"query-input\":{\"@type\":\"PropertyValueSpecification\",\"valueRequired\":true,\"valueName\":\"search_term_string\"}}],\"inLanguage\":\"ro-RO\"}]}<\/script>\n<!-- \/ Yoast SEO plugin. -->","yoast_head_json":{"title":"Car Seat Cover Installation \u2013 Fitting Guide | AutoInterior","description":"Car seat cover installation guide. Step-by-step fitting instructions for a secure fit and perfect alignment.","robots":{"index":"index","follow":"follow","max-snippet":"max-snippet:-1","max-image-preview":"max-image-preview:large","max-video-preview":"max-video-preview:-1"},"canonical":"https:\/\/autointerior.eu\/ro\/montaj\/","og_locale":"ro_RO","og_type":"article","og_title":"Car Seat Cover Installation \u2013 Fitting Guide | AutoInterior","og_description":"Car seat cover installation guide. Step-by-step fitting instructions for a secure fit and perfect alignment.","og_url":"https:\/\/autointerior.eu\/ro\/montaj\/","og_site_name":"autointerior.eu","article_modified_time":"2026-01-13T07:30:01+00:00","twitter_card":"summary_large_image","twitter_misc":{"Timp estimat pentru citire":"2 minute"},"schema":{"@context":"https:\/\/schema.org","@graph":[{"@type":"WebPage","@id":"https:\/\/autointerior.eu\/ro\/montaj\/","url":"https:\/\/autointerior.eu\/ro\/montaj\/","name":"Car Seat Cover Installation \u2013 Fitting Guide | AutoInterior","isPartOf":{"@id":"https:\/\/autointerior.eu\/#website"},"datePublished":"2025-04-03T04:32:21+00:00","dateModified":"2026-01-13T07:30:01+00:00","description":"Car seat cover installation guide. Step-by-step fitting instructions for a secure fit and perfect alignment.","breadcrumb":{"@id":"https:\/\/autointerior.eu\/ro\/montaj\/#breadcrumb"},"inLanguage":"ro-RO","potentialAction":[{"@type":"ReadAction","target":["https:\/\/autointerior.eu\/ro\/montaj\/"]}]},{"@type":"BreadcrumbList","@id":"https:\/\/autointerior.eu\/ro\/montaj\/#breadcrumb","itemListElement":[{"@type":"ListItem","position":1,"name":"Home","item":"https:\/\/autointerior.eu\/ro\/"},{"@type":"ListItem","position":2,"name":"Montaj"}]},{"@type":"WebSite","@id":"https:\/\/autointerior.eu\/#website","url":"https:\/\/autointerior.eu\/","name":"autointerior.eu","description":"Custom car seat covers \u2013 Perfect fit and premium quality","potentialAction":[{"@type":"SearchAction","target":{"@type":"EntryPoint","urlTemplate":"https:\/\/autointerior.eu\/?s={search_term_string}"},"query-input":{"@type":"PropertyValueSpecification","valueRequired":true,"valueName":"search_term_string"}}],"inLanguage":"ro-RO"}]}},"jetpack_sharing_enabled":true,"_links":{"self":[{"href":"https:\/\/autointerior.eu\/ro\/wp-json\/wp\/v2\/pages\/3167","targetHints":{"allow":["GET"]}}],"collection":[{"href":"https:\/\/autointerior.eu\/ro\/wp-json\/wp\/v2\/pages"}],"about":[{"href":"https:\/\/autointerior.eu\/ro\/wp-json\/wp\/v2\/types\/page"}],"author":[{"embeddable":true,"href":"https:\/\/autointerior.eu\/ro\/wp-json\/wp\/v2\/users\/1"}],"replies":[{"embeddable":true,"href":"https:\/\/autointerior.eu\/ro\/wp-json\/wp\/v2\/comments?post=3167"}],"version-history":[{"count":2,"href":"https:\/\/autointerior.eu\/ro\/wp-json\/wp\/v2\/pages\/3167\/revisions"}],"predecessor-version":[{"id":3356,"href":"https:\/\/autointerior.eu\/ro\/wp-json\/wp\/v2\/pages\/3167\/revisions\/3356"}],"wp:attachment":[{"href":"https:\/\/autointerior.eu\/ro\/wp-json\/wp\/v2\/media?parent=3167"}],"curies":[{"name":"wp","href":"https:\/\/api.w.org\/{rel}","templated":true}]}}