{"id":3169,"date":"2025-04-03T04:31:31","date_gmt":"2025-04-03T04:31:31","guid":{"rendered":"https:\/\/autointerior.eu\/cum-se-fabrica\/"},"modified":"2026-01-13T07:33:10","modified_gmt":"2026-01-13T07:33:10","slug":"cum-se-fabrica","status":"publish","type":"page","link":"https:\/\/autointerior.eu\/ro\/cum-se-fabrica\/","title":{"rendered":"Cum se fabric\u0103"},"content":{"rendered":"\t\t<div data-elementor-type=\"wp-page\" data-elementor-id=\"3169\" class=\"elementor elementor-3169 elementor-48\" data-elementor-post-type=\"page\">\n\t\t\t\t<div class=\"elementor-element elementor-element-d270d09 e-flex e-con-boxed e-con e-parent\" data-id=\"d270d09\" data-element_type=\"container\" data-e-type=\"container\">\n\t\t\t\t\t<div class=\"e-con-inner\">\n\t\t<div class=\"elementor-element elementor-element-f639028 e-con-full e-flex e-con e-child\" data-id=\"f639028\" data-element_type=\"container\" data-e-type=\"container\">\n\t\t\t\t<div class=\"elementor-element elementor-element-6b4084d elementor-widget elementor-widget-heading\" data-id=\"6b4084d\" data-element_type=\"widget\" data-e-type=\"widget\" data-widget_type=\"heading.default\">\n\t\t\t\t<div class=\"elementor-widget-container\">\n\t\t\t\t\t<h2 class=\"elementor-heading-title elementor-size-default\">Exist\u0103 patru motive solide pentru a alege husele noastre auto:<\/h2>\t\t\t\t<\/div>\n\t\t\t\t<\/div>\n\t\t\t\t<\/div>\n\t\t\t\t\t<\/div>\n\t\t\t\t<\/div>\n\t\t<div class=\"elementor-element elementor-element-3b50e45 e-flex e-con-boxed e-con e-parent\" data-id=\"3b50e45\" data-element_type=\"container\" data-e-type=\"container\">\n\t\t\t\t\t<div class=\"e-con-inner\">\n\t\t<div class=\"elementor-element elementor-element-83650ba e-con-full e-flex e-con e-child\" data-id=\"83650ba\" data-element_type=\"container\" data-e-type=\"container\">\n\t\t\t\t<div class=\"elementor-element elementor-element-12ad92c elementor-widget elementor-widget-image\" data-id=\"12ad92c\" data-element_type=\"widget\" data-e-type=\"widget\" data-widget_type=\"image.default\">\n\t\t\t\t<div class=\"elementor-widget-container\">\n\t\t\t\t\t\t\t\t\t\t\t\t\t\t\t<img fetchpriority=\"high\" decoding=\"async\" width=\"800\" height=\"600\" src=\"https:\/\/autointerior.eu\/wp-content\/uploads\/2025\/05\/scan-1024x768-1.jpg\" class=\"attachment-large size-large wp-image-2532\" alt=\"\" srcset=\"https:\/\/autointerior.eu\/wp-content\/uploads\/2025\/05\/scan-1024x768-1.jpg 1024w, https:\/\/autointerior.eu\/wp-content\/uploads\/2025\/05\/scan-1024x768-1-600x450.jpg 600w, https:\/\/autointerior.eu\/wp-content\/uploads\/2025\/05\/scan-1024x768-1-300x225.jpg 300w, https:\/\/autointerior.eu\/wp-content\/uploads\/2025\/05\/scan-1024x768-1-768x576.jpg 768w\" sizes=\"(max-width: 800px) 100vw, 800px\" \/>\t\t\t\t\t\t\t\t\t\t\t\t\t\t\t<\/div>\n\t\t\t\t<\/div>\n\t\t\t\t<div class=\"elementor-element elementor-element-a00406b elementor-widget elementor-widget-text-editor\" data-id=\"a00406b\" data-element_type=\"widget\" data-e-type=\"widget\" data-widget_type=\"text-editor.default\">\n\t\t\t\t<div class=\"elementor-widget-container\">\n\t\t\t\t\t\t\t\t\t<p><span style=\"color: #000000;\">Folosim tehnologie avansat\u0103 de scanare 3D pentru a fabrica huse auto personalizate cu o precizie excep\u021bional\u0103 de 0,2 mm, garant\u00e2nd o potrivire perfect\u0103.<\/span><\/p>\t\t\t\t\t\t\t\t<\/div>\n\t\t\t\t<\/div>\n\t\t\t\t<\/div>\n\t\t<div class=\"elementor-element elementor-element-9f60fc4 e-con-full e-flex e-con e-child\" data-id=\"9f60fc4\" data-element_type=\"container\" data-e-type=\"container\">\n\t\t\t\t<div class=\"elementor-element elementor-element-6a423fb elementor-widget elementor-widget-image\" data-id=\"6a423fb\" data-element_type=\"widget\" data-e-type=\"widget\" data-widget_type=\"image.default\">\n\t\t\t\t<div class=\"elementor-widget-container\">\n\t\t\t\t\t\t\t\t\t\t\t\t\t\t\t<img decoding=\"async\" width=\"800\" height=\"600\" data-src=\"https:\/\/autointerior.eu\/wp-content\/uploads\/2025\/05\/leather-1024x768-1.jpg\" class=\"attachment-large size-large wp-image-2524 lazyload\" alt=\"\" data-srcset=\"https:\/\/autointerior.eu\/wp-content\/uploads\/2025\/05\/leather-1024x768-1.jpg 1024w, https:\/\/autointerior.eu\/wp-content\/uploads\/2025\/05\/leather-1024x768-1-600x450.jpg 600w, https:\/\/autointerior.eu\/wp-content\/uploads\/2025\/05\/leather-1024x768-1-300x225.jpg 300w, https:\/\/autointerior.eu\/wp-content\/uploads\/2025\/05\/leather-1024x768-1-768x576.jpg 768w\" data-sizes=\"(max-width: 800px) 100vw, 800px\" src=\"data:image\/svg+xml;base64,PHN2ZyB3aWR0aD0iMSIgaGVpZ2h0PSIxIiB4bWxucz0iaHR0cDovL3d3dy53My5vcmcvMjAwMC9zdmciPjwvc3ZnPg==\" style=\"--smush-placeholder-width: 800px; --smush-placeholder-aspect-ratio: 800\/600;\" \/>\t\t\t\t\t\t\t\t\t\t\t\t\t\t\t<\/div>\n\t\t\t\t<\/div>\n\t\t\t\t<div class=\"elementor-element elementor-element-b491ac0 elementor-widget elementor-widget-text-editor\" data-id=\"b491ac0\" data-element_type=\"widget\" data-e-type=\"widget\" data-widget_type=\"text-editor.default\">\n\t\t\t\t<div class=\"elementor-widget-container\">\n\t\t\t\t\t\t\t\t\t<p><span style=\"color: #000000;\">Cre\u0103m interioare auto excep\u021bionale care combin\u0103 aspectul luxos al pielii naturale cu materiale originale precum pielea Nappa italian\u0103, Alcantara original\u0103, Dynaika Miko \u0219i textile auto, toate oferind o valoare remarcabil\u0103.<\/span><\/p>\t\t\t\t\t\t\t\t<\/div>\n\t\t\t\t<\/div>\n\t\t\t\t<\/div>\n\t\t<div class=\"elementor-element elementor-element-c05f59b e-con-full e-flex e-con e-child\" data-id=\"c05f59b\" data-element_type=\"container\" data-e-type=\"container\">\n\t\t\t\t<div class=\"elementor-element elementor-element-1f5e8c6 elementor-widget elementor-widget-image\" data-id=\"1f5e8c6\" data-element_type=\"widget\" data-e-type=\"widget\" data-widget_type=\"image.default\">\n\t\t\t\t<div class=\"elementor-widget-container\">\n\t\t\t\t\t\t\t\t\t\t\t\t\t\t\t<img decoding=\"async\" width=\"800\" height=\"600\" data-src=\"https:\/\/autointerior.eu\/wp-content\/uploads\/2025\/05\/masinadecusut-1024x768-1.jpg\" class=\"attachment-large size-large wp-image-2528 lazyload\" alt=\"\" data-srcset=\"https:\/\/autointerior.eu\/wp-content\/uploads\/2025\/05\/masinadecusut-1024x768-1.jpg 1024w, https:\/\/autointerior.eu\/wp-content\/uploads\/2025\/05\/masinadecusut-1024x768-1-600x450.jpg 600w, https:\/\/autointerior.eu\/wp-content\/uploads\/2025\/05\/masinadecusut-1024x768-1-300x225.jpg 300w, https:\/\/autointerior.eu\/wp-content\/uploads\/2025\/05\/masinadecusut-1024x768-1-768x576.jpg 768w\" data-sizes=\"(max-width: 800px) 100vw, 800px\" src=\"data:image\/svg+xml;base64,PHN2ZyB3aWR0aD0iMSIgaGVpZ2h0PSIxIiB4bWxucz0iaHR0cDovL3d3dy53My5vcmcvMjAwMC9zdmciPjwvc3ZnPg==\" style=\"--smush-placeholder-width: 800px; --smush-placeholder-aspect-ratio: 800\/600;\" \/>\t\t\t\t\t\t\t\t\t\t\t\t\t\t\t<\/div>\n\t\t\t\t<\/div>\n\t\t\t\t<div class=\"elementor-element elementor-element-4a0dd51 elementor-widget elementor-widget-text-editor\" data-id=\"4a0dd51\" data-element_type=\"widget\" data-e-type=\"widget\" data-widget_type=\"text-editor.default\">\n\t\t\t\t<div class=\"elementor-widget-container\">\n\t\t\t\t\t\t\t\t\t<p><span style=\"color: #000000;\">Aplic\u0103m procese de t\u0103iere de ultim\u0103 genera\u021bie pentru a personaliza husele noastre auto, folosind echipamente moderne \u0219i o echip\u0103 dedicat\u0103 de me\u0219te\u0219ugari.<\/span><\/p>\t\t\t\t\t\t\t\t<\/div>\n\t\t\t\t<\/div>\n\t\t\t\t<\/div>\n\t\t<div class=\"elementor-element elementor-element-2c6258e e-con-full e-flex e-con e-child\" data-id=\"2c6258e\" data-element_type=\"container\" data-e-type=\"container\">\n\t\t\t\t<div class=\"elementor-element elementor-element-519ce80 elementor-widget elementor-widget-image\" data-id=\"519ce80\" data-element_type=\"widget\" data-e-type=\"widget\" data-widget_type=\"image.default\">\n\t\t\t\t<div class=\"elementor-widget-container\">\n\t\t\t\t\t\t\t\t\t\t\t\t\t\t\t<img decoding=\"async\" width=\"800\" height=\"600\" data-src=\"https:\/\/autointerior.eu\/wp-content\/uploads\/2025\/05\/callcenter-1024x768-1.jpg\" class=\"attachment-large size-large wp-image-2520 lazyload\" alt=\"\" data-srcset=\"https:\/\/autointerior.eu\/wp-content\/uploads\/2025\/05\/callcenter-1024x768-1.jpg 1024w, https:\/\/autointerior.eu\/wp-content\/uploads\/2025\/05\/callcenter-1024x768-1-600x450.jpg 600w, https:\/\/autointerior.eu\/wp-content\/uploads\/2025\/05\/callcenter-1024x768-1-300x225.jpg 300w, https:\/\/autointerior.eu\/wp-content\/uploads\/2025\/05\/callcenter-1024x768-1-768x576.jpg 768w\" data-sizes=\"(max-width: 800px) 100vw, 800px\" src=\"data:image\/svg+xml;base64,PHN2ZyB3aWR0aD0iMSIgaGVpZ2h0PSIxIiB4bWxucz0iaHR0cDovL3d3dy53My5vcmcvMjAwMC9zdmciPjwvc3ZnPg==\" style=\"--smush-placeholder-width: 800px; --smush-placeholder-aspect-ratio: 800\/600;\" \/>\t\t\t\t\t\t\t\t\t\t\t\t\t\t\t<\/div>\n\t\t\t\t<\/div>\n\t\t\t\t<div class=\"elementor-element elementor-element-f762e2c elementor-widget elementor-widget-text-editor\" data-id=\"f762e2c\" data-element_type=\"widget\" data-e-type=\"widget\" data-widget_type=\"text-editor.default\">\n\t\t\t\t<div class=\"elementor-widget-container\">\n\t\t\t\t\t\t\t\t\t<p><span style=\"color: #000000;\">Echipa noastr\u0103 de suport pentru clien\u021bi te ajut\u0103 s\u0103 iei decizii informate, te ghideaz\u0103 \u00een procesul de achizi\u021bie \u0219i ofer\u0103 asisten\u021b\u0103 post-v\u00e2nzare, inclusiv pentru montajul produsului.<\/span><\/p>\t\t\t\t\t\t\t\t<\/div>\n\t\t\t\t<\/div>\n\t\t\t\t<\/div>\n\t\t\t\t\t<\/div>\n\t\t\t\t<\/div>\n\t\t<div class=\"elementor-element elementor-element-59b9d74 e-flex e-con-boxed e-con e-parent\" data-id=\"59b9d74\" data-element_type=\"container\" data-e-type=\"container\">\n\t\t\t\t\t<div class=\"e-con-inner\">\n\t\t\t\t<div class=\"elementor-element elementor-element-5a58ac0 elementor-widget elementor-widget-text-editor\" data-id=\"5a58ac0\" data-element_type=\"widget\" data-e-type=\"widget\" data-widget_type=\"text-editor.default\">\n\t\t\t\t<div class=\"elementor-widget-container\">\n\t\t\t\t\t\t\t\t\t<p><strong> <\/strong><\/p><p><strong>Suntem o echip\u0103 dinamic\u0103 de exper\u021bi \u00een interioare auto, cu o experien\u021b\u0103 de 14 ani, specializa\u021bi \u00een montaj \u0219i v\u00e2nz\u0103ri. \u00cen 2020, ne-am extins \u00een produc\u021bie, folosind cele mai noi tehnologii din industria auto. Datorit\u0103 dedic\u0103rii noastre pentru inova\u021bie, am reu\u0219it s\u0103 livr\u0103m produse incredibile, cu progrese tehnologice de ultim\u0103 or\u0103, rezult\u00e2nd \u00een interioare auto premium ca niciodat\u0103 p\u00e2n\u0103 acum.<\/strong><\/p><p><strong>1.Identificarea modelului: Primul pas const\u0103 \u00een identificarea modelului ma\u0219inii clientului, a tipului de scaune \u0219i a configura\u021biei dorite.<\/strong> Acest lucru ne permite s\u0103 c\u0103ut\u0103m modelul exact \u00een re\u021belele dealerilor auto \u0219i s\u0103 stabilim modelul corect de \u0219ablon.<\/p><p>2. <strong>Scanare 3D<\/strong> \u0219i creare de \u0219ablon: Continu\u0103m cu scanarea 3D, care dureaz\u0103 de obicei \u00eentre 5 \u0219i 6 ore. Crearea \u0219ablonului este un proces meticulos care dureaz\u0103 aproximativ 16\u201320 de ore. De\u0219i avem deja numeroase \u0219abloane documentate, cre\u0103m anual \u00eentre 120 \u0219i 170 de modele noi.<\/p><p><strong>3. Selectarea \u0219i preg\u0103tirea materialelor: <\/strong>Alegem cu aten\u021bie pielea \u0219i celelalte materiale, pentru a ne asigura c\u0103 nu apar imperfec\u021biuni \u00een timpul t\u0103ierii. De\u0219i 80% dintre materialele noastre vin prelaminate cu un strat special \u00een 3 straturi, lamin\u0103m intern pielea \u0219i alte materiale speciale, \u00een atelierul propriu. Tehnica noastr\u0103 proprie de laminare \u00een 3 straturi spore\u0219te confortul \u0219i durabilitatea materialului.<\/p><p><strong>4. Precizia t\u0103ierii:<\/strong><br>Dup\u0103 ce materialele sunt preg\u0103tite, acestea sunt trimise \u00een camera de t\u0103iere, unde folosim o ma\u0219in\u0103 CNC specializat\u0103 care asigur\u0103 precizie constant\u0103 pe tot parcursul procesului.<\/p><p><strong>5. Cus\u0103turi de excelen\u021b\u0103<\/strong>: Departamentul nostru de cusut se m\u00e2ndre\u0219te cu preg\u0103tire \u0219i expertiz\u0103 de top. Folosind cele mai noi ma\u0219ini de cusut, echipa noastr\u0103 calificat\u0103 garanteaz\u0103 o execu\u021bie impecabil\u0103 pentru fiecare produs.<\/p><p><strong>6. Testare \u0219i ajust\u0103ri finale:<\/strong> Fiecare produs este supus unor teste riguroase \u00eenainte de livrare. Orice ajustare necesar\u0103 este f\u0103cut\u0103 \u00een aceast\u0103 etap\u0103, pentru ca fiecare client s\u0103 primeasc\u0103 doar ce e mai bun.<\/p><p><strong>7. Ambalare \u0219i livrare:<\/strong><br>Efectu\u0103m cu grij\u0103 o verificare final\u0103, ambal\u0103m accesoriile \u0219i produsul, \u0219i \u00eel preg\u0103tim atent pentru expedierea c\u0103tre destina\u021bie.<\/p>\t\t\t\t\t\t\t\t<\/div>\n\t\t\t\t<\/div>\n\t\t\t\t\t<\/div>\n\t\t\t\t<\/div>\n\t\t\t\t<\/div>\n\t\t","protected":false},"excerpt":{"rendered":"<p>Exist\u0103 patru motive solide pentru a alege husele noastre auto: Folosim tehnologie avansat\u0103 de scanare 3D pentru a fabrica huse auto personalizate cu o precizie excep\u021bional\u0103 de 0,2 mm, garant\u00e2nd o potrivire perfect\u0103. Cre\u0103m interioare auto excep\u021bionale care combin\u0103 aspectul luxos al pielii naturale cu materiale originale precum pielea Nappa italian\u0103, Alcantara original\u0103, Dynaika Miko [&hellip;]<\/p>\n","protected":false},"author":1,"featured_media":0,"parent":0,"menu_order":0,"comment_status":"closed","ping_status":"closed","template":"","meta":{"footnotes":""},"class_list":["post-3169","page","type-page","status-publish","hentry"],"yoast_head":"<!-- This site is optimized with the Yoast SEO plugin v27.4 - https:\/\/yoast.com\/product\/yoast-seo-wordpress\/ -->\n<title>Cum se fabric\u0103 huse auto \u2013 Procesul de produc\u021bie | AutoInterior<\/title>\n<meta name=\"description\" content=\"Descoper\u0103 cum se fabric\u0103 husele auto. Proces de produc\u021bie precis, materiale premium \u0219i aten\u021bie la detalii.\" \/>\n<meta name=\"robots\" content=\"index, follow, max-snippet:-1, max-image-preview:large, max-video-preview:-1\" \/>\n<link rel=\"canonical\" href=\"https:\/\/autointerior.eu\/ro\/cum-se-fabrica\/\" \/>\n<meta property=\"og:locale\" content=\"ro_RO\" \/>\n<meta property=\"og:type\" content=\"article\" \/>\n<meta property=\"og:title\" content=\"Cum se fabric\u0103 huse auto \u2013 Procesul de produc\u021bie | AutoInterior\" \/>\n<meta property=\"og:description\" content=\"Descoper\u0103 cum se fabric\u0103 husele auto. Proces de produc\u021bie precis, materiale premium \u0219i aten\u021bie la detalii.\" \/>\n<meta property=\"og:url\" content=\"https:\/\/autointerior.eu\/ro\/cum-se-fabrica\/\" \/>\n<meta property=\"og:site_name\" content=\"autointerior.eu\" \/>\n<meta property=\"article:modified_time\" content=\"2026-01-13T07:33:10+00:00\" \/>\n<meta property=\"og:image\" content=\"https:\/\/autointerior.eu\/wp-content\/uploads\/2025\/05\/scan-1024x768-1.jpg\" \/>\n<meta name=\"twitter:card\" content=\"summary_large_image\" \/>\n<meta name=\"twitter:label1\" content=\"Timp estimat pentru citire\" \/>\n\t<meta name=\"twitter:data1\" content=\"3 minute\" \/>\n<script type=\"application\/ld+json\" class=\"yoast-schema-graph\">{\"@context\":\"https:\\\/\\\/schema.org\",\"@graph\":[{\"@type\":\"WebPage\",\"@id\":\"https:\\\/\\\/autointerior.eu\\\/ro\\\/cum-se-fabrica\\\/\",\"url\":\"https:\\\/\\\/autointerior.eu\\\/ro\\\/cum-se-fabrica\\\/\",\"name\":\"Cum se fabric\u0103 huse auto \u2013 Procesul de produc\u021bie | AutoInterior\",\"isPartOf\":{\"@id\":\"https:\\\/\\\/autointerior.eu\\\/#website\"},\"primaryImageOfPage\":{\"@id\":\"https:\\\/\\\/autointerior.eu\\\/ro\\\/cum-se-fabrica\\\/#primaryimage\"},\"image\":{\"@id\":\"https:\\\/\\\/autointerior.eu\\\/ro\\\/cum-se-fabrica\\\/#primaryimage\"},\"thumbnailUrl\":\"https:\\\/\\\/autointerior.eu\\\/wp-content\\\/uploads\\\/2025\\\/05\\\/scan-1024x768-1.jpg\",\"datePublished\":\"2025-04-03T04:31:31+00:00\",\"dateModified\":\"2026-01-13T07:33:10+00:00\",\"description\":\"Descoper\u0103 cum se fabric\u0103 husele auto. Proces de produc\u021bie precis, materiale premium \u0219i aten\u021bie la detalii.\",\"breadcrumb\":{\"@id\":\"https:\\\/\\\/autointerior.eu\\\/ro\\\/cum-se-fabrica\\\/#breadcrumb\"},\"inLanguage\":\"ro-RO\",\"potentialAction\":[{\"@type\":\"ReadAction\",\"target\":[\"https:\\\/\\\/autointerior.eu\\\/ro\\\/cum-se-fabrica\\\/\"]}]},{\"@type\":\"ImageObject\",\"inLanguage\":\"ro-RO\",\"@id\":\"https:\\\/\\\/autointerior.eu\\\/ro\\\/cum-se-fabrica\\\/#primaryimage\",\"url\":\"https:\\\/\\\/autointerior.eu\\\/wp-content\\\/uploads\\\/2025\\\/05\\\/scan-1024x768-1.jpg\",\"contentUrl\":\"https:\\\/\\\/autointerior.eu\\\/wp-content\\\/uploads\\\/2025\\\/05\\\/scan-1024x768-1.jpg\"},{\"@type\":\"BreadcrumbList\",\"@id\":\"https:\\\/\\\/autointerior.eu\\\/ro\\\/cum-se-fabrica\\\/#breadcrumb\",\"itemListElement\":[{\"@type\":\"ListItem\",\"position\":1,\"name\":\"Home\",\"item\":\"https:\\\/\\\/autointerior.eu\\\/ro\\\/\"},{\"@type\":\"ListItem\",\"position\":2,\"name\":\"Cum se fabric\u0103\"}]},{\"@type\":\"WebSite\",\"@id\":\"https:\\\/\\\/autointerior.eu\\\/#website\",\"url\":\"https:\\\/\\\/autointerior.eu\\\/\",\"name\":\"autointerior.eu\",\"description\":\"Custom car seat covers \u2013 Perfect fit and premium quality\",\"potentialAction\":[{\"@type\":\"SearchAction\",\"target\":{\"@type\":\"EntryPoint\",\"urlTemplate\":\"https:\\\/\\\/autointerior.eu\\\/?s={search_term_string}\"},\"query-input\":{\"@type\":\"PropertyValueSpecification\",\"valueRequired\":true,\"valueName\":\"search_term_string\"}}],\"inLanguage\":\"ro-RO\"}]}<\/script>\n<!-- \/ Yoast SEO plugin. -->","yoast_head_json":{"title":"Cum se fabric\u0103 huse auto \u2013 Procesul de produc\u021bie | AutoInterior","description":"Descoper\u0103 cum se fabric\u0103 husele auto. Proces de produc\u021bie precis, materiale premium \u0219i aten\u021bie la detalii.","robots":{"index":"index","follow":"follow","max-snippet":"max-snippet:-1","max-image-preview":"max-image-preview:large","max-video-preview":"max-video-preview:-1"},"canonical":"https:\/\/autointerior.eu\/ro\/cum-se-fabrica\/","og_locale":"ro_RO","og_type":"article","og_title":"Cum se fabric\u0103 huse auto \u2013 Procesul de produc\u021bie | AutoInterior","og_description":"Descoper\u0103 cum se fabric\u0103 husele auto. Proces de produc\u021bie precis, materiale premium \u0219i aten\u021bie la detalii.","og_url":"https:\/\/autointerior.eu\/ro\/cum-se-fabrica\/","og_site_name":"autointerior.eu","article_modified_time":"2026-01-13T07:33:10+00:00","og_image":[{"url":"https:\/\/autointerior.eu\/wp-content\/uploads\/2025\/05\/scan-1024x768-1.jpg","type":"","width":"","height":""}],"twitter_card":"summary_large_image","twitter_misc":{"Timp estimat pentru citire":"3 minute"},"schema":{"@context":"https:\/\/schema.org","@graph":[{"@type":"WebPage","@id":"https:\/\/autointerior.eu\/ro\/cum-se-fabrica\/","url":"https:\/\/autointerior.eu\/ro\/cum-se-fabrica\/","name":"Cum se fabric\u0103 huse auto \u2013 Procesul de produc\u021bie | AutoInterior","isPartOf":{"@id":"https:\/\/autointerior.eu\/#website"},"primaryImageOfPage":{"@id":"https:\/\/autointerior.eu\/ro\/cum-se-fabrica\/#primaryimage"},"image":{"@id":"https:\/\/autointerior.eu\/ro\/cum-se-fabrica\/#primaryimage"},"thumbnailUrl":"https:\/\/autointerior.eu\/wp-content\/uploads\/2025\/05\/scan-1024x768-1.jpg","datePublished":"2025-04-03T04:31:31+00:00","dateModified":"2026-01-13T07:33:10+00:00","description":"Descoper\u0103 cum se fabric\u0103 husele auto. Proces de produc\u021bie precis, materiale premium \u0219i aten\u021bie la detalii.","breadcrumb":{"@id":"https:\/\/autointerior.eu\/ro\/cum-se-fabrica\/#breadcrumb"},"inLanguage":"ro-RO","potentialAction":[{"@type":"ReadAction","target":["https:\/\/autointerior.eu\/ro\/cum-se-fabrica\/"]}]},{"@type":"ImageObject","inLanguage":"ro-RO","@id":"https:\/\/autointerior.eu\/ro\/cum-se-fabrica\/#primaryimage","url":"https:\/\/autointerior.eu\/wp-content\/uploads\/2025\/05\/scan-1024x768-1.jpg","contentUrl":"https:\/\/autointerior.eu\/wp-content\/uploads\/2025\/05\/scan-1024x768-1.jpg"},{"@type":"BreadcrumbList","@id":"https:\/\/autointerior.eu\/ro\/cum-se-fabrica\/#breadcrumb","itemListElement":[{"@type":"ListItem","position":1,"name":"Home","item":"https:\/\/autointerior.eu\/ro\/"},{"@type":"ListItem","position":2,"name":"Cum se fabric\u0103"}]},{"@type":"WebSite","@id":"https:\/\/autointerior.eu\/#website","url":"https:\/\/autointerior.eu\/","name":"autointerior.eu","description":"Custom car seat covers \u2013 Perfect fit and premium quality","potentialAction":[{"@type":"SearchAction","target":{"@type":"EntryPoint","urlTemplate":"https:\/\/autointerior.eu\/?s={search_term_string}"},"query-input":{"@type":"PropertyValueSpecification","valueRequired":true,"valueName":"search_term_string"}}],"inLanguage":"ro-RO"}]}},"jetpack_sharing_enabled":true,"_links":{"self":[{"href":"https:\/\/autointerior.eu\/ro\/wp-json\/wp\/v2\/pages\/3169","targetHints":{"allow":["GET"]}}],"collection":[{"href":"https:\/\/autointerior.eu\/ro\/wp-json\/wp\/v2\/pages"}],"about":[{"href":"https:\/\/autointerior.eu\/ro\/wp-json\/wp\/v2\/types\/page"}],"author":[{"embeddable":true,"href":"https:\/\/autointerior.eu\/ro\/wp-json\/wp\/v2\/users\/1"}],"replies":[{"embeddable":true,"href":"https:\/\/autointerior.eu\/ro\/wp-json\/wp\/v2\/comments?post=3169"}],"version-history":[{"count":2,"href":"https:\/\/autointerior.eu\/ro\/wp-json\/wp\/v2\/pages\/3169\/revisions"}],"predecessor-version":[{"id":3363,"href":"https:\/\/autointerior.eu\/ro\/wp-json\/wp\/v2\/pages\/3169\/revisions\/3363"}],"wp:attachment":[{"href":"https:\/\/autointerior.eu\/ro\/wp-json\/wp\/v2\/media?parent=3169"}],"curies":[{"name":"wp","href":"https:\/\/api.w.org\/{rel}","templated":true}]}}